{"id":2001354,"date":"2018-10-23T12:30:47","date_gmt":"2018-10-23T10:30:47","guid":{"rendered":"https:\/\/de.tilta.com\/politicas-del-programa-de-afiliacion-de-tilta\/"},"modified":"2025-01-15T06:44:00","modified_gmt":"2025-01-15T05:44:00","slug":"program-policies","status":"publish","type":"page","link":"https:\/\/eu.tilta.com\/es\/affiliate-area\/program-policies\/","title":{"rendered":"Pol\u00edticas del Programa de Afiliaci\u00f3n de Tilta"},"content":{"rendered":"<p>&nbsp;<\/p>\n<p><strong>M\u00e9todos de promoci\u00f3n permitidos<\/strong><\/p>\n<p>\u00a1La forma en que promocionas Tilta se refleja en la comisi\u00f3n que ganas! Fomentamos el uso de m\u00e9todos promocionales que a\u00f1adan valor a Tilta y nos aporten clientes leg\u00edtimos y leales. Nos encanta cuando nuestro equipo de afiliados bloguea sobre marketing de afiliaci\u00f3n y menciona a Tilta.<\/p>\n<p>Aqu\u00ed tienes algunos ejemplos de incre\u00edbles m\u00e9todos promocionales para ganar m\u00e1s comisiones:<\/p>\n<ul>\n<li>Habla a tus clientes o amigos sobre Tilta y dales tu enlace de afiliaci\u00f3n.<\/li>\n<li>Escribe una rese\u00f1a o una entrada de blog sobre marketing de afiliaci\u00f3n o Tilta y enlaza a nuestro sitio con tu enlace de referencia<\/li>\n<li>Llega a un p\u00fablico amplio con tus cuentas en las redes sociales. Tweetea sobre nosotros en Twitter con tu enlace de referencia de afiliado, publica sobre nosotros en Facebook con tu enlace de afiliado, o comunica a tus seguidores de Linkedin sobre marketing de afiliaci\u00f3n con tu enlace de afiliado. \u00a1La promoci\u00f3n sin spam es una forma estupenda de conseguir m\u00e1s referencias!<\/li>\n<li>Aporta valor a los dem\u00e1s respondiendo a preguntas relacionadas en otros sitios con respuestas \u00fatiles, y utilizando tu enlace de referencia en tus respuestas.<\/li>\n<\/ul>\n<p>&nbsp;<\/p>\n<p><strong>M\u00e9todos de promoci\u00f3n prohibidos<\/strong><\/p>\n<p>Amamos y respaldamos nuestro producto al 100%, y somos muy cuidadosos con c\u00f3mo se promociona, \u00a1as\u00ed que queremos afiliados que tambi\u00e9n nos respalden al 100%! Los m\u00e9todos promocionales prohibidos que se enumeran a continuaci\u00f3n no pretenden asustarte, sino protegerte a ti, a nosotros y a nuestros clientes de cualquier actividad extra\u00f1a o fraudulenta, algo que nos tomamos muy en serio. Sabemos que lo entender\u00e1s. Aqu\u00ed est\u00e1n por escrito, por si no est\u00e1s totalmente seguro de lo que est\u00e1 permitido y lo que no.<\/p>\n<ul>\n<li><strong>Tilta no puede promocionarse en sitios de cupones<\/strong><\/li>\n<li><strong>Cualquier sitio web que utilice nombres de marcas o productos en el nombre de dominio<\/strong><br \/>\nSe proh\u00edben los nombres de dominio que utilicen palabras como Tilta, Nucleus M, G2X u otros nombres de marcas\/productos y sus errores ortogr\u00e1ficos.<\/li>\n<li><strong>Se proh\u00edbe cualquier tipo de spam<\/strong><br \/>\nEnlaces, anuncios, correos electr\u00f3nicos, comentarios&#8230; cualquier tipo de spam. Respeta las normas de publicaci\u00f3n de los sitios web de terceros que utilices para promocionar Tilta. No se trata de una lista exhaustiva de m\u00e9todos de spam; si decidimos que tu actividad es spam, es spam.<\/li>\n<li><strong>Cualquier actividad ilegal o considerada ofensiva por nosotros est\u00e1 prohibida<br \/>\n<\/strong>Esto puede dar lugar a que se rechacen referencias y\/o se desactive tu cuenta de afiliado. \u00a1Consulta m\u00e1s arriba los m\u00e9todos promocionales permitidos y superguays!<\/li>\n<li><strong>Nos sentimos halagados, pero, por favor, no pretendas estar profesionalmente asociado a Tilta<br \/>\n<\/strong>No puedes presentarte como empleado ni nada que no sea un afiliado a Tilta.<\/li>\n<li><strong>Fingir <em>ser realmente<\/em> Tilta est\u00e1 prohibido<br \/>\n<\/strong>Clonar nuestro sitio, copiar nuestro sitio, utilizar los activos de nuestro sitio protegidos por derechos de autor y fingir que un sitio creado por ti es un sitio oficial de Tilta no es \u00e9tico y est\u00e1 prohibido (esto incluye utilizar servicios que clonan autom\u00e1ticamente sitios web o los colocan en iframes).<\/li>\n<li><strong>Est\u00e1 prohibido utilizar la red publicitaria de Google.<\/strong>  Se pueden considerar otras redes publicitarias caso por caso.<\/li>\n<li><strong>De nuevo,<\/strong> est\u00e1 prohibida <strong>la promoci\u00f3n falsa a los clientes<\/strong> de que est\u00e1s respaldado u operado por Tilta.<\/li>\n<\/ul>\n<p>Si no est\u00e1s seguro o te preocupa que alguna actividad que vayas a realizar pueda considerarse prohibida, preg\u00fantanos.<\/p>\n<p>&nbsp;<\/p>\n<p><strong>Consecuencias de los m\u00e9todos de promoci\u00f3n prohibidos<\/strong><\/p>\n<p>Si tus m\u00e9todos promocionales se salen de estas condiciones, tus referencias pueden ser rechazadas y podemos desactivar tu cuenta de afiliado. Nos reservamos el derecho a hacerlo y podemos o no notific\u00e1rtelo en el caso de que esto ocurra. Por favor, utiliza los m\u00e9todos promocionales permitidos, \u00a1y ay\u00fadanos a que tengas \u00e9xito como afiliado!<\/p>\n<p>&nbsp;<\/p>\n<p><strong>Sitios web inapropiados<\/strong><\/p>\n<p>No est\u00e1 permitido afiliarse a los siguientes tipos de sitios: sitios para adultos, sitios que muestren material o banners para adultos, sitios que promuevan la violencia, el odio o la intolerancia, sitios que promuevan o se dediquen a actividades ilegales, incluidos (entre otros), sitios de reventa no autorizada, sitios de cupones y otros. Las solicitudes de afiliaci\u00f3n de sitios web inapropiados ser\u00e1n rechazadas, y nos reservamos el derecho a decidir si proporcionamos o no un motivo de rechazo.<\/p>\n","protected":false},"excerpt":{"rendered":"<p>&nbsp; M\u00e9todos de promoci\u00f3n permitidos \u00a1La forma en que promocionas Tilta se refleja en la comisi\u00f3n que ganas! Fomentamos el uso de m\u00e9todos promocionales que a\u00f1adan valor a Tilta y nos aporten clientes leg\u00edtimos y leales. Nos encanta cuando nuestro [&hellip;]<\/p>\n","protected":false},"author":208,"featured_media":0,"parent":2026243,"menu_order":0,"comment_status":"closed","ping_status":"closed","template":"","meta":{"footnotes":""},"acf":[],"_links":{"self":[{"href":"https:\/\/eu.tilta.com\/es\/wp-json\/wp\/v2\/pages\/2001354"}],"collection":[{"href":"https:\/\/eu.tilta.com\/es\/wp-json\/wp\/v2\/pages"}],"about":[{"href":"https:\/\/eu.tilta.com\/es\/wp-json\/wp\/v2\/types\/page"}],"author":[{"embeddable":true,"href":"https:\/\/eu.tilta.com\/es\/wp-json\/wp\/v2\/users\/208"}],"replies":[{"embeddable":true,"href":"https:\/\/eu.tilta.com\/es\/wp-json\/wp\/v2\/comments?post=2001354"}],"version-history":[{"count":1,"href":"https:\/\/eu.tilta.com\/es\/wp-json\/wp\/v2\/pages\/2001354\/revisions"}],"predecessor-version":[{"id":2026242,"href":"https:\/\/eu.tilta.com\/es\/wp-json\/wp\/v2\/pages\/2001354\/revisions\/2026242"}],"up":[{"embeddable":true,"href":"https:\/\/eu.tilta.com\/es\/wp-json\/wp\/v2\/pages\/2026243"}],"wp:attachment":[{"href":"https:\/\/eu.tilta.com\/es\/wp-json\/wp\/v2\/media?parent=2001354"}],"curies":[{"name":"wp","href":"https:\/\/api.w.org\/{rel}","templated":true}]}}