{"id":2001357,"date":"2018-05-20T16:00:15","date_gmt":"2018-05-20T14:00:15","guid":{"rendered":"https:\/\/de.tilta.com\/politica-de-privacidad\/"},"modified":"2025-01-14T08:21:22","modified_gmt":"2025-01-14T07:21:22","slug":"privacy-policy","status":"publish","type":"page","link":"https:\/\/eu.tilta.com\/es\/privacy-policy\/","title":{"rendered":"Pol\u00edtica de privacidad"},"content":{"rendered":"<h2>Qui\u00e9nes somos<\/h2>\n<p>Tilta USA se encuentra en 1901 W Magnolia Blvd. en Burbank, California. La direcci\u00f3n de nuestro sitio web es <a href=\"https:\/\/eu.tilta.com\">eu.tilta.com<\/a>.<\/p>\n<h2>Qu\u00e9 recopilamos y almacenamos<\/h2>\n<p>Mientras visites nuestro sitio, haremos un seguimiento:<\/p>\n<ul>\n<li>Productos que has visto: lo utilizaremos, por ejemplo, para mostrarte los productos que has visto recientemente.<\/li>\n<li>Localizaci\u00f3n, direcci\u00f3n IP y tipo de navegador: lo utilizaremos para fines como la estimaci\u00f3n de impuestos y env\u00edos<\/li>\n<li>Direcci\u00f3n de env\u00edo: te pediremos que la introduzcas para que podamos, por ejemplo, calcular el env\u00edo antes de que hagas un pedido, \u00a1y envi\u00e1rtelo!<\/li>\n<\/ul>\n<p>Tambi\u00e9n utilizaremos cookies para hacer un seguimiento del contenido del carrito mientras navegas por nuestro sitio.<\/p>\n<p>Cuando nos compres, te pediremos que nos proporciones informaci\u00f3n como tu nombre, direcci\u00f3n de facturaci\u00f3n, direcci\u00f3n de env\u00edo, direcci\u00f3n de correo electr\u00f3nico, n\u00famero de tel\u00e9fono, datos de la tarjeta de cr\u00e9dito\/pago e informaci\u00f3n opcional de la cuenta, como el nombre de usuario y la contrase\u00f1a. Utilizaremos esta informaci\u00f3n para fines tales como:<\/p>\n<ul>\n<li>Enviarte informaci\u00f3n sobre tu cuenta y tu pedido<\/li>\n<li>Responder a tus solicitudes, incluidas las devoluciones y reclamaciones<\/li>\n<li>Procesa los pagos y evita el fraude<\/li>\n<li>Crea tu cuenta en nuestra tienda<\/li>\n<li>Cumplir con las obligaciones legales que tengamos, como calcular los impuestos<\/li>\n<li>Mejorar la oferta de nuestras tiendas<\/li>\n<li>Enviarte mensajes de marketing, si decides recibirlos<\/li>\n<\/ul>\n<p>Si creas una cuenta, almacenaremos tu nombre, direcci\u00f3n, correo electr\u00f3nico y n\u00famero de tel\u00e9fono, que se utilizar\u00e1n para rellenar la caja en futuros pedidos.<\/p>\n<p>Por lo general, almacenamos informaci\u00f3n sobre ti mientras la necesitamos para los fines para los que la recopilamos y utilizamos, y no estamos legalmente obligados a seguir conserv\u00e1ndola. Por ejemplo, almacenaremos la informaci\u00f3n de los pedidos durante 7 a\u00f1os a efectos fiscales y contables. Esto incluye tu nombre, direcci\u00f3n de correo electr\u00f3nico y direcciones de facturaci\u00f3n y env\u00edo.<\/p>\n<p>Este sitio utiliza el almacenamiento en cach\u00e9 para facilitar un tiempo de respuesta m\u00e1s r\u00e1pido y una mejor experiencia del usuario. El almacenamiento en cach\u00e9 almacena potencialmente una copia duplicada de cada p\u00e1gina web que se muestra en este sitio. Todos los archivos de cach\u00e9 son temporales y ning\u00fan tercero tiene acceso a ellos, excepto si es necesario para obtener asistencia t\u00e9cnica del proveedor del complemento de cach\u00e9. Los archivos de cach\u00e9 caducan seg\u00fan un calendario establecido por el administrador del sitio, pero el administrador puede purgarlos f\u00e1cilmente antes de su caducidad natural, si es necesario.<\/p>\n<p>Recopilamos informaci\u00f3n sobre los visitantes que comentan en Sitios que utilizan nuestro servicio anti-spam Akismet. La informaci\u00f3n que recopilamos depende de c\u00f3mo el Usuario configure Akismet para el Sitio, pero normalmente incluye la direcci\u00f3n IP del comentarista, el agente de usuario, la referencia y la URL del Sitio (junto con otra informaci\u00f3n proporcionada directamente por el comentarista, como su nombre, nombre de usuario, direcci\u00f3n de correo electr\u00f3nico y el propio comentario).<\/p>\n<p>Tambi\u00e9n almacenaremos comentarios o rese\u00f1as, si decides dejarlos.<\/p>\n<h2>Qui\u00e9n de nuestro equipo tiene acceso<\/h2>\n<p>Los miembros de nuestro equipo tienen acceso a la informaci\u00f3n que nos proporcionas. Por ejemplo, tanto los Administradores como los Jefes de Tienda pueden acceder:<\/p>\n<ul>\n<li>Informaci\u00f3n sobre el pedido, como qu\u00e9 se compr\u00f3, cu\u00e1ndo se compr\u00f3 y ad\u00f3nde debe enviarse, y<\/li>\n<li>Informaci\u00f3n del cliente, como tu nombre, direcci\u00f3n de correo electr\u00f3nico e informaci\u00f3n de facturaci\u00f3n y env\u00edo.<\/li>\n<\/ul>\n<p>Los miembros de nuestro equipo tienen acceso a esta informaci\u00f3n para ayudar a cumplir los pedidos, procesar los reembolsos y proporcionar asistencia al cliente.<\/p>\n<h2>Lo que compartimos con los dem\u00e1s<\/h2>\n<p>Compartimos informaci\u00f3n con terceros que nos ayudan a proporcionarte nuestros servicios de pedidos y tienda; algunos ejemplos son Google Analytics, Facebook Analytics, Cloudflare, FedEx, Mailgun, Mailchimp, Zendesk, Square y posiblemente otros en el futuro.<\/p>\n<p>Utilizamos estos servicios para proporcionar lo siguiente:<\/p>\n<ul>\n<li>Soporte y asistencia t\u00e9cnica\/del sitio web<\/li>\n<li>An\u00e1lisis del sitio web y an\u00e1lisis estad\u00edstico<\/li>\n<li>Publicidad en sitios de terceros<\/li>\n<li>Correos electr\u00f3nicos de marketing, con tu permiso<\/li>\n<li>Correos electr\u00f3nicos transaccionales (recibos, restablecimiento de contrase\u00f1a, etc.)<\/li>\n<li>Tarifas de env\u00edo en tiempo real para tu carrito<\/li>\n<\/ul>\n<h3>Pagos<\/h3>\n<p>Aceptamos pagos a trav\u00e9s de Square y Paypal. Al procesar los pagos, algunos de tus datos se pasar\u00e1n a Square, incluida la informaci\u00f3n necesaria para procesar o apoyar el pago, como el total de la compra y la informaci\u00f3n de facturaci\u00f3n. Puedes guardar el n\u00famero de tu tarjeta de cr\u00e9dito en tu cuenta, pero el n\u00famero real de tu tarjeta de cr\u00e9dito no se guarda.<\/p>\n<p>Para m\u00e1s detalles, consulta la <a href=\"https:\/\/squareup.com\/us\/en\/legal\/general\/privacy-no-account\">Pol\u00edtica de privacidad de Square<\/a> o la <a href=\"https:\/\/www.paypal.com\/us\/legalhub\/privacy-full\">Pol\u00edtica de privacidad de Paypal<\/a>.<\/p>\n<h2>Qu\u00e9 derechos tienes sobre tus datos<\/h2>\n<p>Si tienes una cuenta en este sitio, o has dejado comentarios, puedes solicitar recibir un archivo exportado de los datos personales que tenemos sobre ti, incluidos los datos que nos hayas proporcionado. Tambi\u00e9n puedes solicitar que borremos cualquier dato personal que tengamos sobre ti. Esto no incluye ning\u00fan dato que estemos obligados a conservar por motivos administrativos, legales o de seguridad.<\/p>\n<p><a href=\"https:\/\/eu.tilta.com\/contact\">Ponte en contacto con nosotros<\/a> para obtener m\u00e1s informaci\u00f3n.<\/p>\n<p>&nbsp;<\/p>\n","protected":false},"excerpt":{"rendered":"<p>Qui\u00e9nes somos Tilta USA se encuentra en 1901 W Magnolia Blvd. en Burbank, California. La direcci\u00f3n de nuestro sitio web es eu.tilta.com. Qu\u00e9 recopilamos y almacenamos Mientras visites nuestro sitio, haremos un seguimiento: Productos que has visto: lo utilizaremos, por [&hellip;]<\/p>\n","protected":false},"author":208,"featured_media":0,"parent":0,"menu_order":0,"comment_status":"closed","ping_status":"closed","template":"","meta":{"footnotes":""},"acf":[],"_links":{"self":[{"href":"https:\/\/eu.tilta.com\/es\/wp-json\/wp\/v2\/pages\/2001357"}],"collection":[{"href":"https:\/\/eu.tilta.com\/es\/wp-json\/wp\/v2\/pages"}],"about":[{"href":"https:\/\/eu.tilta.com\/es\/wp-json\/wp\/v2\/types\/page"}],"author":[{"embeddable":true,"href":"https:\/\/eu.tilta.com\/es\/wp-json\/wp\/v2\/users\/208"}],"replies":[{"embeddable":true,"href":"https:\/\/eu.tilta.com\/es\/wp-json\/wp\/v2\/comments?post=2001357"}],"version-history":[{"count":1,"href":"https:\/\/eu.tilta.com\/es\/wp-json\/wp\/v2\/pages\/2001357\/revisions"}],"predecessor-version":[{"id":2008846,"href":"https:\/\/eu.tilta.com\/es\/wp-json\/wp\/v2\/pages\/2001357\/revisions\/2008846"}],"wp:attachment":[{"href":"https:\/\/eu.tilta.com\/es\/wp-json\/wp\/v2\/media?parent=2001357"}],"curies":[{"name":"wp","href":"https:\/\/api.w.org\/{rel}","templated":true}]}}