{"id":2001359,"date":"2018-05-09T11:19:26","date_gmt":"2018-05-09T09:19:26","guid":{"rendered":"https:\/\/de.tilta.com\/politica-de-devoluciones\/"},"modified":"2018-05-09T11:19:26","modified_gmt":"2018-05-09T09:19:26","slug":"return-policy","status":"publish","type":"page","link":"https:\/\/eu.tilta.com\/es\/return-policy\/","title":{"rendered":"Pol\u00edtica de devoluciones"},"content":{"rendered":"<p><b>Puedes solicitar nuestro Servicio de Devoluciones y Reembolsos:<\/b><br \/>\n\u221a En un plazo de 30 d\u00edas naturales desde la recepci\u00f3n del producto si \u00e9ste no presenta ning\u00fan defecto de fabricaci\u00f3n y sigue estando nuevo o como nuevo.<\/p>\n<p>\u221a En el plazo de 30 d\u00edas naturales desde la recepci\u00f3n del producto si \u00e9ste presenta un defecto de fabricaci\u00f3n.<\/p>\n<p><b>No se prestar\u00e1 el Servicio de Devoluci\u00f3n y Reembolso cuando:<\/b><\/p>\n<p>\u00d7 Se solicita transcurridos 30 d\u00edas naturales desde la recepci\u00f3n del producto.<\/p>\n<p>\u00d7 Un producto no se entrega a TILTA en el plazo de 14 d\u00edas naturales desde que TILTA env\u00eda la confirmaci\u00f3n del Servicio de Devoluci\u00f3n y Reembolso.<\/p>\n<p>\u00d7 El art\u00edculo no se compra en el sitio web oficial de TILTA ni en la tienda de Amazon. La devoluci\u00f3n y el reembolso deben realizarse a trav\u00e9s del vendedor original.<\/p>\n<p>\u00d7 Un producto enviado a TILTA para el Servicio de Devoluci\u00f3n y Reembolso no incluye todos los accesorios, complementos o embalajes originales, o cualquier art\u00edculo no est\u00e1 en estado nuevo o como nuevo, es decir, con grietas, abolladuras o ara\u00f1azos.<\/p>\n<p>\u00d7 No se proporciona una prueba legal de compra, recibo o factura, o se cree razonablemente que ha sido falsificada o manipulada.<\/p>\n<p>\u00d7 Cualquier fallo o da\u00f1o del producto se debe a un uso no autorizado o a la modificaci\u00f3n del producto, incluida la exposici\u00f3n a la humedad, la entrada de cuerpos extra\u00f1os (agua, aceite, arena, etc.) o una instalaci\u00f3n o funcionamiento inadecuados.<\/p>\n<p>\u00d7 Las etiquetas del producto, los n\u00fameros de serie, las marcas de estanqueidad, etc. muestran signos de manipulaci\u00f3n o alteraci\u00f3n.<\/p>\n<p>\u00d7 Da\u00f1os causados al producto por factores externos incontrolables, como incendios, inundaciones, vientos fuertes o rayos.<\/p>\n<p>\u00d7 Otras circunstancias establecidas en esta pol\u00edtica.<\/p>\n<h4>Instrucciones de devoluci\u00f3n y reembolso<\/h4>\n<p>Si deseas solicitar una devoluci\u00f3n y reembolso, ponte en contacto con nosotros en un plazo de 30 d\u00edas naturales desde la recepci\u00f3n de tu(s) producto(s).<\/p>\n<p><a href=\"http:\/\/de.tilta.com\/contact\/\">Ponte en contacto con TILTA<\/a> utilizando la direcci\u00f3n de correo electr\u00f3nico que registraste para la compra y, a continuaci\u00f3n, proporciona la siguiente informaci\u00f3n:<\/p>\n<p>1) N\u00famero de pedido:<br \/>\n2) Correo electr\u00f3nico registrado:<br \/>\n3) Devuelve el nombre del producto y la cantidad:<br \/>\n4) Motivo de la devoluci\u00f3n:<br \/>\n5) Im\u00e1genes o v\u00eddeos de productos y envases intactos:<\/p>\n<p>Procesaremos tu solicitud de devoluci\u00f3n y reembolso en el plazo de uno o dos d\u00edas laborables tras recibir tu correo electr\u00f3nico.<\/p>\n<h4>Plazo de devoluci\u00f3n<\/h4>\n<p>Los reembolsos se procesar\u00e1n utilizando el mismo m\u00e9todo que se utiliz\u00f3 para realizar el pago. El proceso de reembolso se completar\u00e1 en unos 7-14 d\u00edas laborables, dependiendo del banco o del emisor de la tarjeta de cr\u00e9dito.<\/p>\n<p>El reembolso se devolver\u00e1 a la cuenta de pago original. Si tienes alguna petici\u00f3n especial, av\u00edsanos con antelaci\u00f3n.<\/p>\n<h4>Ofertas de paquetes<\/h4>\n<p>En el caso de los pedidos de paquetes que contengan productos con descuento, s\u00f3lo se pueden procesar reembolsos por el pedido completo. Los clientes no pueden tramitar devoluciones por separado de productos individuales de un paquete.<\/p>\n<h4>Devoluci\u00f3n<\/h4>\n<p>Los clientes deben pagar cualquier env\u00edo de devoluci\u00f3n al centro de servicio designado (incluidos los gastos de env\u00edo transfronterizos e internacionales, si procede), a menos que la devoluci\u00f3n se deba a fallos de funcionamiento.<\/p>\n<p>&nbsp;<\/p>\n<h4>Paquete perdido \/ problema con el paquete<\/h4>\n<p><b>El estado del paquete muestra &#8220;en tr\u00e1nsito&#8221; durante 7 d\u00edas o menos:<\/b> Esta situaci\u00f3n puede ser bastante habitual, por lo que te rogamos que esperes pacientemente o te pongas en contacto directamente con el transportista. Si el paquete permanece &#8220;en tr\u00e1nsito&#8221; durante <b>m\u00e1s de 7 d\u00edas<\/b>, ponte<a href=\"http:\/\/de.tilta.com\/contact\/\"> en contacto con<\/a> nosotros en<a href=\"http:\/\/de.tilta.com\/contact\/\"> Contactar con TILTA<\/a>, y tomaremos las medidas necesarias para investigar el caso con el transportista y garantizar un seguimiento adecuado.<\/p>\n<p>El <b>paquete llega da\u00f1<\/b>ado: Si recibes un paquete da\u00f1ado, ponte en contacto con nosotros en <a href=\"http:\/\/de.tilta.com\/contact\/\">Contacta con TILTA <\/a>en un plazo de 7 d\u00edas a partir de la entrega. Lamentablemente, no se aceptar\u00e1n las reclamaciones realizadas despu\u00e9s de este plazo. Deber\u00e1s aportar fotograf\u00edas o v\u00eddeos tanto del embalaje exterior como de los productos da\u00f1ados. Nuestros agentes responder\u00e1n en un plazo de 1 a 2 d\u00edas laborables para evaluar la situaci\u00f3n, momento en el que determinaremos si procede una sustituci\u00f3n o un reembolso.<\/p>\n<p><b>P\u00e9rdida del paquete:<\/b> Si sospechas que tu paquete se ha perdido, ponte en contacto con nosotros en <a href=\"http:\/\/de.tilta.com\/contact\/\">Contacto con TILTA<\/a> en un plazo de 7 d\u00edas a partir de la fecha de entrega prevista; lamentamos no poder aceptar reclamaciones presentadas despu\u00e9s de este plazo. Se te pedir\u00e1 una descripci\u00f3n detallada de la situaci\u00f3n y, para pedidos superiores a 200 $, ser\u00e1 necesario un informe sobre la p\u00f3liza. Un agente de nuestro equipo responder\u00e1 a tu consulta en un plazo de 1 a 2 d\u00edas laborables y, tras evaluar la situaci\u00f3n concreta, se decidir\u00e1 si se reenv\u00eda el art\u00edculo o se emite un reembolso.<\/p>\n<p><b>Comprueba la direcci\u00f3n de env\u00edo de tu pedido<\/b>. Si la direcci\u00f3n facilitada es incorrecta, ten en cuenta que Tilta NO se har\u00e1 responsable de ning\u00fan problema derivado de la informaci\u00f3n incorrecta.<\/p>\n<h4>Tasa de reposici\u00f3n<\/h4>\n<p>Los art\u00edculos devueltos pueden estar sujetos a una tasa de reposici\u00f3n del 30% si no hay ning\u00fan defecto de f\u00e1brica. Adem\u00e1s, cualquier mercanc\u00eda devuelta sin su embalaje original y o que parezca estar en estado usado, puede estar sujeta a la tasa de reposici\u00f3n de existencias, ya que no podremos revender el art\u00edculo como nuevo. Esta determinaci\u00f3n la realiza exclusivamente UTT Technology GmbH.<\/p>\n<h2>Pol\u00edtica de sustituci\u00f3n<\/h2>\n<p><b>Puedes solicitar nuestro Servicio de sustituci\u00f3n:<\/b><\/p>\n<p>\u221a En un plazo de 30 d\u00edas naturales desde la recepci\u00f3n del producto si \u00e9ste no coincide con la descripci\u00f3n original del producto en uno o m\u00e1s aspectos significativos.<br \/>\n\u221a En un plazo de 30 d\u00edas naturales desde la recepci\u00f3n del producto si \u00e9ste sufre un fallo de funcionamiento.<\/p>\n<p><b>El Servicio de sustituci\u00f3n no se prestar\u00e1 cuando<\/b><\/p>\n<p>\u00d7 El servicio se solicita transcurridos m\u00e1s de 30 d\u00edas naturales desde la recepci\u00f3n del producto.<br \/>\n\u00d7 El producto recibido no ha sido devuelto a TILTA 14 d\u00edas naturales despu\u00e9s de la confirmaci\u00f3n de sustituci\u00f3n por parte de TILTA.<\/p>\n<p>\u00d7 El art\u00edculo no se ha comprado en el sitio web oficial de TILTA, en la tienda de Amazon ni en un distribuidor autorizado de TILTA. La sustituci\u00f3n tendr\u00e1 que ser a trav\u00e9s del vendedor original.<br \/>\n\u00d7 No se facilitan pruebas legales de compra, recibos o facturas, o se cree razonablemente que han sido falsificados o manipulados.<br \/>\n\u00d7 Un producto enviado a TILTA para su sustituci\u00f3n no incluye todos los accesorios, complementos y embalajes originales, o contiene elementos da\u00f1ados por un error del usuario.<br \/>\n\u00d7 Se considera que un producto no tiene defectos despu\u00e9s de que TILTA haya realizado todas las pruebas pertinentes.<br \/>\n\u00d7 Cualquier fallo o da\u00f1o del producto se debe a un uso no autorizado o a la modificaci\u00f3n del producto, incluida la exposici\u00f3n a la humedad, la entrada de cuerpos extra\u00f1os (agua, aceite, arena, etc.) o una instalaci\u00f3n o funcionamiento inadecuados.<br \/>\n\u00d7 Las etiquetas o los n\u00fameros de serie del producto muestran signos de manipulaci\u00f3n o alteraci\u00f3n.<br \/>\n\u00d7 Los da\u00f1os son causados por factores externos incontrolables, como incendios, inundaciones, vientos fuertes o rayos.<\/p>\n<p>\u00d7 No puede aportarse la prueba de da\u00f1os durante el transporte expedida por el transportista.<br \/>\n\u00d7 Otras circunstancias establecidas en esta pol\u00edtica.<\/p>\n<h4>Instrucciones de sustituci\u00f3n<\/h4>\n<p>Si deseas sustituir los productos, <a href=\"http:\/\/de.tilta.com\/contact\/\">ponte en contacto con TILTA<\/a> en un plazo de 30 d\u00edas naturales a partir de la recepci\u00f3n de los productos y facilita la siguiente informaci\u00f3n:<\/p>\n<p>1) N\u00famero de pedido:<br \/>\n2) Correo electr\u00f3nico registrado:<br \/>\n3) Nombre y cantidad del producto de sustituci\u00f3n:<br \/>\n4) Motivo de la sustituci\u00f3n:<\/p>\n<p>Procesaremos tu solicitud de devoluci\u00f3n y reembolso en el plazo de uno o dos d\u00edas laborables tras recibir tu correo electr\u00f3nico.<\/p>\n<p>&nbsp;<\/p>\n<h4>Carga de sustituci\u00f3n<\/h4>\n<p>TILTA se har\u00e1 cargo de los portes de sustituci\u00f3n de ida y vuelta de los productos que se env\u00eden para su sustituci\u00f3n por defectos de funcionamiento.<\/p>\n<p>Si la devoluci\u00f3n no est\u00e1 relacionada con un problema de calidad, el cliente ser\u00e1 responsable de cubrir los gastos de env\u00edo de ida y vuelta.<\/p>\n","protected":false},"excerpt":{"rendered":"<p>Puedes solicitar nuestro Servicio de Devoluciones y Reembolsos: \u221a En un plazo de 30 d\u00edas naturales desde la recepci\u00f3n del producto si \u00e9ste no presenta ning\u00fan defecto de fabricaci\u00f3n y sigue estando nuevo o como nuevo. \u221a En el plazo [&hellip;]<\/p>\n","protected":false},"author":208,"featured_media":0,"parent":0,"menu_order":0,"comment_status":"closed","ping_status":"closed","template":"","meta":{"footnotes":""},"acf":[],"_links":{"self":[{"href":"https:\/\/eu.tilta.com\/es\/wp-json\/wp\/v2\/pages\/2001359"}],"collection":[{"href":"https:\/\/eu.tilta.com\/es\/wp-json\/wp\/v2\/pages"}],"about":[{"href":"https:\/\/eu.tilta.com\/es\/wp-json\/wp\/v2\/types\/page"}],"author":[{"embeddable":true,"href":"https:\/\/eu.tilta.com\/es\/wp-json\/wp\/v2\/users\/208"}],"replies":[{"embeddable":true,"href":"https:\/\/eu.tilta.com\/es\/wp-json\/wp\/v2\/comments?post=2001359"}],"version-history":[{"count":0,"href":"https:\/\/eu.tilta.com\/es\/wp-json\/wp\/v2\/pages\/2001359\/revisions"}],"wp:attachment":[{"href":"https:\/\/eu.tilta.com\/es\/wp-json\/wp\/v2\/media?parent=2001359"}],"curies":[{"name":"wp","href":"https:\/\/api.w.org\/{rel}","templated":true}]}}