{"id":2001360,"date":"2015-07-29T22:22:35","date_gmt":"2015-07-29T20:22:35","guid":{"rendered":"https:\/\/de.tilta.com\/acerca-de\/"},"modified":"2015-07-29T22:22:35","modified_gmt":"2015-07-29T20:22:35","slug":"about","status":"publish","type":"page","link":"https:\/\/eu.tilta.com\/es\/about\/","title":{"rendered":"Acerca de"},"content":{"rendered":"<p>Fundada en 2010, Tilta siempre se ha comprometido a proporcionar equipos de fotograf\u00eda y cinematograf\u00eda de alta calidad.<\/p>\n<p>Como ambiciosa empresa de nueva creaci\u00f3n, hemos ampliado nuestra l\u00ednea de productos desde los kits de accesorios para c\u00e1maras DSLR hasta la plena compatibilidad con las c\u00e1maras de cine l\u00edderes del sector. A trav\u00e9s de este proceso, Tilta ha pasado de ser un fabricante a un proveedor de soluciones integradas, destacando en el control inal\u00e1mbrico de objetivos, jaulas para c\u00e1maras, sistemas de soporte de card\u00e1n, soportes amortiguadores para autom\u00f3viles, etc.<\/p>\n<p>Con sede en Shenzhen, ampliamente conocida como el Silicon Valley chino, Tilta naci\u00f3 con una escala global en mente. Poco despu\u00e9s de plantar nuestra primera bandera en Norteam\u00e9rica, Tilta Inc. empez\u00f3 r\u00e1pidamente a ver resultados impresionantes. Nuestra sede en EE.UU. se enorgullece de ser uno de los recursos de producci\u00f3n cinematogr\u00e1fica de referencia para cineastas de Hollywood e independientes.<\/p>\n<p>Nuestro trabajo con el Clubhouse de la ASC nos ha brindado muchas oportunidades de colaborar con equipos locales de producci\u00f3n de alto nivel en EEUU. Gracias a esta asociaci\u00f3n, podemos echar un vistazo entre bastidores a las producciones a gran escala, conocer mejor los distintos sectores de la industria del entretenimiento y construir sobre nuestros cimientos para mejorar siempre nuestros productos y satisfacer las necesidades de los profesionales en activo.<\/p>\n<p>A nivel mundial, nuestras colaboraciones con destacados directores de fotograf\u00eda nos han permitido perfeccionar nuestros productos teniendo en cuenta sus experiencias y sugerencias. Esperamos que nuestros peque\u00f1os pasos puedan conducir a grandes saltos adelante para toda la industria.<\/p>\n<p>Tras a\u00f1os de trabajo incansable, los accesorios de control electr\u00f3nico de Tilta irrumpieron en el mercado de Hollywood en 2016. Ese mismo a\u00f1o se fund\u00f3 Tilta Inc. y su sala de exposiciones de Los \u00c1ngeles abri\u00f3 en abril de 2017.<\/p>\n<p>2020 fue un a\u00f1o diferente a cualquier otro. Muchas partes de nuestra industria han cambiado, pero Tilta ha seguido impulsando y apoyando las necesidades de nuestra comunidad cinematogr\u00e1fica a medida que se enfrentan a los nuevos retos provocados por la pandemia. Con un lanzamiento constante de nuevos productos, Tilta pudo ayudar a los usuarios a hacer m\u00e1s con menos y a crear im\u00e1genes de alta calidad con equipos m\u00e1s reducidos para no superar las restricciones de producci\u00f3n de Covid. Ya se trate del sistema de montaje en coche Hydra Alien y del kit de accesorios personalizables RED Komodo, o del ecosistema DJI RS 2, cada nuevo lanzamiento de Tilta despierta la imaginaci\u00f3n de los usuarios, dando lugar a una creatividad y unas posibilidades infinitas.<\/p>\n<p>Entre ellos, el Sistema de Soporte Gimbal Port\u00e1til Tilta Float proporciona a los usuarios la misma flexibilidad y movimiento que los sistemas Steadicam tradicionales, mucho m\u00e1s caros, que antes s\u00f3lo se ve\u00edan en decorados de gran presupuesto.<\/p>\n<p>La Hydra Alien traz\u00f3 un camino revolucionario al ofrecer una soluci\u00f3n accesible de montaje en coche para c\u00e1maras sin espejo de consumo, que igual\u00f3 las condiciones para todos los cineastas.<\/p>\n<p>Tilta nunca ha dejado de perseguir la mejora constante, el dise\u00f1o innovador y los productos de alta calidad.<\/p>\n<p>Seguimos en la carretera.<\/p>\n","protected":false},"excerpt":{"rendered":"<p>Fundada en 2010, Tilta siempre se ha comprometido a proporcionar equipos de fotograf\u00eda y cinematograf\u00eda de alta calidad. Como ambiciosa empresa de nueva creaci\u00f3n, hemos ampliado nuestra l\u00ednea de productos desde los kits de accesorios para c\u00e1maras DSLR hasta la [&hellip;]<\/p>\n","protected":false},"author":1,"featured_media":0,"parent":0,"menu_order":7,"comment_status":"open","ping_status":"open","template":"","meta":{"footnotes":""},"acf":[],"_links":{"self":[{"href":"https:\/\/eu.tilta.com\/es\/wp-json\/wp\/v2\/pages\/2001360"}],"collection":[{"href":"https:\/\/eu.tilta.com\/es\/wp-json\/wp\/v2\/pages"}],"about":[{"href":"https:\/\/eu.tilta.com\/es\/wp-json\/wp\/v2\/types\/page"}],"author":[{"embeddable":true,"href":"https:\/\/eu.tilta.com\/es\/wp-json\/wp\/v2\/users\/1"}],"replies":[{"embeddable":true,"href":"https:\/\/eu.tilta.com\/es\/wp-json\/wp\/v2\/comments?post=2001360"}],"version-history":[{"count":0,"href":"https:\/\/eu.tilta.com\/es\/wp-json\/wp\/v2\/pages\/2001360\/revisions"}],"wp:attachment":[{"href":"https:\/\/eu.tilta.com\/es\/wp-json\/wp\/v2\/media?parent=2001360"}],"curies":[{"name":"wp","href":"https:\/\/api.w.org\/{rel}","templated":true}]}}