{"id":2012652,"date":"2024-11-07T10:39:03","date_gmt":"2024-11-07T09:39:03","guid":{"rendered":"https:\/\/eu.tilta.com\/impresionante\/"},"modified":"2025-01-08T10:54:56","modified_gmt":"2025-01-08T09:54:56","slug":"impressum","status":"publish","type":"page","link":"https:\/\/eu.tilta.com\/es\/impressum\/","title":{"rendered":"Impresionante"},"content":{"rendered":"<p><strong>UTT Technology GmbH<\/strong><\/p>\n<p>Eingetragene Gesch\u00e4ftsanschrift:<\/p>\n<p>Lise-Meitner-Allee 13<\/p>\n<p>44801 Bochum<\/p>\n<p>Tel\u00e9fono +49 234 7944 9565<\/p>\n<p>Correo electr\u00f3nico: <a href=\"mailto:info@tilta.com\">info@tilta.com<\/a><\/p>\n<p>&nbsp;<\/p>\n<p><strong>Reg\u00edstrate:<\/strong><\/p>\n<p>Handelsregister AG Bochum<\/p>\n<p>HRB 21934<\/p>\n<p>&nbsp;<\/p>\n<p><strong>Gesch\u00e4ftsf\u00fchrer:<\/strong><\/p>\n<p>Huang Wang<\/p>\n<p>&nbsp;<\/p>\n<p><strong>Umsatzsteueridentifikationsnummer:<\/strong><\/p>\n<p>DE370356389<\/p>\n<p>&nbsp;<\/p>\n<p><strong>Verantwortlicher i.S.d. \u00a7 18 Abs. 2 MStV:<\/strong><\/p>\n<p>Huang Wang<\/p>\n<p>c\/o Lise-Meitner-Allee 13<\/p>\n<p>44801 Bochum<\/p>\n<p>&nbsp;<\/p>\n<p><strong>Plattform der EU zur au\u00dfergerichtlichen Online-Streitbeilegung:<\/strong><br \/>\n<a href=\"https:\/\/webgate.ec.europa.eu\/odr\/\">https:\/\/webgate.ec.europa.eu\/odr\/<\/a><\/p>\n<p>&nbsp;<\/p>\n<p><strong>Ayuda a VSBG:<\/strong><\/p>\n<p>UTT Technology GmbH ist nicht bereit oder verpflichtet, an Streitbeilegungsverfahren vor einer Verbraucherschlichtungsstelle teilzunehmen.<\/p>\n<p>&nbsp;<\/p>\n","protected":false},"excerpt":{"rendered":"<p>UTT Technology GmbH Eingetragene Gesch\u00e4ftsanschrift: Lise-Meitner-Allee 13 44801 Bochum Tel\u00e9fono +49 234 7944 9565 Correo electr\u00f3nico: info@tilta.com &nbsp; Reg\u00edstrate: Handelsregister AG Bochum HRB 21934 &nbsp; Gesch\u00e4ftsf\u00fchrer: Huang Wang &nbsp; Umsatzsteueridentifikationsnummer: DE370356389 &nbsp; Verantwortlicher i.S.d. \u00a7 18 Abs. 2 MStV: Huang [&hellip;]<\/p>\n","protected":false},"author":57023,"featured_media":0,"parent":0,"menu_order":0,"comment_status":"closed","ping_status":"closed","template":"","meta":{"footnotes":""},"acf":[],"_links":{"self":[{"href":"https:\/\/eu.tilta.com\/es\/wp-json\/wp\/v2\/pages\/2012652"}],"collection":[{"href":"https:\/\/eu.tilta.com\/es\/wp-json\/wp\/v2\/pages"}],"about":[{"href":"https:\/\/eu.tilta.com\/es\/wp-json\/wp\/v2\/types\/page"}],"author":[{"embeddable":true,"href":"https:\/\/eu.tilta.com\/es\/wp-json\/wp\/v2\/users\/57023"}],"replies":[{"embeddable":true,"href":"https:\/\/eu.tilta.com\/es\/wp-json\/wp\/v2\/comments?post=2012652"}],"version-history":[{"count":1,"href":"https:\/\/eu.tilta.com\/es\/wp-json\/wp\/v2\/pages\/2012652\/revisions"}],"predecessor-version":[{"id":2026123,"href":"https:\/\/eu.tilta.com\/es\/wp-json\/wp\/v2\/pages\/2012652\/revisions\/2026123"}],"wp:attachment":[{"href":"https:\/\/eu.tilta.com\/es\/wp-json\/wp\/v2\/media?parent=2012652"}],"curies":[{"name":"wp","href":"https:\/\/api.w.org\/{rel}","templated":true}]}}