{"id":2016771,"date":"2024-11-13T10:47:05","date_gmt":"2024-11-13T09:47:05","guid":{"rendered":"https:\/\/eu.tilta.com\/proteccion-de-datos\/"},"modified":"2024-11-13T10:47:05","modified_gmt":"2024-11-13T09:47:05","slug":"datenschutz","status":"publish","type":"page","link":"https:\/\/eu.tilta.com\/es\/datenschutz\/","title":{"rendered":"Protecci\u00f3n de datos"},"content":{"rendered":"<p><strong>\u00a7 1 Informaci\u00f3n sobre la recopilaci\u00f3n de datos personales<\/strong><br \/>\n(1) A continuaci\u00f3n te informamos sobre la recopilaci\u00f3n de datos personales al utilizar nuestro Sitio Web. Los datos personales son todos los datos que te afectan personalmente, por ejemplo B. Name, Adresse, E-Mail-Adressen, Nutzerverhalten.<br \/>\n(2) Verantwortliche gem. Art. 4 Abs. 7 EU-Datenschutz-Grundverordnung (DS-GVO) ist die UTT Technology GmbH<br \/>\nLise-Meinter-Allee 13, D-44801 Bochum<a href=\"\/impressum\/\" target=\"_blank\" rel=\"noopener\">(consulta tambi\u00e9n nuestra p\u00e1gina de contacto<\/a>).<br \/>\n(3) Cuando te pongas en contacto con nosotros por correo electr\u00f3nico o a trav\u00e9s de un formulario de contacto, te enviaremos los datos que nos hayas proporcionado (tu direcci\u00f3n de correo electr\u00f3nico, por ejemplo, tu nombre, tu direcci\u00f3n y tu n\u00famero de tel\u00e9fono) para que podamos responder a tus preguntas. Los datos que se obtengan en este contexto nos permitir\u00e1n, en caso de que la protecci\u00f3n de datos ya no sea necesaria, o nos impedir\u00e1n realizar la verificaci\u00f3n, en caso de que existan restricciones legales de acceso.<br \/>\n(4) En caso de que, para determinadas funciones de nuestros productos, tengamos que recurrir a proveedores de servicios contratados o utilizar sus datos para fines comerciales, te informaremos detalladamente de tus preferencias. Por ello, tambi\u00e9n queremos conocer los criterios establecidos para la puntuaci\u00f3n.<\/p>\n<p><strong>\u00a7 2 Sus derechos<\/strong><br \/>\n(1) Tienes, frente a nosotros, los siguientes derechos en relaci\u00f3n con los datos personales a los que te refieres: &#8211; derecho de acceso, &#8211; derecho de consulta o soluci\u00f3n, &#8211; derecho de acceso al tratamiento, &#8211; derecho de oposici\u00f3n al tratamiento, &#8211; derecho de confidencialidad de los datos.<br \/>\n(2) Tambi\u00e9n tienes derecho a que se te deniegue la protecci\u00f3n de datos en relaci\u00f3n con el tratamiento de tus datos personales por nuestra parte.<\/p>\n<p><strong>\u00a7 3 Obtenci\u00f3n de datos personales al visitar nuestro sitio web<\/strong><br \/>\n(1) En caso de uso no autorizado del Sitio Web, incluso si no te registras o si nos env\u00edas informaci\u00f3n adicional, s\u00f3lo recopilaremos los datos personales que env\u00ede tu navegador a nuestro servidor. Cuando visites nuestro Sitio Web, te proporcionaremos los siguientes datos, que son t\u00e9cnicamente necesarios para que podamos acceder a tu Sitio Web y garantizar tu estabilidad y seguridad (la legislaci\u00f3n aplicable es el Art. 6 Abs. 1 S. 1 lit. f DS-GVO):- Direcci\u00f3n IP &#8211; Fecha y hora de la consulta &#8211; Diferencia horaria con respecto a la hora del meridiano de Greenwich (GMT) &#8211; Contenido de la consulta (p\u00e1gina clave) &#8211; Estado de la conexi\u00f3n\/C\u00f3digo de estado HTTP &#8211; Datos de la consulta &#8211; P\u00e1gina web a la que se refiere la consulta &#8211; Navegador &#8211; Sistema operativo y su interfaz &#8211; Idioma y versi\u00f3n del software del navegador.<br \/>\n(2) Al utilizar nuestro Sitio Web, tambi\u00e9n se almacenar\u00e1n cookies en tu ordenador. El uso de cookies est\u00e1 relacionado con peque\u00f1os datos de texto que se almacenan en la p\u00e1gina de inicio del navegador que has utilizado y en la que se almacena la cookie (en este caso, en el nuestro) para proporcionar informaci\u00f3n adicional. Cookies k\u00f6nnen keine Programme ausf\u00fchren oder Viren auf Ihren Computer \u00fcbertragen. Tu objetivo es hacer que la conexi\u00f3n a Internet sea siempre m\u00e1s agradable y eficaz.<br \/>\n(3) Uso de Cookies: a) Este Sitio Web utiliza los siguientes tipos de Cookies, cuyo alcance y funcionamiento se describen a continuaci\u00f3n: &#8211; Cookies transitorias (v\u00e9ase b) &#8211; Cookies persistentes (v\u00e9ase c). b) Las Cookies transitorias se activan autom\u00e1ticamente al navegar por el Sitio Web. Se trata, en particular, de las Cookies de Sesi\u00f3n. \u00c9stas contienen un identificador de sesi\u00f3n \u00fanico, con el que se puede acceder a diferentes datos de su navegador. Por lo tanto, cuando entres en nuestro sitio web, tu contrase\u00f1a ser\u00e1 eliminada. Las Cookies de sesi\u00f3n se desactivar\u00e1n cuando inicie sesi\u00f3n o cierre el navegador. c) Las Cookies persistentes se activan autom\u00e1ticamente despu\u00e9s de un periodo de tiempo determinado, que se puede cambiar con cada Cookie. d) Puedes configurar tu navegador seg\u00fan tus preferencias y, por ejemplo, aceptar cookies de terceros o todas las cookies. Le informamos de que, en su caso, no podr\u00e1 utilizar todas las funciones de este sitio web. e) Tambi\u00e9n utilizamos objetos de almacenamiento HTML5 que se almacenan en su ordenador. Estos objetos almacenan los datos necesarios de forma independiente de tu navegador y no tienen fecha de caducidad autom\u00e1tica. Puedes evitar el uso de objetos de almacenamiento HTML5 si activas el modo privado en tu navegador. Por ello, te recomendamos que elimines manualmente las cookies y el cambio de navegador de forma peri\u00f3dica.<\/p>\n<p><strong>\u00a7 4 Uso de Google Analytics<\/strong><br \/>\n(1) Este sitio web utiliza Google Analytics, un servicio de an\u00e1lisis web de Google Inc. (&#8220;Google&#8221;). Google Analytics utiliza sog. &#8220;Cookies&#8221;, datos de texto que se almacenan en su ordenador y que permiten analizar el uso que usted hace del Sitio Web. La informaci\u00f3n obtenida a trav\u00e9s de las cookies sobre su uso de este sitio web se enviar\u00e1 a un servidor de Google en EE.UU. y all\u00ed se almacenar\u00e1. En caso de activaci\u00f3n del anonimato de IP en este sitio web, su direcci\u00f3n IP de Google s\u00f3lo se utilizar\u00e1 dentro de los Estados miembros de la Uni\u00f3n Europea o en otros Estados miembros de la Uni\u00f3n Europea en los que se haya adoptado anteriormente la Directiva sobre el Espacio Econ\u00f3mico Europeo. S\u00f3lo en casos excepcionales se transferir\u00e1 la direcci\u00f3n IP voluntaria a un servidor de Google en EE.UU. y se registrar\u00e1 all\u00ed. Google proporcionar\u00e1 a los usuarios de este sitio web esta informaci\u00f3n para evaluar su uso del sitio web, para elaborar informes sobre las actividades del sitio web y para proporcionar m\u00e1s informaci\u00f3n sobre el uso del sitio web y la navegaci\u00f3n por Internet en relaci\u00f3n con el usuario del sitio web.<br \/>\n(2) La direcci\u00f3n IP transmitida por su navegador en el marco de Google Analytics no se combinar\u00e1 con otros datos de Google.<br \/>\n(3) Puede activar el uso de cookies mediante la configuraci\u00f3n de su navegador; le informamos de que, en este caso, no podr\u00e1 utilizar todas las funciones de este sitio web. Por lo tanto, puede recopilar los datos obtenidos a trav\u00e9s de la cookie y de su uso del sitio web (incluida su direcci\u00f3n IP) en Google, as\u00ed como el tratamiento de dichos datos por parte de Google, si descarga e instala el complemento de navegador disponible en el siguiente enlace: http:\/\/tools.google.com\/dlpage\/gaoptout?hl=de.<br \/>\n(4) Este sitio web utiliza Google Analytics con la funci\u00f3n &#8220;_anonymizeIp()&#8221;. Si las direcciones IP son correctas, puede que no sea posible acceder a ellas. Si quieres que los datos que has introducido se conviertan en datos personales, tambi\u00e9n se eliminar\u00e1n inmediatamente y los datos personales se bloquear\u00e1n por completo.<br \/>\n(5) Utilizamos Google Analytics para analizar y mejorar peri\u00f3dicamente el uso de nuestro Sitio Web. Sobre las estad\u00edsticas obtenidas podemos mejorar nuestra oferta y resultarte m\u00e1s interesante como usuario. Google se ha adherido al Escudo de Privacidad UE-EE.UU. en relaci\u00f3n con las actividades en las que se extraen datos personales en EE.UU. https:\/\/www.privacyshield.gov\/EU-US-Framework. El fundamento jur\u00eddico para el uso de Google Analytics es el Art. 6 Abs. 1 S. 1 lit. f DS-GVO.<br \/>\n(6) Informationen des Drittanbieters: Google Dublin, Google Ireland Ltd., Gordon House, Barrow Street, Dubl\u00edn 4, Irlanda, Fax: +353 (1) 436 1001. Condiciones de uso: http:\/\/www.google.com\/analytics\/terms\/de.html, Informaci\u00f3n sobre la protecci\u00f3n de datos: http:\/\/www.google.com\/intl\/de\/analytics\/learn\/privacy.html, as\u00ed como el registro de la protecci\u00f3n de datos: http:\/\/www.google.de\/intl\/de\/policies\/privacy.<\/p>\n<p><strong>\u00a7 5 Utilizaci\u00f3n de Google Maps<\/strong><br \/>\n(1) En este sitio web utilizamos el servicio de Google Maps. Adem\u00e1s, podemos mostrarte cartas interactivas directamente en el sitio web y permitirte utilizar c\u00f3modamente la funci\u00f3n de cartas.<br \/>\n(2) Al navegar por el Sitio Web, Google obtendr\u00e1 informaci\u00f3n sobre la visita a nuestro Sitio Web. Los datos mencionados en el art\u00edculo 3 de esta declaraci\u00f3n ser\u00e1n transmitidos. Esto ocurre independientemente de que Google te haya proporcionado una cuenta de Google, sobre la que est\u00e9s informado, o de que no haya ninguna cuenta de Google. Si est\u00e1s registrado en Google, tus datos se almacenar\u00e1n directamente en tu cuenta. Si no deseas acceder a tu perfil de Google, deber\u00e1s hacerlo antes de activar los botones. Google utiliza tus datos como un perfil de usuario y los utiliza para la creaci\u00f3n, el an\u00e1lisis de marcas y\/o la configuraci\u00f3n avanzada de su sitio web. Dicha evaluaci\u00f3n se realiza, en particular (s\u00f3lo para usuarios no registrados), con el fin de obtener un trabajo de calidad y para informar a otros usuarios de la red social sobre sus actividades en nuestro sitio web. Si te opones a la creaci\u00f3n de este perfil de usuario, deber\u00e1s aceptarlo en Google.<br \/>\n(3) Encontrar\u00e1s m\u00e1s informaci\u00f3n sobre el origen y el alcance de los datos y su tratamiento por parte del Plug-in-Anbieter en las etiquetas de seguridad de datos del manual. Aqu\u00ed encontrar\u00e1s m\u00e1s informaci\u00f3n sobre tus derechos y posibilidades de configuraci\u00f3n para proteger tu privacidad: http:\/\/www.google.de\/intl\/de\/policies\/privacy. Google tambi\u00e9n procesa sus datos personales en EE.UU. y se ha adherido al Escudo de Privacidad UE-EE.UU., https:\/\/www.privacyshield.gov\/EU-US-Framework.<\/p>\n<p><strong>\u00a7 6 Uso de Google reCaptcha<\/strong><br \/>\nPara proteger sus datos personales a trav\u00e9s de Internet, utilizamos el formulario reCAPTCHA de la empresa Google Inc. (Google). La consulta depende de si la toma la realiza una persona o si se trata de una manipulaci\u00f3n masiva automatizada. La suscripci\u00f3n implica la entrega de la direcci\u00f3n IP y, por lo tanto, el pago de los gastos de env\u00edo. weiterer von Google f\u00fcr den Dienst reCAPTCHA ben\u00f6tigter Daten an Google ein. Para ello, tu cuenta se enviar\u00e1 a Google y se utilizar\u00e1 all\u00ed. Si utilizas reCaptcha, entender\u00e1s que te has ganado tu confianza en la digitalizaci\u00f3n de otros trabajos. La activaci\u00f3n del anonimato de IP en este sitio web implica que la direcci\u00f3n IP de Google s\u00f3lo se utilizar\u00e1 dentro de los Estados miembros de la Uni\u00f3n Europea o en otros Estados del Espacio Econ\u00f3mico Europeo. S\u00f3lo en casos excepcionales se transferir\u00e1 la direcci\u00f3n IP voluntaria a un servidor de Google en EE.UU. y se registrar\u00e1 all\u00ed. Google proporcionar\u00e1 a los usuarios de este sitio web esta informaci\u00f3n para ayudarles a utilizar este servicio. La direcci\u00f3n IP transmitida por el navegador a trav\u00e9s de reCaptcha no se combinar\u00e1 con otros datos de Google. Estos datos est\u00e1n sujetos a las normas de protecci\u00f3n de datos de la empresa Google. Encontrar\u00e1s m\u00e1s informaci\u00f3n sobre las leyes de protecci\u00f3n de datos de Google en: https:\/\/www.google.com\/intl\/de\/policies\/privacy\/.<\/p>\n<p>(Stand: noviembre de 2024)<\/p>\n","protected":false},"excerpt":{"rendered":"<p>\u00a7 1 Informaci\u00f3n sobre la recopilaci\u00f3n de datos personales (1) A continuaci\u00f3n te informamos sobre la recopilaci\u00f3n de datos personales al utilizar nuestro Sitio Web. Los datos personales son todos los datos que te afectan personalmente, por ejemplo B. Name, [&hellip;]<\/p>\n","protected":false},"author":57023,"featured_media":0,"parent":0,"menu_order":0,"comment_status":"closed","ping_status":"closed","template":"","meta":{"footnotes":""},"acf":[],"_links":{"self":[{"href":"https:\/\/eu.tilta.com\/es\/wp-json\/wp\/v2\/pages\/2016771"}],"collection":[{"href":"https:\/\/eu.tilta.com\/es\/wp-json\/wp\/v2\/pages"}],"about":[{"href":"https:\/\/eu.tilta.com\/es\/wp-json\/wp\/v2\/types\/page"}],"author":[{"embeddable":true,"href":"https:\/\/eu.tilta.com\/es\/wp-json\/wp\/v2\/users\/57023"}],"replies":[{"embeddable":true,"href":"https:\/\/eu.tilta.com\/es\/wp-json\/wp\/v2\/comments?post=2016771"}],"version-history":[{"count":0,"href":"https:\/\/eu.tilta.com\/es\/wp-json\/wp\/v2\/pages\/2016771\/revisions"}],"wp:attachment":[{"href":"https:\/\/eu.tilta.com\/es\/wp-json\/wp\/v2\/media?parent=2016771"}],"curies":[{"name":"wp","href":"https:\/\/api.w.org\/{rel}","templated":true}]}}