{"id":2016772,"date":"2024-11-13T11:27:44","date_gmt":"2024-11-13T10:27:44","guid":{"rendered":"https:\/\/eu.tilta.com\/agb\/"},"modified":"2024-11-13T11:27:44","modified_gmt":"2024-11-13T10:27:44","slug":"agb","status":"publish","type":"page","link":"https:\/\/eu.tilta.com\/es\/agb\/","title":{"rendered":"AGB"},"content":{"rendered":"<style>\n  h1.entry-title{display:none;}\n<\/style>\n<p style=\"text-align: center;\"><strong>ALLGEMEINE GESCH\u00c4FTSBEDINGUNGEN f\u00fcr Webshop (AGB)<\/strong><\/p>\n<p style=\"text-align: center;\">(Stand: 10.2024)<\/p>\n<p>&nbsp;<\/p>\n<p><strong>1. Sector de actividad de la AGB<\/strong><\/p>\n<p><strong>1.1<br \/>\n<\/strong>Las presentes Condiciones Generales en el marco de la venta por Internet que se describen a continuaci\u00f3n se aplicar\u00e1n exclusivamente a la compra de productos en la tienda online de UTT Technology GmbH<strong>(UTT<\/strong>) en <a href=\"https:\/\/eu.tilta.com\">eu.tilta.com<\/a>.<\/p>\n<p><strong>1.2<\/strong><br \/>\nAbweichende, entgegenstehende Gesch\u00e4ftsbedingungen des Kunden gelten in keinem Fall, es sei denn, <strong>UTT<\/strong> stimmt ihrer Geltung im Einzelfall ausdr\u00fccklich in schriftlicher Form zu.<\/p>\n<p>En cualquier caso, las negociaciones individuales con los clientes (por ejemplo, acuerdos, ampliaciones y modificaciones) tienen un efecto sobre estas condiciones de contrataci\u00f3n. Para el contenido de los acuerdos de asociaci\u00f3n, es necesario, antes del juicio, un contrato escrito o un acuerdo. die schriftliche Best\u00e4tigung von <strong>UTT<\/strong> ma\u00dfgebend.<\/p>\n<p><strong>1.3<\/strong><br \/>\nLas indicaciones sobre la aplicaci\u00f3n de los requisitos legales s\u00f3lo tienen una importancia evidente. Auch ohne eine derartige Klarstellung geltend daher die gesetzlichen Vorschriften, soweit sie in diesen Gesch\u00e4ftsbedingungen nicht unmittelbar abge\u00e4ndert oder ausdr\u00fccklich ausgeschlossen werden.<\/p>\n<p>&nbsp;<\/p>\n<p><strong>2. <\/strong><strong>Datos de contacto\/ Definiciones<\/strong><\/p>\n<p><strong>2.1<\/strong><\/p>\n<p>Fabricante: UTT Technology GmbH<\/p>\n<p>Anschrift: Lise-Meinter-Allee 13, D-44801 Bochum<\/p>\n<p>Registergericht: Amtsgericht Bochum<\/p>\n<p>N\u00famero de registro: HRB 21934<\/p>\n<p>Gesch\u00e4ftsf\u00fchrer: Huang Wang<\/p>\n<p>Ust.-ID: DE370356389<\/p>\n<p><strong>2.2<\/strong><\/p>\n<p>Los clientes pueden ser tanto usuarios (\u00a7 13 BGB) como empresarios (\u00a7 14 BGB).<\/p>\n<p><u>Verbraucher<\/u> i.S.d. \u00a7 13 BGB ist jede nat\u00fcrliche Person, die den Vertrag zu einem Zweck abschlie\u00dft, der \u00fcberwiegend (d.h. zu mehr als 50 %) weder ihrer gewerblichen noch ihrer selbst\u00e4ndigen beruflichen T\u00e4tigkeit zugerechnet werden kann.<\/p>\n<p><u>Unternehmer<\/u> i.S.d. 14 BGB ist eine nat\u00fcrliche oder juristische Person oder eine rechtsf\u00e4hige Personengesellschaft, die bei Abschluss eines Rechtsgesch\u00e4fts in Aus\u00fcbung ihrer gewerblichen oder selbst\u00e4ndigen beruflichen T\u00e4tigkeit handelt.<\/p>\n<p>&nbsp;<\/p>\n<p><strong>3. <\/strong><strong>Bestellablauf und Vertragsschluss\/ Vertragssprache<\/strong><\/p>\n<p><strong>3.1<\/strong><br \/>\nEl cliente puede seleccionar uno o varios productos de la tienda online de <strong>UTT<\/strong> en <a href=\"https:\/\/eu.tilta.com\">eu.tilta.<\/a> com y a\u00f1adirlos a una cesta de la compra mediante el bot\u00f3n <u>&#8220;A\u00f1adir a la cesta de la compra&#8221;<\/u>.<\/p>\n<p>Si el cliente ha comprado todos los productos que quiere vender, lo indicar\u00e1 en el carrito de la compra con el bot\u00f3n &#8220;<u>volver a la tienda&#8221;.<\/u><\/p>\n<p>El cliente tiene ahora la opci\u00f3n de elegir si desea realizar la venta como comprador independiente, tambi\u00e9n sin registro, o si desea abrir una cuenta de cliente o no. sich in ein bestehendes Kundenkonto einzuloggen. Si el cliente<\/p>\n<p>Bestellung als Gast durchf\u00fchrt, hat er die Rechnungsdetails in der Eingabemaske anzugeben.<\/p>\n<p>En el momento de la contrataci\u00f3n, el cliente debe indicar la tarifa de pago. Por lo tanto, s\u00f3lo puede utilizar las cifras que \u00e9l mismo ha calculado.<\/p>\n<p>Sin embargo, el cliente obtendr\u00e1 un resumen de todo el pedido. Sobre el bot\u00f3n <em>&#8220;<\/em><u>comprar a bajo coste<\/u><em>&#8220;<\/em> se muestra un <strong>anuncio de<\/strong> compra de los productos incluidos en la cesta de la compra.<\/p>\n<p>Al realizar el pedido, el cliente puede cambiar los datos de vez en cuando, modificar algunos datos de env\u00edo o incluso abreviar el pedido.<\/p>\n<p>El Cliente s\u00f3lo podr\u00e1 cambiar el Acuerdo de Verificaci\u00f3n si, al pulsar el bot\u00f3n <em>&#8220;<\/em><u>Aceptar AGB<\/u><em>&#8220;<\/em>, acepta estas Condiciones de Uso y las incluye en su Acuerdo de Verificaci\u00f3n.<\/p>\n<p><strong>3.2<\/strong><br \/>\nUTT enviar\u00e1 al Cliente una confirmaci\u00f3n autom\u00e1tica de pedido por correo electr\u00f3nico, en la que se le informar\u00e1 de la compra del Cliente y se le indicar\u00e1 la funci\u00f3n &#8220;<u>Imprimir<\/u>&#8220;.<\/p>\n<p>La confirmaci\u00f3n autom\u00e1tica del pedido demuestra que el pedido del cliente a UTT est\u00e1 en curso y no indica ninguna informaci\u00f3n sobre el pedido.<\/p>\n<p>El contrato de compra s\u00f3lo ser\u00e1 v\u00e1lido cuando UTT haya emitido una declaraci\u00f3n de conformidad por correo electr\u00f3nico (declaraci\u00f3n de conformidad) al cliente.<\/p>\n<p><strong>3.3<\/strong><br \/>\nLa consulta se realiza principalmente en alem\u00e1n.<\/p>\n<p>&nbsp;<\/p>\n<p><strong>4. Warenverf\u00fcgbarkeit\/ Lieferbedingungen<\/strong><\/p>\n<p><strong>4.1<\/strong><br \/>\nEn el momento de la venta al cliente, no es posible adquirir ning\u00fan ejemplar de los productos que le han sido enviados, por lo que <strong>UTT<\/strong> no se responsabiliza de ello.<\/p>\n<p>Si el producto no est\u00e1 disponible a corto plazo, <strong>UTT<\/strong> no realizar\u00e1 ninguna declaraci\u00f3n de conformidad. En este caso, un mensaje no es suficiente.<\/p>\n<p><strong>4.2<\/strong><br \/>\nSi el producto indicado por el cliente en el pedido no est\u00e1 disponible, <strong>UTT<\/strong> se lo enviar\u00e1 al cliente por correo electr\u00f3nico.<\/p>\n<p>En caso de que el plazo de devoluci\u00f3n sea superior a tres semanas, el cliente tiene derecho a reclamar la devoluci\u00f3n.<\/p>\n<p>Im \u00dcbrigen ist in diesem Fall auch <strong>UTT<\/strong> berechtigt, sich vom Vertrag zu l\u00f6sen. En este caso, es posible que los pagos efectuados por el cliente no se ajusten a lo establecido.<strong> <\/strong><\/p>\n<p><strong>4.3<\/strong><br \/>\nEl env\u00edo de la mercanc\u00eda se realiza por correo. No es posible la autoevaluaci\u00f3n.<\/p>\n<p>Si el cliente es v\u00edctima de un delito, se le aplicar\u00e1 la cl\u00e1usula UTT.<\/p>\n<p>Si el cliente es empresario, entonces tiene que ser empresario.<\/p>\n<p><strong>4.4<\/strong><br \/>\nLa entrega de las garant\u00edas se realiza a trav\u00e9s de la empresa de log\u00edstica encargada de la entrega dentro de la organizaci\u00f3n de la venta y, en particular, a trav\u00e9s de la carta de entrega remitida por el cliente al realizar la venta. El cliente tiene derecho a una indemnizaci\u00f3n por da\u00f1os y perjuicios.<\/p>\n<p>Se trata de las siguientes relaciones de entrega: <strong>UTT<\/strong> s\u00f3lo presta servicios a clientes que tienen su domicilio social (domicilio de facturaci\u00f3n) en la Uni\u00f3n Europea y que pueden recibir all\u00ed un domicilio de facturaci\u00f3n.<\/p>\n<p>En este momento se est\u00e1 llevando a cabo la ejecuci\u00f3n de las \u00f3rdenes sobre la empresa de log\u00edstica DHL en base a sus condiciones. Sin embargo, <strong>UTT<\/strong> se reserva el derecho a cambiar de transportista en cualquier momento.<\/p>\n<p><strong>4.5<\/strong><br \/>\nLa fecha de caducidad de la mercanc\u00eda se indica en el contrato de venta de <strong>UTT<\/strong>.<\/p>\n<p>El plazo de pago comienza con el pago mediante una transferencia a la cuenta bancaria del Instituto de Cr\u00e9dito. En todos los dem\u00e1s casos, la entrega comenzar\u00e1 un d\u00eda despu\u00e9s de la fecha de pago. Die Frist endet jeweils mit dem Ablauf des letzten Tages der angegebenen Frist. Si se trata de una fiesta de Navidad o de una fiesta de fin de a\u00f1o, elige la fecha de la pr\u00f3xima semana.<\/p>\n<p>&nbsp;<\/p>\n<p><strong>5. Eigentumsvorbehalt<\/strong><\/p>\n<p><strong>5.1<\/strong><br \/>\nLa mercanc\u00eda congelada es propiedad de <strong>UTT<\/strong> hasta que se realice el pago completo.<\/p>\n<p><strong>5.2<\/strong><br \/>\n<strong>UTT<\/strong> se compromete a no realizar ning\u00fan otro env\u00edo si el cliente realiza un pago adicional.<\/p>\n<p>&nbsp;<\/p>\n<p><strong>6.<\/strong><strong>Precios y env\u00edos<\/strong><\/p>\n<p><strong>6.1<\/strong><br \/>\nTodos los precios indicados coinciden con los precios legales vigentes.<\/p>\n<p><strong>6.2<\/strong><br \/>\nLos gastos de env\u00edo que no sean reembolsables se facturar\u00e1n al Cliente antes de que el Bot\u00f3n de confirmaci\u00f3n de pedido haya sido retirado y ser\u00e1n devueltos por el Cliente.<\/p>\n<p><strong> <\/strong><\/p>\n<p><strong>7. <\/strong><strong>Zahlungsmodalit\u00e4ten<\/strong><\/p>\n<p><strong>7.1<\/strong><br \/>\nEl Cliente puede realizar el pago con los criterios de pago establecidos en el Proceso de Compra. Ahora es posible mediante tarjeta de cr\u00e9dito (Mastercard y Visa), transferencia bancaria o PayPal. <strong>UTT<\/strong> se compromete a no modificar la lista de precios.<\/p>\n<p><strong> <\/strong><strong>7.2<\/strong><br \/>\nPara realizar pagos con PayPal, es necesario registrarse en el proveedor de servicios en l\u00ednea PayPal y realizar un ingreso en la cuenta PayPal (correo electr\u00f3nico, contrase\u00f1a). El pago se registrar\u00e1 en la cuenta de <strong>UTT<\/strong> cuando el cliente autorice el pago. Encontrar\u00e1s m\u00e1s informaci\u00f3n en:<\/p>\n<p><a href=\"http:\/\/www.paypal.com\/de\" target=\"_blank\" rel=\"noopener\">www.paypal.com\/de<\/a>.  <strong> <\/strong><\/p>\n<p><strong>7.3<\/strong><br \/>\nEn caso de pago mediante transferencia bancaria, s\u00f3lo se efectuar\u00e1 la liquidaci\u00f3n del pedido si se ha recibido el importe total de la factura en la cuenta bancaria de <strong>UTT<\/strong>. La mercanc\u00eda vendida se reservar\u00e1 para el cliente durante un periodo de diez meses a partir de la fecha de compra de <strong>UTT<\/strong>. Si tras la finalizaci\u00f3n de la reserva no se realiza el pago, <strong>UTT<\/strong> se reserva el derecho a anular la venta.<\/p>\n<p>&nbsp;<\/p>\n<p><strong>8. M\u00e4ngelanspr\u00fcche des Kunden (Gew\u00e4hrleistung)<\/strong><\/p>\n<p><strong>8.1<\/strong><br \/>\n<strong>UTT<\/strong> haftet f\u00fcr Sach- und Rechtsm\u00e4ngel nach den hierf\u00fcr geltenden gesetzlichen Vorschriften, insbesondere \u00a7\u00a7 434 ff. BGB.<\/p>\n<p><strong>8.2<\/strong><br \/>\nEn caso de que el cliente tenga que pagar un precio de transporte ofensivo, se le pedir\u00e1 que lo comunique sin demora al cliente y que informe a UTT al respecto. Esto no afecta al cliente. Las repercusiones sobre los derechos de los trabajadores de los clientes no se han tenido en cuenta ni se han unido a UTT.<\/p>\n<p><strong> <\/strong><\/p>\n<p><strong>9. <\/strong><strong>Widerrufsrecht<\/strong><\/p>\n<p><strong>9.1<\/strong><\/p>\n<p>Este derecho s\u00f3lo se aplica a los clientes que hayan firmado un contrato con UTT como Verbraucher (v\u00e9ase la definici\u00f3n 2.2):<\/p>\n<p><strong><em>Widerrufsbelehrung<\/em><\/strong><\/p>\n<p><em>Widerrufsrecht<\/em><\/p>\n<p><em>Tienes derecho a que en un plazo de cuatro meses, sin necesidad de consultar a nadie, se resuelva este asunto.<\/em><\/p>\n<p><em>El plazo m\u00e1ximo es de cuatro d\u00edas a partir de la fecha en la que t\u00fa o un tercero que no sea el beneficiario, y que no sea el beneficiario, hay\u00e1is recibido la \u00faltima entrega o mercanc\u00eda. sombrero.<\/em><\/p>\n<p><em>Para proteger tu derecho de defensa, debes contactar con nosotros<\/em><\/p>\n<p><em>(UTT Technology GmbH,  <\/em><\/p>\n<p><em>Lise-Meinter-Allee 13, D-44801 Bochum,<\/em><\/p>\n<p><em>Tel\u00e9fono 0234-79449565,<\/em><\/p>\n<p><em>Correo electr\u00f3nico <\/em><a href=\"mailto:info@tilta.com\"><em>info@tilta.com<\/em><\/a><\/p>\n<p><em>a trav\u00e9s de una comunicaci\u00f3n individual (por ejemplo, un escrito o un correo electr\u00f3nico enviado por correo postal) sobre tu solicitud de ampliaci\u00f3n de la misma, inf\u00f3rmate.  <\/em><\/p>\n<p><em>Tambi\u00e9n puedes utilizar el Formulario de consulta &#8211; Widerrufsformular, que no est\u00e1 descrito.<\/em><\/p>\n<p><em>Para que el Defensor del Pueblo pueda actuar, es necesario que te hayas ausentado de la comunicaci\u00f3n sobre la ejecuci\u00f3n del Defensor del Pueblo antes de que \u00e9ste se haya pronunciado.<\/em><\/p>\n<p><strong><em>Folgen des Widerrufs<\/em><\/strong><\/p>\n<p><em>Si aceptas este Contrato, te enviaremos todos los pagos que hayamos efectuado, incluidos los gastos de env\u00edo (con la excepci\u00f3n de los gastos adicionales, que se calcular\u00e1n en caso de que recibas un tipo de env\u00edo distinto al nuestro, el env\u00edo est\u00e1ndar gratuito), sin l\u00edmite de tiempo y, a m\u00e1s tardar, dentro de las cuatro horas siguientes a la fecha de env\u00edo, una vez que nos hayas comunicado tu aceptaci\u00f3n del Contrato. Para este reembolso, utilizamos cualquier medio de pago que hayas utilizado en la transacci\u00f3n anterior, ya que con ellos se ha intercambiado algo distinto; en ning\u00fan caso se utilizar\u00e1n estos medios para el reembolso.  <\/em><\/p>\n<p><em>Wir k\u00f6nnen die R\u00fcckzahlung verweigern, bis wir die Waren zur\u00fcckerhalten haben oder bis Sie den Nachweis erbracht haben, dass Sie die Waren zur\u00fcckgesandt haben, je nachdem, welches der fr\u00fchere Zeitpunkt ist.<\/em><\/p>\n<p><em>Sie haben die Waren unverz\u00fcglich und in jedem Fall sp\u00e4testens binnen vierzehn Tagen ab dem Tag, an dem Sie uns \u00fcber den Widerruf dieses Vertrages unterrichten, an uns zur\u00fcckzusenden oder zu \u00fcbergeben. Die Frist ist gewahrt, wenn Sie die Waren vor Ablauf der Frist von vierzehn Tagen absenden.<\/em><\/p>\n<p><em>Pagar\u00e1s los costes no incluidos en el precio de reembolso de las garant\u00edas.<\/em><\/p>\n<p><em>\u00danicamente deber\u00e1s tener en cuenta un posible deterioro de las garant\u00edas cuando dicho deterioro se deba a un deterioro de las cualidades, caracter\u00edsticas y funcionamiento de las garant\u00edas que no sea necesario para alcanzarlas.<\/em><\/p>\n<p><strong>Muster- Widerrufsformular<\/strong><\/p>\n<p><em>(Si quieres ampliar el formulario, rell\u00e9nalo y env\u00edalo)<\/em><\/p>\n<p><em>En<\/em><\/p>\n<p><em>UTT Technology GmbH,  <\/em><\/p>\n<p><em>Lise-Meinter-Allee 13, D-44801 Bochum;<\/em><\/p>\n<p><em>Correo electr\u00f3nico <\/em><a href=\"mailto:info@tilta.com\"><em>info@tilta.com<\/em><\/a><\/p>\n<p><em>Por lo tanto, yo\/nosotros aceptamos el Vertrag de mir\/uns (*) abgeschlossenen \u00fcber den Kauf der folgenden Waren (*)\/die Erbringung der folgenden Dienstleistung (*)<\/em><\/p>\n<p><em>Bestellt am (*)\/ erhalten am (*)<\/em><\/p>\n<p><em>Nombre des\/der Verbraucher(s):<\/em><\/p>\n<p><em>Anschrift des\/der Verbraucher(s):<\/em><\/p>\n<p><em>Unterschrift des\/der Verbraucher(s) (nur bei Mitteilung auf Papier):<\/em><\/p>\n<p><em>Datum:<\/em><\/p>\n<p><em>(*) Unzutreffendes streichen.<\/em><\/p>\n<p>&nbsp;<\/p>\n<p><strong>10. Sugerencias para la gesti\u00f3n de datos\/protecci\u00f3n de textos de verificaci\u00f3n<\/strong><\/p>\n<p><strong>10.1<\/strong><br \/>\n<strong>UTT<\/strong> trabaja en el desarrollo de los datos de verificaci\u00f3n de los clientes. <strong>UTT<\/strong> tiene en cuenta las normas vigentes sobre protecci\u00f3n de datos, en particular la Ley Federal de Protecci\u00f3n de Datos (BDSG) y el Reglamento de Protecci\u00f3n de Datos (DS-GVO).<\/p>\n<p>Sin la autorizaci\u00f3n del cliente, <strong>UTT<\/strong> s\u00f3lo procesar\u00e1 los datos de ventas y de uso del cliente, siempre que sea para el desarrollo de las relaciones comerciales o para la obtenci\u00f3n de un derecho de propiedad intelectual, que <strong>UTT<\/strong>, como empresa colaboradora, debe cumplir. Puedes encontrar m\u00e1s informaci\u00f3n sobre la gesti\u00f3n de datos en la ficha de datos actual, que se encuentra en<a href=\"\/datenschutz\/\">[Hyperlink einf\u00fcgen<\/a>].<\/p>\n<p><strong>10.2<\/strong><br \/>\n<strong>UTT<\/strong> no procesa el texto de la declaraci\u00f3n y no es accesible para el Cliente. No obstante, <strong>UTT<\/strong> enviar\u00e1 al Cliente por correo electr\u00f3nico, una vez finalizado el proceso de consulta, un resumen del texto de consulta.<\/p>\n<p>&nbsp;<\/p>\n<p><strong>11. Rechtswahl\/ Gerichtsstand<\/strong><\/p>\n<p><strong>11.1<\/strong><br \/>\nEs gilt ausschlie\u00dflich deutsches Recht unter Ausschluss des UN-Kaufrechts (CISG) und anderer Einheitsrechte.<\/p>\n<p>Esta cl\u00e1usula de derecho no se aplica a los trabajadores que tienen una actividad permanente en el extranjero, sino a la legislaci\u00f3n nacional de los trabajadores que contiene normas que no pueden aplicarse a los trabajadores en \u00faltima instancia.<\/p>\n<p>Voraussetzungen und Wirkungen des Eigentumsvorbehalts gem\u00e4\u00df Ziffer 5 unterliegen dem Recht am jeweiligen Lagerort der Sache, soweit danach die getroffene Rechtswahl zugunsten des deutschen Rechts unzul\u00e4ssig oder unwirksam ist.<\/p>\n<p>11.2<br \/>\nSi el Cliente no es un Comprador (v\u00e9ase la cl\u00e1usula 2.2.), sino un Comprador, una Persona Jur\u00eddica de Derecho P\u00fablico o una Persona Jur\u00eddica de Derecho P\u00fablico, se aplica la Normativa para todos los litigios de contratos entre el Cliente y UTT en Bochum, Alemania.<\/p>\n<p>11.3<\/p>\n<p>Si el interesado, que no es comerciante, no tiene su domicilio general en Alemania, o si su vivienda o lugar de residencia no se encuentran en el momento de la ejecuci\u00f3n jur\u00eddica, el domicilio general se encuentra tambi\u00e9n en Bochum.<\/p>\n<p>&nbsp;<\/p>\n<p><strong>12. Schlussbestimmungen<\/strong><\/p>\n<p><strong>12.1<\/strong><\/p>\n<p>La Comisi\u00f3n Europea ha puesto a disposici\u00f3n de los usuarios una plataforma para el tratamiento de datos en l\u00ednea (Online-Streitbeilegung, OS), que se puede encontrar en <a href=\"https:\/\/ec.europa.eu\/consumers\/odr\/\" target=\"_blank\" rel=\"noopener\">https:\/\/ec.europa.eu\/consumers\/odr<\/a>.<\/p>\n<p><strong>12.2<\/strong><\/p>\n<p><strong>UTT<\/strong> ist weder bereit noch verpflichtet, an Streitbeilegungsverfahren vor einer Verbraucherschlichtungsstelle nach VSBG teilzunehmen.<\/p>\n<p><strong>12.3<\/strong><\/p>\n<p><strong>UTT<\/strong> no est\u00e1 vinculada a ning\u00fan c\u00f3digo de conducta.<\/p>\n<p><strong>12.4<\/strong><\/p>\n<p>Si una de estas inmunizaciones es total o parcialmente incorrecta, nula o insatisfactoria, o si se produce un fallo en dichas inmunizaciones, no se tendr\u00e1 en cuenta su eficacia. \u00a7 306 Abs. 2 y 3 BGB bleibt davon unber\u00fchrt.<\/p>\n","protected":false},"excerpt":{"rendered":"<p>ALLGEMEINE GESCH\u00c4FTSBEDINGUNGEN f\u00fcr Webshop (AGB) (Stand: 10.2024) &nbsp; 1. Sector de actividad de la AGB 1.1 Las presentes Condiciones Generales en el marco de la venta por Internet que se describen a continuaci\u00f3n se aplicar\u00e1n exclusivamente a la compra de [&hellip;]<\/p>\n","protected":false},"author":57023,"featured_media":0,"parent":0,"menu_order":0,"comment_status":"closed","ping_status":"closed","template":"","meta":{"footnotes":""},"acf":[],"_links":{"self":[{"href":"https:\/\/eu.tilta.com\/es\/wp-json\/wp\/v2\/pages\/2016772"}],"collection":[{"href":"https:\/\/eu.tilta.com\/es\/wp-json\/wp\/v2\/pages"}],"about":[{"href":"https:\/\/eu.tilta.com\/es\/wp-json\/wp\/v2\/types\/page"}],"author":[{"embeddable":true,"href":"https:\/\/eu.tilta.com\/es\/wp-json\/wp\/v2\/users\/57023"}],"replies":[{"embeddable":true,"href":"https:\/\/eu.tilta.com\/es\/wp-json\/wp\/v2\/comments?post=2016772"}],"version-history":[{"count":0,"href":"https:\/\/eu.tilta.com\/es\/wp-json\/wp\/v2\/pages\/2016772\/revisions"}],"wp:attachment":[{"href":"https:\/\/eu.tilta.com\/es\/wp-json\/wp\/v2\/media?parent=2016772"}],"curies":[{"name":"wp","href":"https:\/\/api.w.org\/{rel}","templated":true}]}}