{"id":2026251,"date":"2018-10-23T12:34:47","date_gmt":"2018-10-23T10:34:47","guid":{"rendered":"https:\/\/eu.tilta.com\/affiliate-area\/acuerdo-de-afiliacion-a-tilta\/"},"modified":"2018-10-23T12:34:47","modified_gmt":"2018-10-23T10:34:47","slug":"affiliate-agreement","status":"publish","type":"page","link":"https:\/\/eu.tilta.com\/es\/affiliate-area\/affiliate-agreement\/","title":{"rendered":"Acuerdo de afiliaci\u00f3n a Tilta"},"content":{"rendered":"<p><strong>Registro de Afiliados<\/strong><\/p>\n<p>Revisamos y moderamos todas las inscripciones de afiliados, y agradecemos tu informaci\u00f3n precisa y honesta. Ten en cuenta que el proceso de revisi\u00f3n puede tardar unos d\u00edas: \u00a1sabemos que est\u00e1s deseando unirte a nuestro equipo de afiliados y agradecemos tu paciencia!<\/p>\n<p>Si te aprueban, \u00a1genial! Recibir\u00e1s un ID de recomendaci\u00f3n \u00fanico que podr\u00e1s utilizar para promocionar Tilta a trav\u00e9s de enlaces de recomendaci\u00f3n. Echa un vistazo a tu <a href=\"\/affiliate-area\/\">\u00c1rea de Afiliados<\/a> privada para obtener informaci\u00f3n sobre visitas y remisiones, im\u00e1genes, banners, gr\u00e1ficos y mucho m\u00e1s (&#8220;Contenido del Programa&#8221;).<\/p>\n<p>AL ENVIAR UNA SOLICITUD DE AFILIACI\u00d3N O AL PARTICIPAR EN EL PROGRAMA DE AFILIADOS, CONFIRMAS QUE HAS LE\u00cdDO ESTE ACUERDO Y LOS T\u00c9RMINOS Y CONDICIONES DE TILTA Y QUE ACEPTAS QUEDAR VINCULADO POR ESTOS T\u00c9RMINOS Y CONDICIONES. Al participar en el Programa de Afiliaci\u00f3n, tambi\u00e9n aceptas las <a href=\"\/affiliate-area\/program-policies\/\">Pol\u00edticas del Programa<\/a>, que se incorporan por referencia.<\/p>\n<p>El Programa de Afiliaci\u00f3n de Tilta te permite monetizar tu sitio web, contenido generado por el usuario en redes sociales o aplicaci\u00f3n de software online (en adelante, tu &#8220;Sitio&#8221;), colocando en tu Sitio enlaces a un sitio web de Tilta (&#8220;Sitio Tilta&#8221;). Debes utilizar adecuadamente los formatos de enlace de referencia que te proporcionamos y cumplir con este Acuerdo (&#8220;Enlaces especiales&#8221;).<\/p>\n<p>&nbsp;<\/p>\n<p><strong>Comisiones y pagos<\/strong><\/p>\n<p>Ganar\u00e1s una <strong>comisi\u00f3n del 5% <\/strong>del precio de compra cuando un cliente realice una compra en Tilta.com utilizando tu enlace de recomendaci\u00f3n.<\/p>\n<p>Pagamos las comisiones de afiliaci\u00f3n <strong>en euros (\u20ac)<\/strong> <strong>mediante transferencia bancaria<\/strong>. S\u00f3lo pagamos las comisiones que tienen <strong>m\u00e1s de 60 d\u00edas, y el pago se realiza en un plazo de 90 d\u00edas a partir del final del mes<\/strong>. El <strong>saldo m\u00ednimo de pago es de 20,00 \u20ac<\/strong>. No hay saldo m\u00e1ximo de pago. Exigiremos que se rellene un formulario W9 a efectos fiscales antes de realizar cualquier pago.<\/p>\n<p>No permitimos que se generen referencias en tus propias compras. No ofrecemos referencias recurrentes.<\/p>\n<p>He aqu\u00ed los detalles de nuestro programa en resumen:<\/p>\n<ul>\n<li>Recibir\u00e1s un 5% de comisi\u00f3n por cada<em> venta<\/em> que recomiendes<\/li>\n<li>Saldo m\u00ednimo de pago de 20,00 \u20ac, y sin pago m\u00e1ximo (pagamos en euros (\u20ac))<\/li>\n<li>Las comisiones se pagan cada 30 d\u00edas<\/li>\n<li>Las referencias se pagan mediante transferencia bancaria<\/li>\n<li>No se pueden generar referidos en tus propias compras (esto incluye utilizar una direcci\u00f3n de correo electr\u00f3nico diferente).<\/li>\n<\/ul>\n<p>&nbsp;<\/p>\n<p><strong>Clientes de Tilta<\/strong><\/p>\n<p>Nuestros clientes no son, en virtud de tu participaci\u00f3n en el Programa de Afiliaci\u00f3n, tus clientes. Entre t\u00fa y nosotros, todos los precios, condiciones de venta, normas, pol\u00edticas y procedimientos operativos relativos a los pedidos de los clientes, el servicio al cliente y la venta de productos establecidos en el sitio web de Tilta se aplicar\u00e1n a dichos clientes y podr\u00e1n modificarse en cualquier momento. No gestionar\u00e1s ni dirigir\u00e1s ning\u00fan contacto con ninguno de nuestros clientes y, en caso de que alguno de nuestros clientes se ponga en contacto contigo por un asunto relacionado con la interacci\u00f3n con el sitio web de Tilta, indicar\u00e1s que dichos clientes deben seguir las instrucciones de contacto de dicho sitio web de Tilta para tratar los asuntos relacionados con el servicio de atenci\u00f3n al cliente.<\/p>\n<p>&nbsp;<\/p>\n<p><strong>Garant\u00edas<\/strong><\/p>\n<p>Declaras, garantizas y te comprometes a que (a) participar\u00e1s en el Programa de Afiliados y crear\u00e1s, mantendr\u00e1s y explotar\u00e1s tu Sitio Web de conformidad con el presente Contrato, (b) ni tu participaci\u00f3n en el Programa de Afiliados ni la creaci\u00f3n, mantenimiento o funcionamiento de tu Sitio infringir\u00e1n las leyes, ordenanzas, normas, reglamentos, \u00f3rdenes, licencias, permisos, directrices, c\u00f3digos de pr\u00e1cticas, normas del sector, normas de autorregulaci\u00f3n, sentencias, decisiones u otros requisitos aplicables de cualquier autoridad gubernamental que tenga jurisdicci\u00f3n sobre ti (incluidas todas aquellas normas que rijan las comunicaciones, la protecci\u00f3n de datos, la publicidad y el marketing), (c) est\u00e1s legalmente capacitado para celebrar contratos (por ejemplo, no eres menor de edad ni est\u00e1s legalmente impedido para contratar), (d) has evaluado de forma independiente la conveniencia de participar en el Programa de Afiliados y no te basas en ninguna representaci\u00f3n, garant\u00eda o declaraci\u00f3n que no sea la expresamente establecida en el presente Contrato, (e) no participar\u00e1s en el Programa de Afiliados si eres objeto de sanciones estadounidenses o de sanciones acordes con la legislaci\u00f3n local impuestas por los gobiernos del pa\u00eds en el que est\u00e9s utilizando los servicios de nuestro Programa de Afiliados; (f) cumplir\u00e1s todas las restricciones de exportaci\u00f3n y reexportaci\u00f3n de la Uni\u00f3n Europea o de otro tipo que puedan aplicarse a los bienes, software, tecnolog\u00eda y servicios, y (g) la informaci\u00f3n que proporciones en relaci\u00f3n con el Programa de Afiliados es exacta y completa en todo momento. Puedes actualizar tu informaci\u00f3n accediendo a tu cuenta en el portal del \u00c1rea de Afiliados&#8221;.<\/p>\n<p>No hacemos ninguna declaraci\u00f3n, garant\u00eda o pacto respecto a la cantidad de tr\u00e1fico o comisiones que puedes esperar en cualquier momento en relaci\u00f3n con el Programa de Asociados, y no seremos responsables de ninguna acci\u00f3n que emprendas bas\u00e1ndote en tus expectativas.<\/p>\n<p>&nbsp;<\/p>\n<p><strong>Identificarte como afiliado<\/strong><\/p>\n<p>Debes indicar claramente lo siguiente, o cualquier declaraci\u00f3n sustancialmente similar, en tu Sitio o en cualquier otro lugar donde Tilta pueda autorizar tu exhibici\u00f3n u otro uso del Contenido del Programa: &#8220;Como Afiliado de Tilta gano con las compras que cumplan los requisitos&#8221;. A excepci\u00f3n de esta divulgaci\u00f3n, no har\u00e1s ninguna comunicaci\u00f3n p\u00fablica con respecto a este Contrato o a tu participaci\u00f3n en el Programa de Afiliados sin nuestro permiso previo por escrito. No tergiversar\u00e1s ni embellecer\u00e1s nuestra relaci\u00f3n contigo (ni siquiera expresando o dando a entender que te apoyamos, patrocinamos o respaldamos), ni expresar\u00e1s o dar\u00e1s a entender ninguna afiliaci\u00f3n entre nosotros y t\u00fa o cualquier otra persona o entidad, excepto en los casos expresamente permitidos por este Contrato.<\/p>\n<p>&nbsp;<\/p>\n<p><strong>Duraci\u00f3n de la cookie de referencia<\/strong><\/p>\n<p>Cuando un cliente potencial hace clic en tu enlace de recomendaci\u00f3n, se almacena una cookie en su navegador para hacer un seguimiento de tu recomendaci\u00f3n. A continuaci\u00f3n, la cookie se almacena durante un <strong>periodo de 7 d\u00edas<\/strong> para dar tiempo a tus clientes referidos a decidir si desean comprar el Nucleus Nano, o a hacernos cualquier pregunta de preventa que puedan tener. En caso de que dos afiliados env\u00eden referidos al sitio web de Tilta, la comisi\u00f3n ir\u00e1 al afiliado en cuyo enlace se haya hecho clic en \u00faltimo lugar.<\/p>\n<p>No se conceder\u00e1 una recomendaci\u00f3n si<\/p>\n<ol>\n<li>El cliente utiliza para comprar un navegador distinto del que utiliz\u00f3 originalmente para visitar nuestro sitio (porque la cookie no existe en ese navegador).<\/li>\n<li>El cliente compra al cabo de 7 d\u00edas (porque la cookie caducar\u00e1).<\/li>\n<\/ol>\n<p>&nbsp;<\/p>\n<p><strong>Compras reembolsadas<\/strong><\/p>\n<p>Las referencias con m\u00e1s de 7 d\u00edas de antig\u00fcedad y al corriente de pago (es decir, que no se haya reembolsado la compra) se incluir\u00e1n en cada pago de comisiones (si el saldo de comisiones asciende a 20,00 $ o m\u00e1s). Si se reembolsa una compra, no se pagar\u00e1 comisi\u00f3n por esa recomendaci\u00f3n.<\/p>\n<p>Nos reservamos el derecho a rechazar comisiones de afiliados por cualquier motivo. Los rechazos de la Comisi\u00f3n pueden producirse por los siguientes motivos:<\/p>\n<ol>\n<li>La venta en la que se bas\u00f3 la recomendaci\u00f3n fue reembolsada<\/li>\n<li>El m\u00e9todo por el que se gener\u00f3 la recomendaci\u00f3n infring\u00eda nuestras pol\u00edticas promocionales (ver m\u00e1s abajo) o violaba el esp\u00edritu del Contrato de afiliaci\u00f3n.<\/li>\n<\/ol>\n<p>&nbsp;<\/p>\n<p><strong>Actualizaciones de correo electr\u00f3nico para afiliados<\/strong><\/p>\n<p>Al convertirte en afiliado, aceptas recibir correos electr\u00f3nicos de Tilta. Estos correos electr\u00f3nicos se enviar\u00e1n \u00fanicamente a los afiliados, de forma puntual, y pueden incluir informaci\u00f3n importante relativa al programa de afiliados de Tilta. Estos correos electr\u00f3nicos tambi\u00e9n te proporcionar\u00e1n noticias y actualizaciones relevantes para ayudarte a promocionar eficazmente Tilta. Como afiliado, puedes estar al tanto de informaci\u00f3n embargada o sensible al tiempo en estos correos electr\u00f3nicos (esta informaci\u00f3n s\u00f3lo puede promocionarse una vez levantado el embargo). Y no te enviaremos spam nunca, \u00a1prometido!<\/p>\n<p>&nbsp;<\/p>\n<p><strong>Rechazo de la solicitud de afiliaci\u00f3n<\/strong><\/p>\n<p>Nos reservamos el derecho a rechazar solicitudes de afiliaci\u00f3n por cualquier motivo. Tambi\u00e9n nos reservamos el derecho a elegir si proporcionamos una explicaci\u00f3n o razonamiento del rechazo de la solicitud de afiliaci\u00f3n. A continuaci\u00f3n se indican algunas razones por las que puede rechazarse una solicitud (no es una lista exhaustiva):<\/p>\n<ul>\n<li>Se rechazar\u00e1n las solicitudes de afiliaci\u00f3n de sitios web que vendan, anuncien o se dediquen a la pornograf\u00eda, estafas de phishing, spamming, pr\u00e1cticas comerciales ilegales o que incluyan cualquier material que infrinja los Derechos de Autor Nacionales o Internacionales.<\/li>\n<li>Las solicitudes de afiliaci\u00f3n de sitios web que no consideremos alineados con nuestra industria o negocio pueden ser rechazadas.<\/li>\n<li>Los solicitantes afiliados con sitios web que revendan cualquiera de nuestros productos ser\u00e1n rechazados.<\/li>\n<li>Los sitios web considerados inapropiados por Tilta ser\u00e1n rechazados.<\/li>\n<\/ul>\n<p>&nbsp;<\/p>\n<p><strong>Sitios web inapropiados:<\/strong><\/p>\n<p>No est\u00e1 permitido afiliarse a los siguientes tipos de sitios: sitios para adultos, sitios que muestren material o banners para adultos, sitios que promuevan la violencia, el odio o la intolerancia, sitios que promuevan o se dediquen a actividades ilegales, incluyendo (pero sin limitarse a ello) la reventa no autorizada, y sitios de cupones. Las solicitudes de afiliaci\u00f3n de sitios web inapropiados ser\u00e1n rechazadas, y nos reservamos el derecho a decidir si proporcionamos o no un motivo de rechazo.<\/p>\n<p><strong>Los afiliados no pueden publicar anuncios en la red publicitaria de Google.<\/strong>  A partir del 1 de febrero de 2023, no se abonar\u00e1n los pagos de referencia de pedidos posteriores a esa fecha originados por Anuncios de Google.<\/p>\n<p>&nbsp;<\/p>\n<p><strong>Preguntas sobre tu solicitud<\/strong><\/p>\n<p>Cuando solicitas convertirte en afiliado, podemos enviarte un correo electr\u00f3nico a la direcci\u00f3n de correo electr\u00f3nico que nos has facilitado con algunas preguntas relativas a tu solicitud. Esto puede deberse a que<\/p>\n<ul>\n<li>No hemos entendido algo de tu solicitud, o,<\/li>\n<li>Nos gustar\u00eda saber un poco m\u00e1s sobre c\u00f3mo vas a promocionar Tilta y necesitamos un poco m\u00e1s de detalle.<\/li>\n<\/ul>\n<p>Si nos ponemos en contacto contigo y no nos has contestado en 7 d\u00edas, tu solicitud puede ser rechazada. Si se rechaza tu solicitud inicial, puedes volver a solicitar ser afiliado y proporcionarnos m\u00e1s detalles para que la reconsideremos.<\/p>\n<p>&nbsp;<\/p>\n<p><strong>Cuentas de afiliados inactivas<\/strong><\/p>\n<p>Animamos a todos nuestros afiliados a promocionar activamente Tilta para seguir ganando referidos. Si podemos ayudarte con ideas sobre c\u00f3mo promocionar Tilta, h\u00e1znoslo saber: \u00a1estamos a tu disposici\u00f3n! Una cuenta de afiliado se considera inactiva si no se han generado visitas despu\u00e9s de un periodo de 6 meses.  <strong>Una cuenta de afiliado inactiva se desactivar\u00e1 temporalmente si no se han generado visitas despu\u00e9s de 6 meses.  <\/strong><\/p>\n<p>&nbsp;<\/p>\n<p><strong>Plazo y cese<\/strong><\/p>\n<ol>\n<li>La vigencia de este Contrato comenzar\u00e1 en el momento en que aceptemos tu solicitud para el Programa de Afiliaci\u00f3n y finalizar\u00e1 cuando cualquiera de las partes lo rescinda (la &#8220;Vigencia&#8221;). Cualquiera de las partes podr\u00e1 rescindir el presente Acuerdo en cualquier momento, con o sin causa.<\/li>\n<li>S\u00f3lo puedes ganar comisiones por las compras cualificadas que se produzcan durante el Periodo de vigencia. Las comisiones obtenidas con anterioridad a la fecha de rescisi\u00f3n s\u00f3lo tendr\u00e1n derecho a comisiones si los pedidos de los productos Tilta relacionados no se cancelan en un plazo de (30) d\u00edas y cumplen todos los t\u00e9rminos de este Acuerdo. Podemos retener el pago final de tu comisi\u00f3n durante un tiempo razonable para asegurarnos de que todas las compras son v\u00e1lidas y los pagos de los clientes referidos son leg\u00edtimos, seg\u00fan determine Tilta a su entera discreci\u00f3n.<\/li>\n<li>Cualquier Afiliado que infrinja este Acuerdo, los T\u00e9rminos y Condiciones de Tilta o cualquier ley aplicable perder\u00e1 inmediatamente cualquier derecho a cualquier comisi\u00f3n devengada, pero a\u00fan no recibida, y ser\u00e1 eliminado inmediatamente del Programa de Afiliados.<\/li>\n<li>Tilta se reserva el derecho a eliminar a un Afiliado del Programa de Afiliados, y a rescindir o suspender este Acuerdo, en cualquier momento y por cualquier motivo, a la entera discreci\u00f3n de Tilta.<\/li>\n<\/ol>\n<p>&nbsp;<\/p>\n<p><strong>Renuncias<\/strong><\/p>\n<p>EL PROGRAMA DE AFILIADOS, EL SITIO TILTA, CUALQUIER PRODUCTO OFRECIDO EN EL SITIO TILTA, CUALQUIER ENLACE ESPECIAL, FORMATO DE ENLACE, CONTENIDO, LA API DE PUBLICIDAD DE PRODUCTOS, EL FEED DE DATOS, EL CONTENIDO DE PUBLICIDAD DE PRODUCTOS, NUESTROS NOMBRES DE DOMINIO, MARCAS COMERCIALES Y LOGOTIPOS (INCLUIDAS LAS MARCAS COMERCIALES DE TILTA) Y LOS DE NUESTROS AFILIADOS, Y TODA LA TECNOLOG\u00cdA, SOFTWARE, FUNCIONES, MATERIALES, DATOS, IM\u00c1GENES, TEXTO Y OTROS DERECHOS DE PROPIEDAD INTELECTUAL, INFORMACI\u00d3N Y CONTENIDO PROPORCIONADOS O UTILIZADOS POR NOSOTROS O EN NUESTRO NOMBRE EN RELACI\u00d3N CON EL PROGRAMA DE AFILIADOS (COLECTIVAMENTE, LAS &#8220;<strong>OFERTAS DE SERVICIO<\/strong>&#8220;) SE PROPORCIONAN &#8220;TAL CUAL&#8221; Y &#8220;SEG\u00daN EST\u00c9N DISPONIBLES&#8221;. TILTA NO OFRECE REPRESENTACI\u00d3N NI GARANT\u00cdA DE NING\u00daN TIPO, YA SEA EXPRESA, IMPL\u00cdCITA, LEGAL O DE OTRO TIPO, CON RESPECTO A LAS OFERTAS DE SERVICIOS. RENUNCIAMOS A TODAS LAS GARANT\u00cdAS CON RESPECTO A LAS OFERTAS DE SERVICIOS, INCLUIDAS LAS GARANT\u00cdAS IMPL\u00cdCITAS DE TITULARIDAD, COMERCIABILIDAD, CALIDAD SATISFACTORIA, ADECUACI\u00d3N A UN FIN DETERMINADO O NO INFRACCI\u00d3N, AS\u00cd COMO CUALQUIER GARANT\u00cdA DERIVADA DE CUALQUIER LEY, COSTUMBRE, CURSO DE LOS NEGOCIOS, RENDIMIENTO O USO COMERCIAL.<\/p>\n<p>&nbsp;<\/p>\n<p><strong>Limitaciones de responsabilidad<\/strong><\/p>\n<p>NO SOMOS RESPONSABLES DE LOS DA\u00d1OS INDIRECTOS, INCIDENTALES, ESPECIALES, CONSECUENTES O EJEMPLARES (INCLUIDA CUALQUIER P\u00c9RDIDA DE INGRESOS, BENEFICIOS, FONDO DE COMERCIO, USO O DATOS) QUE SURJAN EN RELACI\u00d3N CON LAS OFERTAS DE SERVICIO, INCLUSO SI HEMOS SIDO ADVERTIDOS DE LA POSIBILIDAD DE DICHOS DA\u00d1OS. ADEM\u00c1S, NUESTRA RESPONSABILIDAD AGREGADA QUE SURJA EN RELACI\u00d3N CON LAS OFERTAS DE SERVICIOS NO SUPERAR\u00c1 LAS TARIFAS TOTALES PAGADAS O PAGADERAS A TI EN VIRTUD DE ESTE ACUERDO EN LOS DOCE MESES INMEDIATAMENTE ANTERIORES A LA FECHA EN QUE SE PRODUJO EL HECHO QUE DIO LUGAR A LA RECLAMACI\u00d3N DE RESPONSABILIDAD M\u00c1S RECIENTE. POR LA PRESENTE, RENUNCIAS A CUALQUIER DERECHO O RECURSO EN EQUIDAD, INCLUIDO EL DERECHO A SOLICITAR UN CUMPLIMIENTO ESPEC\u00cdFICO, MEDIDAS CAUTELARES U OTRA REPARACI\u00d3N EQUITATIVA EN RELACI\u00d3N CON ESTE ACUERDO. NADA DE LO DISPUESTO EN ESTE P\u00c1RRAFO TENDR\u00c1 POR EFECTO LIMITAR LAS RESPONSABILIDADES QUE NO PUEDAN LIMITARSE EN VIRTUD DE LA LEGISLACI\u00d3N APLICABLE.<\/p>\n<p>&nbsp;<\/p>\n<p><strong>Indemnizaci\u00f3n<\/strong><\/p>\n<p>EN LA MEDIDA M\u00c1XIMA PERMITIDA POR LA LEGISLACI\u00d3N APLICABLE, NO SEREMOS RESPONSABLES DE NING\u00daN ASUNTO RELACIONADO DIRECTA O INDIRECTAMENTE CON LA CREACI\u00d3N, EL MANTENIMIENTO O EL FUNCIONAMIENTO DE TU SITIO WEB (INCLUIDO EL USO DE CUALQUIER OFERTA DE SERVICIOS) O CON TU INCUMPLIMIENTO DE ESTE ACUERDO, Y ACEPTAS DEFENDERNOS, INDEMNIZARNOS Y EXIMIRNOS A NOSOTROS Y A NUESTROS RESPECTIVOS EMPLEADOS, DIRECTIVOS, DIRECTORES Y REPRESENTANTES DE TODA RECLAMACI\u00d3N, DA\u00d1O, P\u00c9RDIDA, RESPONSABILIDAD, COSTE Y GASTO (INCLUIDOS LOS HONORARIOS DE LOS ABOGADOS) RELACIONADOS CON (A) TU SITIO O CUALQUIER MATERIAL QUE APAREZCA EN TU SITIO, INCLUIDA LA COMBINACI\u00d3N DE TU SITIO O ESOS MATERIALES CON OTRAS APLICACIONES, CONTENIDOS O PROCESOS, (B) EL USO, DESARROLLO, DISE\u00d1O, FABRICACI\u00d3N, PRODUCCI\u00d3N, PUBLICIDAD, PROMOCI\u00d3N O COMERCIALIZACI\u00d3N DE TU SITIO O DE CUALQUIER MATERIAL QUE APAREZCA EN TU SITIO O DENTRO DE \u00c9L, (C) TU USO DE CUALQUIER OFERTA DE SERVICIO, INDEPENDIENTEMENTE DE QUE DICHO USO EST\u00c9 AUTORIZADO O INFRINJA ESTE ACUERDO O LA LEGISLACI\u00d3N APLICABLE, (D) TU VIOLACI\u00d3N DE CUALQUIER T\u00c9RMINO O CONDICI\u00d3N DE ESTE ACUERDO (INCLUIDA CUALQUIER POL\u00cdTICA DEL PROGRAMA), O (E) NEGLIGENCIA O DOLO TUYO O DE TUS EMPLEADOS O CONTRATISTAS.<\/p>\n","protected":false},"excerpt":{"rendered":"<p>Registro de Afiliados Revisamos y moderamos todas las inscripciones de afiliados, y agradecemos tu informaci\u00f3n precisa y honesta. Ten en cuenta que el proceso de revisi\u00f3n puede tardar unos d\u00edas: \u00a1sabemos que est\u00e1s deseando unirte a nuestro equipo de afiliados [&hellip;]<\/p>\n","protected":false},"author":208,"featured_media":0,"parent":2026243,"menu_order":0,"comment_status":"closed","ping_status":"closed","template":"","meta":{"footnotes":""},"acf":[],"_links":{"self":[{"href":"https:\/\/eu.tilta.com\/es\/wp-json\/wp\/v2\/pages\/2026251"}],"collection":[{"href":"https:\/\/eu.tilta.com\/es\/wp-json\/wp\/v2\/pages"}],"about":[{"href":"https:\/\/eu.tilta.com\/es\/wp-json\/wp\/v2\/types\/page"}],"author":[{"embeddable":true,"href":"https:\/\/eu.tilta.com\/es\/wp-json\/wp\/v2\/users\/208"}],"replies":[{"embeddable":true,"href":"https:\/\/eu.tilta.com\/es\/wp-json\/wp\/v2\/comments?post=2026251"}],"version-history":[{"count":0,"href":"https:\/\/eu.tilta.com\/es\/wp-json\/wp\/v2\/pages\/2026251\/revisions"}],"up":[{"embeddable":true,"href":"https:\/\/eu.tilta.com\/es\/wp-json\/wp\/v2\/pages\/2026243"}],"wp:attachment":[{"href":"https:\/\/eu.tilta.com\/es\/wp-json\/wp\/v2\/media?parent=2026251"}],"curies":[{"name":"wp","href":"https:\/\/api.w.org\/{rel}","templated":true}]}}