{"id":1999543,"date":"2024-05-14T21:33:48","date_gmt":"2024-05-14T19:33:48","guid":{"rendered":"https:\/\/de.tilta.com\/shop\/soporte-de-montaje-del-monitor-del-asiento-trasero-pro\/"},"modified":"2025-12-05T13:22:59","modified_gmt":"2025-12-05T12:22:59","slug":"rear-seat-monitor-mounting-bracket-pro","status":"publish","type":"product","link":"https:\/\/eu.tilta.com\/es\/shop\/rear-seat-monitor-mounting-bracket-pro\/","title":{"rendered":"Soporte de montaje del monitor del asiento trasero Pro"},"content":{"rendered":"<p>El Soporte de montaje para monitor de asiento trasero Pro es la opci\u00f3n perfecta para soportar monitores y controladores de mayor tama\u00f1o en el asiento trasero de un coche con c\u00e1mara.<br \/>\nEste soporte se monta en la parte posterior de un reposacabezas y cuenta con una larga placa en forma de cola de milano que puede apoyarse en el suelo del veh\u00edculo como punto de contacto adicional.<br \/>\nLa parte superior del soporte tiene un punto de montaje articulado de 1\/4\u2033-20 para una gran variedad de monitores externos y una placa integrada para la bater\u00eda V-Mount, que sirve para montar c\u00f3modamente bater\u00edas V-Mount para alimentar estos monitores o accesorios como receptores de v\u00eddeo inal\u00e1mbricos.<br \/>\nEste soporte cuenta con una placa de montaje articulada de alta resistencia que es perfecta para montar opciones de control m\u00e1s grandes, como las Ruedas Maestras de DJI.<\/p>\n","protected":false},"excerpt":{"rendered":"<p>El Soporte de montaje para monitor de asiento trasero Pro es la opci\u00f3n perfecta para soportar monitores y controladores de mayor tama\u00f1o en el asiento trasero de un coche con c\u00e1mara. Este soporte se monta en la parte posterior de [&hellip;]<\/p>\n","protected":false},"featured_media":1999548,"comment_status":"closed","ping_status":"closed","template":"","meta":[],"product_cat":[2704,2703],"product_tag":[],"acf":[],"gallery_images":[1999549,1999550,1999551,1999552],"_links":{"self":[{"href":"https:\/\/eu.tilta.com\/es\/wp-json\/wp\/v2\/product\/1999543"}],"collection":[{"href":"https:\/\/eu.tilta.com\/es\/wp-json\/wp\/v2\/product"}],"about":[{"href":"https:\/\/eu.tilta.com\/es\/wp-json\/wp\/v2\/types\/product"}],"replies":[{"embeddable":true,"href":"https:\/\/eu.tilta.com\/es\/wp-json\/wp\/v2\/comments?post=1999543"}],"wp:featuredmedia":[{"embeddable":true,"href":"https:\/\/eu.tilta.com\/es\/wp-json\/wp\/v2\/media\/1999548"}],"wp:attachment":[{"href":"https:\/\/eu.tilta.com\/es\/wp-json\/wp\/v2\/media?parent=1999543"}],"wp:term":[{"taxonomy":"product_cat","embeddable":true,"href":"https:\/\/eu.tilta.com\/es\/wp-json\/wp\/v2\/product_cat?post=1999543"},{"taxonomy":"product_tag","embeddable":true,"href":"https:\/\/eu.tilta.com\/es\/wp-json\/wp\/v2\/product_tag?post=1999543"}],"curies":[{"name":"wp","href":"https:\/\/api.w.org\/{rel}","templated":true}]}}