{"id":1999544,"date":"2024-05-24T17:07:59","date_gmt":"2024-05-24T15:07:59","guid":{"rendered":"https:\/\/de.tilta.com\/shop\/sistema-de-montaje-articulado-hydra-para-automoviles\/"},"modified":"2025-12-05T14:15:18","modified_gmt":"2025-12-05T13:15:18","slug":"hydra-articulating-car-mounting-system","status":"publish","type":"product","link":"https:\/\/eu.tilta.com\/es\/shop\/hydra-articulating-car-mounting-system\/","title":{"rendered":"Sistema de montaje articulado Hydra para autom\u00f3viles"},"content":{"rendered":"<p><em>Presentamos el Sistema de Montaje Articulado para Coches Hydra<\/em><\/p>\n<p>Con tres ventosas de 15 cm con brazos articulados de alta resistencia y una capacidad de carga de 44 lb, este ligero sistema es ideal para hacer fotos del interior y el exterior del coche en diversos entornos.<\/p>\n<p>La base central del sistema cuenta con una cabeza esf\u00e9rica de 75 mm con un centro de gravedad bajo y un ajuste horizontal de hasta 15\u00b0. Tambi\u00e9n se pueden utilizar otras cabezas de tr\u00edpode de 75 mm.<\/p>\n<p>La r\u00f3tula incluida admite placas de liberaci\u00f3n r\u00e1pida Arca y Manfrotto, por lo que es compatible con c\u00e1maras sin espejo y de cine ligeras, con o sin jaula.<\/p>\n<p>La flexibilidad de los brazos articulados hace que este sistema sea perfecto para \u00e1ngulos singulares, especialmente los que requieren un perfil bajo.<\/p>\n<p>Fabricados con aleaci\u00f3n de aluminio de alta resistencia y acero inoxidable, cada brazo articulado tiene una capacidad de carga m\u00e1xima de 17,5 lb y cuenta con un pomo de bloqueo reversible para un uso c\u00f3modo.<\/p>\n<p>La opci\u00f3n de ventosa electr\u00f3nica opcional incluye tres ventosas alimentadas por pilas que tienen la capacidad de controlar la presi\u00f3n en tiempo real de estas ventosas y aumentar autom\u00e1ticamente la succi\u00f3n en caso de fuga.<\/p>\n","protected":false},"excerpt":{"rendered":"<p>Presentamos el Sistema de Montaje Articulado para Coches Hydra Con tres ventosas de 15 cm con brazos articulados de alta resistencia y una capacidad de carga de 44 lb, este ligero sistema es ideal para hacer fotos del interior y [&hellip;]<\/p>\n","protected":false},"featured_media":2105807,"comment_status":"closed","ping_status":"closed","template":"","meta":[],"product_cat":[2708],"product_tag":[],"acf":[],"gallery_images":[2105800,2105794,2105813,2105823,1999558],"_links":{"self":[{"href":"https:\/\/eu.tilta.com\/es\/wp-json\/wp\/v2\/product\/1999544"}],"collection":[{"href":"https:\/\/eu.tilta.com\/es\/wp-json\/wp\/v2\/product"}],"about":[{"href":"https:\/\/eu.tilta.com\/es\/wp-json\/wp\/v2\/types\/product"}],"replies":[{"embeddable":true,"href":"https:\/\/eu.tilta.com\/es\/wp-json\/wp\/v2\/comments?post=1999544"}],"wp:featuredmedia":[{"embeddable":true,"href":"https:\/\/eu.tilta.com\/es\/wp-json\/wp\/v2\/media\/2105807"}],"wp:attachment":[{"href":"https:\/\/eu.tilta.com\/es\/wp-json\/wp\/v2\/media?parent=1999544"}],"wp:term":[{"taxonomy":"product_cat","embeddable":true,"href":"https:\/\/eu.tilta.com\/es\/wp-json\/wp\/v2\/product_cat?post=1999544"},{"taxonomy":"product_tag","embeddable":true,"href":"https:\/\/eu.tilta.com\/es\/wp-json\/wp\/v2\/product_tag?post=1999544"}],"curies":[{"name":"wp","href":"https:\/\/api.w.org\/{rel}","templated":true}]}}