{"id":1999545,"date":"2024-04-11T21:00:34","date_gmt":"2024-04-11T19:00:34","guid":{"rendered":"https:\/\/de.tilta.com\/shop\/cabeza-de-fluido-cine-tilta-de-75-mm-con-patas-de-tripode-de-fibra-de-carbono-one-touch-de-2-etapas-12kg\/"},"modified":"2025-12-05T13:23:08","modified_gmt":"2025-12-05T12:23:08","slug":"tilta-75mm-cine-fluid-head-with-2-stage-one-touch-carbon-fiber-tripod-legs-12kg","status":"publish","type":"product","link":"https:\/\/eu.tilta.com\/es\/shop\/tilta-75mm-cine-fluid-head-with-2-stage-one-touch-carbon-fiber-tripod-legs-12kg\/","title":{"rendered":"Cabeza de Fluido Cine Tilta de 75 mm con Patas de Tr\u00edpode de Fibra de Carbono One Touch de 2 Etapas (12KG)"},"content":{"rendered":"<p>Presentamos nuestra primera serie de tr\u00edpodes que integra a la perfecci\u00f3n alto rendimiento, alta calidad y alta precisi\u00f3n en uno, creando una soluci\u00f3n de imagen profesional para usuarios de alto nivel.<\/p>\n<p>La CT12 est\u00e1 equipada con un cabezal de fluido de cine de calidad profesional, con una estructura de amortiguaci\u00f3n y rebote de equilibrio din\u00e1mico de dise\u00f1o exclusivo.<\/p>\n<p>El contrapeso soporta hasta 26,5 lbs, con 10 niveles de ajuste din\u00e1mico del equilibrio. Se adapta a sistemas de c\u00e1maras con un peso de 2,2-26,5 lb para mantener un equilibrio estable en cualquier \u00e1ngulo de inclinaci\u00f3n.<\/p>\n<p>El cabezal tambi\u00e9n cuenta con 8 niveles de arrastre ajustables, que te permiten encontrar la resistencia m\u00e1s c\u00f3moda para el movimiento de la c\u00e1mara, ya sea inclinaci\u00f3n o panor\u00e1mica. Con su amortiguaci\u00f3n multinivel para la inclinaci\u00f3n y los amplios ajustes de \u00e1ngulo, cada movimiento de la c\u00e1mara se ejecuta con precisi\u00f3n.<\/p>\n<p>La base panor\u00e1mica permite una rotaci\u00f3n de 360\u00b0, mientras que el eje de inclinaci\u00f3n permite movimientos suaves de 90\u00b0 hacia delante y 60\u00b0 hacia atr\u00e1s. El Receptor Manfrotto Drop In permite un montaje r\u00e1pido y ofrece una forma sencilla de equilibrar el centro de gravedad de la c\u00e1mara sin utilizar una placa de cola de milano.<\/p>\n<p>Incorpora una luz LED para iluminar el nivel, facilitando el ajuste incluso en condiciones de poca luz. El sistema es resistente a altas y bajas temperaturas, funcionando en un rango entre -50\u00b0c y 60\u00b0c \/ -58\u00b0F y 140\u00b0F., lo que garantiza que tus herramientas no te ralentizar\u00e1n en entornos dif\u00edciles.<\/p>\n<p>La placa inferior panor\u00e1mica de 360\u00b0 permite realizar barridos horizontales suaves de la c\u00e1mara y amplias tomas panor\u00e1micas con facilidad, y cuenta con bloqueos independientes para la base de 360\u00b0 y para el eje de inclinaci\u00f3n, lo que garantiza que el equipo permanezca estable y seguro cuando sea necesario.<\/p>\n<p>El mango texturizado de silicona de la sart\u00e9n est\u00e1 dise\u00f1ado para ofrecer comodidad y facilidad de uso. Se puede intercambiar f\u00e1cilmente tanto a la izquierda como a la derecha del tr\u00edpode.<\/p>\n<p>Las patas de fibra de carbono de nuevo dise\u00f1o pueden soportar hasta 110 libras, con una altura m\u00ednima de s\u00f3lo 2,5 pies y una altura m\u00e1xima de 5,4 pies.<\/p>\n<p>El exclusivo proceso de construcci\u00f3n con carbono permite al tr\u00edpode soportar pesos m\u00e1s elevados y ofrece m\u00e1s estabilidad que los construidos con procesos est\u00e1ndar de fibra de carbono.<\/p>\n<p>Las patas pueden alojar cabezales de tr\u00edpode tanto de 75 mm como de 100 mm mediante un adaptador extra\u00edble, e incorporan un separador de nivel intermedio con bloqueo estilo hebilla de placa para mayor estabilidad.<\/p>\n","protected":false},"excerpt":{"rendered":"<p>Presentamos nuestra primera serie de tr\u00edpodes que integra a la perfecci\u00f3n alto rendimiento, alta calidad y alta precisi\u00f3n en uno, creando una soluci\u00f3n de imagen profesional para usuarios de alto nivel. La CT12 est\u00e1 equipada con un cabezal de fluido [&hellip;]<\/p>\n","protected":false},"featured_media":1999559,"comment_status":"closed","ping_status":"closed","template":"","meta":[],"product_cat":[3230,3899,3386,2750,3256,2749,2737],"product_tag":[],"acf":[],"gallery_images":[1975243,1975244,1975245,1975246,1975247,1975248],"_links":{"self":[{"href":"https:\/\/eu.tilta.com\/es\/wp-json\/wp\/v2\/product\/1999545"}],"collection":[{"href":"https:\/\/eu.tilta.com\/es\/wp-json\/wp\/v2\/product"}],"about":[{"href":"https:\/\/eu.tilta.com\/es\/wp-json\/wp\/v2\/types\/product"}],"replies":[{"embeddable":true,"href":"https:\/\/eu.tilta.com\/es\/wp-json\/wp\/v2\/comments?post=1999545"}],"wp:featuredmedia":[{"embeddable":true,"href":"https:\/\/eu.tilta.com\/es\/wp-json\/wp\/v2\/media\/1999559"}],"wp:attachment":[{"href":"https:\/\/eu.tilta.com\/es\/wp-json\/wp\/v2\/media?parent=1999545"}],"wp:term":[{"taxonomy":"product_cat","embeddable":true,"href":"https:\/\/eu.tilta.com\/es\/wp-json\/wp\/v2\/product_cat?post=1999545"},{"taxonomy":"product_tag","embeddable":true,"href":"https:\/\/eu.tilta.com\/es\/wp-json\/wp\/v2\/product_tag?post=1999545"}],"curies":[{"name":"wp","href":"https:\/\/api.w.org\/{rel}","templated":true}]}}