{"id":1999546,"date":"2024-05-24T17:07:16","date_gmt":"2024-05-24T15:07:16","guid":{"rendered":"https:\/\/de.tilta.com\/shop\/ventosa-electronica-hydra-45\/"},"modified":"2026-01-08T17:25:26","modified_gmt":"2026-01-08T16:25:26","slug":"electronic-suction-cup-4-5_","status":"publish","type":"product","link":"https:\/\/eu.tilta.com\/es\/shop\/electronic-suction-cup-4-5_\/","title":{"rendered":"Ventosa electr\u00f3nica Hydra (4,5&#8243;)"},"content":{"rendered":"<p><em>Presentamos la Ventosa Electr\u00f3nica Hydra.<\/em><\/p>\n<p>Estas ventosas de nueva generaci\u00f3n incorporan una detecci\u00f3n de la presi\u00f3n del aire que controla 1.000 veces por segundo para reconocer y mostrar la informaci\u00f3n de estado en una pantalla electr\u00f3nica.<\/p>\n<p>Cuando el sistema detecta una p\u00e9rdida de presi\u00f3n, el motor bombea aire adicional autom\u00e1ticamente para evitar que se desprendan las ventosas.<\/p>\n<p>Este motor integrado de alto rendimiento se alimenta a trav\u00e9s de una bater\u00eda interna y completa la succi\u00f3n electr\u00f3nica en *5 segundos, lo que aumenta enormemente la velocidad a la que se pueden fijar estas ventosas.<\/p>\n<p>La estructura mec\u00e1nica de la ventosa se ha mejorado con una estructura optimizada que presenta un nuevo dise\u00f1o compartimentado.<\/p>\n<p>Esto aumenta el \u00e1rea de contacto en un 20% en comparaci\u00f3n con las ventosas est\u00e1ndar, para mayor estabilidad y fiabilidad.<\/p>\n<p>El dise\u00f1o modular permite utilizar varias placas de montaje, lo que facilita el uso de estas ventosas con distintos sistemas de soporte.<\/p>\n<p>Las opciones incluyen soporte para la rosca M25 de la Hydra Alien, OTAN, as\u00ed como una opci\u00f3n de montaje m\u00faltiple universal para cubrir una amplia gama de escenarios.<\/p>\n<p>Nota: Antes de usarla, limpia la superficie prevista y aseg\u00farate de que la ventosa est\u00e1 bien adherida a la superficie. Una peque\u00f1a cantidad de humedad puede ayudar a mejorar el sellado y aumentar la fuerza de succi\u00f3n. Cuando utilices la ventosa sobre una superficie mojada, el orificio de escape\/descarga de l\u00edquido expulsar\u00e1 l\u00edquido, lo cual es normal.<\/p>\n","protected":false},"excerpt":{"rendered":"<p>Presentamos la Ventosa Electr\u00f3nica Hydra. Estas ventosas de nueva generaci\u00f3n incorporan una detecci\u00f3n de la presi\u00f3n del aire que controla 1.000 veces por segundo para reconocer y mostrar la informaci\u00f3n de estado en una pantalla electr\u00f3nica. Cuando el sistema detecta [&hellip;]<\/p>\n","protected":false},"featured_media":1999576,"comment_status":"closed","ping_status":"closed","template":"","meta":[],"product_cat":[2708,2718,2720,2722,2724,2726],"product_tag":[],"acf":[],"gallery_images":[1999578,1999580,1999582,1999584,1999586],"_links":{"self":[{"href":"https:\/\/eu.tilta.com\/es\/wp-json\/wp\/v2\/product\/1999546"}],"collection":[{"href":"https:\/\/eu.tilta.com\/es\/wp-json\/wp\/v2\/product"}],"about":[{"href":"https:\/\/eu.tilta.com\/es\/wp-json\/wp\/v2\/types\/product"}],"replies":[{"embeddable":true,"href":"https:\/\/eu.tilta.com\/es\/wp-json\/wp\/v2\/comments?post=1999546"}],"wp:featuredmedia":[{"embeddable":true,"href":"https:\/\/eu.tilta.com\/es\/wp-json\/wp\/v2\/media\/1999576"}],"wp:attachment":[{"href":"https:\/\/eu.tilta.com\/es\/wp-json\/wp\/v2\/media?parent=1999546"}],"wp:term":[{"taxonomy":"product_cat","embeddable":true,"href":"https:\/\/eu.tilta.com\/es\/wp-json\/wp\/v2\/product_cat?post=1999546"},{"taxonomy":"product_tag","embeddable":true,"href":"https:\/\/eu.tilta.com\/es\/wp-json\/wp\/v2\/product_tag?post=1999546"}],"curies":[{"name":"wp","href":"https:\/\/api.w.org\/{rel}","templated":true}]}}