{"id":1999732,"date":"2021-03-22T16:09:42","date_gmt":"2021-03-22T15:09:42","guid":{"rendered":"https:\/\/de.tilta.com\/shop\/asa-superior-ajustable-para-sony-fx6-fx3\/"},"modified":"2025-12-17T17:16:21","modified_gmt":"2025-12-17T16:16:21","slug":"adjustable-top-handle-for-sony-fx6","status":"publish","type":"product","link":"https:\/\/eu.tilta.com\/es\/shop\/adjustable-top-handle-for-sony-fx6\/","title":{"rendered":"Asa superior ajustable para Sony FX6\/FX3"},"content":{"rendered":"<p>Esta empu\u00f1adura superior ajustable puede girar 180 grados para satisfacer tus necesidades de tiro vertical. La empu\u00f1adura se puede ajustar hacia delante y hacia atr\u00e1s en cualquiera de las dos posiciones para ayudarte a encontrar el centro de gravedad de la estructura de tu c\u00e1mara, independientemente de la orientaci\u00f3n en la que est\u00e9s disparando. Compatible con la jaula de la c\u00e1mara para Sony FX6, FX3 y FX30.<\/p>\n","protected":false},"excerpt":{"rendered":"<p>Esta empu\u00f1adura superior ajustable puede girar 180 grados para satisfacer tus necesidades de tiro vertical. La empu\u00f1adura se puede ajustar hacia delante y hacia atr\u00e1s en cualquiera de las dos posiciones para ayudarte a encontrar el centro de gravedad de [&hellip;]<\/p>\n","protected":false},"featured_media":0,"comment_status":"closed","ping_status":"closed","template":"","meta":[],"product_cat":[2734,2733,2762],"product_tag":[],"acf":[],"gallery_images":[1058479],"_links":{"self":[{"href":"https:\/\/eu.tilta.com\/es\/wp-json\/wp\/v2\/product\/1999732"}],"collection":[{"href":"https:\/\/eu.tilta.com\/es\/wp-json\/wp\/v2\/product"}],"about":[{"href":"https:\/\/eu.tilta.com\/es\/wp-json\/wp\/v2\/types\/product"}],"replies":[{"embeddable":true,"href":"https:\/\/eu.tilta.com\/es\/wp-json\/wp\/v2\/comments?post=1999732"}],"wp:attachment":[{"href":"https:\/\/eu.tilta.com\/es\/wp-json\/wp\/v2\/media?parent=1999732"}],"wp:term":[{"taxonomy":"product_cat","embeddable":true,"href":"https:\/\/eu.tilta.com\/es\/wp-json\/wp\/v2\/product_cat?post=1999732"},{"taxonomy":"product_tag","embeddable":true,"href":"https:\/\/eu.tilta.com\/es\/wp-json\/wp\/v2\/product_tag?post=1999732"}],"curies":[{"name":"wp","href":"https:\/\/api.w.org\/{rel}","templated":true}]}}