{"id":1999869,"date":"2019-12-05T23:31:06","date_gmt":"2019-12-05T22:31:06","guid":{"rendered":"https:\/\/de.tilta.com\/shop\/cable-de-marcha-parada-de-la-empunadura-lateral-tilta\/"},"modified":"2026-02-16T09:03:10","modified_gmt":"2026-02-16T08:03:10","slug":"tiltaing-side-handle-run-stop-cable","status":"publish","type":"product","link":"https:\/\/eu.tilta.com\/es\/shop\/tiltaing-side-handle-run-stop-cable\/","title":{"rendered":"Cable de marcha\/parada de la empu\u00f1adura lateral Tilta"},"content":{"rendered":"<p>Estos cables para la Empu\u00f1adura de Alimentaci\u00f3n Lateral Tiltaing con Marcha\/Paro te proporcionan funciones de marcha\/paro en los sistemas de c\u00e1mara que lo admiten.<\/p>\n<p>S\u00f3lo tienes que enchufar el extremo de 7 patillas del cable a la empu\u00f1adura de alimentaci\u00f3n lateral Tiltaing con Run\/Stop y el otro extremo al puerto R\/S de la c\u00e1mara.<\/p>\n<p>Ten en cuenta que este cable se dise\u00f1\u00f3 espec\u00edficamente para las Asas de Potencia Laterales Tiltaing con Marcha\/Paro, por lo que la funci\u00f3n R\/S s\u00f3lo funciona con estas asas.<\/p>\n","protected":false},"excerpt":{"rendered":"<p>Estos cables para la Empu\u00f1adura de Alimentaci\u00f3n Lateral Tiltaing con Marcha\/Paro te proporcionan funciones de marcha\/paro en los sistemas de c\u00e1mara que lo admiten. S\u00f3lo tienes que enchufar el extremo de 7 patillas del cable a la empu\u00f1adura de alimentaci\u00f3n [&hellip;]<\/p>\n","protected":false},"featured_media":1999870,"comment_status":"closed","ping_status":"closed","template":"","meta":[],"product_cat":[4448,2775,2776],"product_tag":[],"acf":[],"gallery_images":[],"_links":{"self":[{"href":"https:\/\/eu.tilta.com\/es\/wp-json\/wp\/v2\/product\/1999869"}],"collection":[{"href":"https:\/\/eu.tilta.com\/es\/wp-json\/wp\/v2\/product"}],"about":[{"href":"https:\/\/eu.tilta.com\/es\/wp-json\/wp\/v2\/types\/product"}],"replies":[{"embeddable":true,"href":"https:\/\/eu.tilta.com\/es\/wp-json\/wp\/v2\/comments?post=1999869"}],"wp:featuredmedia":[{"embeddable":true,"href":"https:\/\/eu.tilta.com\/es\/wp-json\/wp\/v2\/media\/1999870"}],"wp:attachment":[{"href":"https:\/\/eu.tilta.com\/es\/wp-json\/wp\/v2\/media?parent=1999869"}],"wp:term":[{"taxonomy":"product_cat","embeddable":true,"href":"https:\/\/eu.tilta.com\/es\/wp-json\/wp\/v2\/product_cat?post=1999869"},{"taxonomy":"product_tag","embeddable":true,"href":"https:\/\/eu.tilta.com\/es\/wp-json\/wp\/v2\/product_tag?post=1999869"}],"curies":[{"name":"wp","href":"https:\/\/api.w.org\/{rel}","templated":true}]}}