{"id":2000184,"date":"2024-07-30T05:01:32","date_gmt":"2024-07-30T03:01:32","guid":{"rendered":"https:\/\/de.tilta.com\/shop\/1-4-20-fijacion-para-correa-de-camara-negro\/"},"modified":"2025-12-05T13:25:54","modified_gmt":"2025-12-05T12:25:54","slug":"1-4-20-camera-strap-attachment-black","status":"publish","type":"product","link":"https:\/\/eu.tilta.com\/es\/shop\/1-4-20-camera-strap-attachment-black\/","title":{"rendered":"1\/4&#8243;-20 Fijaci\u00f3n para correa de c\u00e1mara &#8211; Negro"},"content":{"rendered":"<p>Este accesorio para correa de c\u00e1mara de 1\/4&#8243;-20 es el accesorio universal perfecto para conectar una correa de c\u00e1mara a la jaula de tu c\u00e1mara.<\/p>\n<p>El ligero adaptador utiliza una conexi\u00f3n de 1\/4&#8243;-20 que lo hace compatible con una gran variedad de jaulas y con algunos cuerpos de c\u00e1mara directamente.<\/p>\n<p>S\u00f3lo tienes que instalar el adaptador mediante una rosca de 1\/4&#8243;-20 y utilizar el anillo ajustable para conectar la correa de tu c\u00e1mara.<\/p>\n","protected":false},"excerpt":{"rendered":"<p>Este accesorio para correa de c\u00e1mara de 1\/4&#8243;-20 es el accesorio universal perfecto para conectar una correa de c\u00e1mara a la jaula de tu c\u00e1mara. El ligero adaptador utiliza una conexi\u00f3n de 1\/4&#8243;-20 que lo hace compatible con una gran [&hellip;]<\/p>\n","protected":false},"featured_media":1999699,"comment_status":"open","ping_status":"closed","template":"","meta":[],"product_cat":[2779],"product_tag":[],"acf":[],"gallery_images":[1999705,1999711,1999717,1999723,1999729],"_links":{"self":[{"href":"https:\/\/eu.tilta.com\/es\/wp-json\/wp\/v2\/product\/2000184"}],"collection":[{"href":"https:\/\/eu.tilta.com\/es\/wp-json\/wp\/v2\/product"}],"about":[{"href":"https:\/\/eu.tilta.com\/es\/wp-json\/wp\/v2\/types\/product"}],"replies":[{"embeddable":true,"href":"https:\/\/eu.tilta.com\/es\/wp-json\/wp\/v2\/comments?post=2000184"}],"wp:featuredmedia":[{"embeddable":true,"href":"https:\/\/eu.tilta.com\/es\/wp-json\/wp\/v2\/media\/1999699"}],"wp:attachment":[{"href":"https:\/\/eu.tilta.com\/es\/wp-json\/wp\/v2\/media?parent=2000184"}],"wp:term":[{"taxonomy":"product_cat","embeddable":true,"href":"https:\/\/eu.tilta.com\/es\/wp-json\/wp\/v2\/product_cat?post=2000184"},{"taxonomy":"product_tag","embeddable":true,"href":"https:\/\/eu.tilta.com\/es\/wp-json\/wp\/v2\/product_tag?post=2000184"}],"curies":[{"name":"wp","href":"https:\/\/api.w.org\/{rel}","templated":true}]}}