{"id":2000603,"date":"2024-07-31T05:55:26","date_gmt":"2024-07-31T03:55:26","guid":{"rendered":"https:\/\/de.tilta.com\/shop\/soporte-de-montaje-para-ventosa-electronica-45%e2%80%b3\/"},"modified":"2025-12-05T13:26:59","modified_gmt":"2025-12-05T12:26:59","slug":"mounting-bracket-for-electronic-suction-cup-4-5%e2%80%b3","status":"publish","type":"product","link":"https:\/\/eu.tilta.com\/es\/shop\/mounting-bracket-for-electronic-suction-cup-4-5%e2%80%b3\/","title":{"rendered":"Soporte de montaje para ventosa electr\u00f3nica (4,5\u2033)"},"content":{"rendered":"<p>Este soporte de montaje est\u00e1 dise\u00f1ado a medida para la ventosa electr\u00f3nica de 4,5\u2033.<\/p>\n<p>Pueden montarse o desmontarse f\u00e1cilmente para alojar diversos accesorios y sistemas de soporte.<\/p>\n<p>El soporte se monta en la ventosa mediante cuatro tornillos M4, lo que crea una conexi\u00f3n segura y f\u00e1cil de cambiar si es necesario.<\/p>\n<p>Las opciones incluyen soporte para la rosca M25 de la Hydra Alien, OTAN, as\u00ed como una opci\u00f3n de montaje m\u00faltiple universal para cubrir una amplia gama de escenarios.<\/p>\n","protected":false},"excerpt":{"rendered":"<p>Este soporte de montaje est\u00e1 dise\u00f1ado a medida para la ventosa electr\u00f3nica de 4,5\u2033. Pueden montarse o desmontarse f\u00e1cilmente para alojar diversos accesorios y sistemas de soporte. El soporte se monta en la ventosa mediante cuatro tornillos M4, lo que [&hellip;]<\/p>\n","protected":false},"featured_media":2000526,"comment_status":"closed","ping_status":"closed","template":"","meta":[],"product_cat":[2726],"product_tag":[],"acf":[],"gallery_images":[2000520,2000514,2000508],"_links":{"self":[{"href":"https:\/\/eu.tilta.com\/es\/wp-json\/wp\/v2\/product\/2000603"}],"collection":[{"href":"https:\/\/eu.tilta.com\/es\/wp-json\/wp\/v2\/product"}],"about":[{"href":"https:\/\/eu.tilta.com\/es\/wp-json\/wp\/v2\/types\/product"}],"replies":[{"embeddable":true,"href":"https:\/\/eu.tilta.com\/es\/wp-json\/wp\/v2\/comments?post=2000603"}],"wp:featuredmedia":[{"embeddable":true,"href":"https:\/\/eu.tilta.com\/es\/wp-json\/wp\/v2\/media\/2000526"}],"wp:attachment":[{"href":"https:\/\/eu.tilta.com\/es\/wp-json\/wp\/v2\/media?parent=2000603"}],"wp:term":[{"taxonomy":"product_cat","embeddable":true,"href":"https:\/\/eu.tilta.com\/es\/wp-json\/wp\/v2\/product_cat?post=2000603"},{"taxonomy":"product_tag","embeddable":true,"href":"https:\/\/eu.tilta.com\/es\/wp-json\/wp\/v2\/product_tag?post=2000603"}],"curies":[{"name":"wp","href":"https:\/\/api.w.org\/{rel}","templated":true}]}}