{"id":2000620,"date":"2024-07-30T13:10:49","date_gmt":"2024-07-30T11:10:49","guid":{"rendered":"https:\/\/de.tilta.com\/shop\/cable-usb-c-run-stop-para-el-puerto-sync-de-la-camara-roja-tipo-i\/"},"modified":"2025-12-05T13:26:51","modified_gmt":"2025-12-05T12:26:51","slug":"usb-c-run-stop-cable-for-red-camera-sync-port-type-i","status":"publish","type":"product","link":"https:\/\/eu.tilta.com\/es\/shop\/usb-c-run-stop-cable-for-red-camera-sync-port-type-i\/","title":{"rendered":"Cable USB-C Run\/Stop para el puerto SYNC de la c\u00e1mara roja Tipo I"},"content":{"rendered":"<p>Especialmente para conectar una empu\u00f1adura lateral con funci\u00f3n de arranque\/parada y puerto de sincronizaci\u00f3n RED, expansor base DSMC1, DSMC2, m\u00f3dulo Tilta IO 2.<\/p>\n","protected":false},"excerpt":{"rendered":"<p>Especialmente para conectar una empu\u00f1adura lateral con funci\u00f3n de arranque\/parada y puerto de sincronizaci\u00f3n RED, expansor base DSMC1, DSMC2, m\u00f3dulo Tilta IO 2.<\/p>\n","protected":false},"featured_media":2000178,"comment_status":"closed","ping_status":"closed","template":"","meta":[],"product_cat":[2776],"product_tag":[],"acf":[],"gallery_images":[],"_links":{"self":[{"href":"https:\/\/eu.tilta.com\/es\/wp-json\/wp\/v2\/product\/2000620"}],"collection":[{"href":"https:\/\/eu.tilta.com\/es\/wp-json\/wp\/v2\/product"}],"about":[{"href":"https:\/\/eu.tilta.com\/es\/wp-json\/wp\/v2\/types\/product"}],"replies":[{"embeddable":true,"href":"https:\/\/eu.tilta.com\/es\/wp-json\/wp\/v2\/comments?post=2000620"}],"wp:featuredmedia":[{"embeddable":true,"href":"https:\/\/eu.tilta.com\/es\/wp-json\/wp\/v2\/media\/2000178"}],"wp:attachment":[{"href":"https:\/\/eu.tilta.com\/es\/wp-json\/wp\/v2\/media?parent=2000620"}],"wp:term":[{"taxonomy":"product_cat","embeddable":true,"href":"https:\/\/eu.tilta.com\/es\/wp-json\/wp\/v2\/product_cat?post=2000620"},{"taxonomy":"product_tag","embeddable":true,"href":"https:\/\/eu.tilta.com\/es\/wp-json\/wp\/v2\/product_tag?post=2000620"}],"curies":[{"name":"wp","href":"https:\/\/api.w.org\/{rel}","templated":true}]}}