{"id":2000621,"date":"2024-07-30T12:31:08","date_gmt":"2024-07-30T10:31:08","guid":{"rendered":"https:\/\/de.tilta.com\/shop\/placa-de-bateria-para-sony-fx9-montura-v\/"},"modified":"2025-12-05T13:26:52","modified_gmt":"2025-12-05T12:26:52","slug":"battery-plate-for-sony-fx9-v-mount","status":"publish","type":"product","link":"https:\/\/eu.tilta.com\/es\/shop\/battery-plate-for-sony-fx9-v-mount\/","title":{"rendered":"Placa de bater\u00eda para Sony FX9 &#8211; Montura V"},"content":{"rendered":"<p>A\u00f1ade una placa<b> de<\/b> bater\u00eda profesional para alimentar tu Sony PXW-FX9 y sus accesorios con esta<b> placa de bater\u00eda<\/b> con montura en V de <b>Tilta<\/b>. La placa se monta en tu FX9 utilizando la parte posterior de la placa superior de la jaula de la c\u00e1mara Tilta FX9, a ras de la parte posterior de la c\u00e1mara, lo que te permite utilizar una bater\u00eda de montaje en V de estilo profesional para alimentar la c\u00e1mara FX9, luces, monitores, micr\u00f3fonos u otros dispositivos con sus m\u00faltiples salidas de alimentaci\u00f3n. La placa incorpora tres salidas D-Tap en los laterales y salidas CC adicionales para alimentar simult\u00e1neamente diversos accesorios.<\/p>\n","protected":false},"excerpt":{"rendered":"<p>A\u00f1ade una placa de bater\u00eda profesional para alimentar tu Sony PXW-FX9 y sus accesorios con esta placa de bater\u00eda con montura en V de Tilta. La placa se monta en tu FX9 utilizando la parte posterior de la placa superior [&hellip;]<\/p>\n","protected":false},"featured_media":2000157,"comment_status":"closed","ping_status":"closed","template":"","meta":[],"product_cat":[2727],"product_tag":[],"acf":[],"gallery_images":[2000147,2000141,2000135,2000129],"_links":{"self":[{"href":"https:\/\/eu.tilta.com\/es\/wp-json\/wp\/v2\/product\/2000621"}],"collection":[{"href":"https:\/\/eu.tilta.com\/es\/wp-json\/wp\/v2\/product"}],"about":[{"href":"https:\/\/eu.tilta.com\/es\/wp-json\/wp\/v2\/types\/product"}],"replies":[{"embeddable":true,"href":"https:\/\/eu.tilta.com\/es\/wp-json\/wp\/v2\/comments?post=2000621"}],"wp:featuredmedia":[{"embeddable":true,"href":"https:\/\/eu.tilta.com\/es\/wp-json\/wp\/v2\/media\/2000157"}],"wp:attachment":[{"href":"https:\/\/eu.tilta.com\/es\/wp-json\/wp\/v2\/media?parent=2000621"}],"wp:term":[{"taxonomy":"product_cat","embeddable":true,"href":"https:\/\/eu.tilta.com\/es\/wp-json\/wp\/v2\/product_cat?post=2000621"},{"taxonomy":"product_tag","embeddable":true,"href":"https:\/\/eu.tilta.com\/es\/wp-json\/wp\/v2\/product_tag?post=2000621"}],"curies":[{"name":"wp","href":"https:\/\/api.w.org\/{rel}","templated":true}]}}