{"id":2000868,"date":"2024-07-31T08:58:35","date_gmt":"2024-07-31T06:58:35","guid":{"rendered":"https:\/\/de.tilta.com\/shop\/jaula-de-camara-para-el-kit-sony-burano-pro-montura-v\/"},"modified":"2025-12-05T13:27:30","modified_gmt":"2025-12-05T12:27:30","slug":"camera-cage-for-sony-burano-pro-kit-v-mount","status":"publish","type":"product","link":"https:\/\/eu.tilta.com\/es\/shop\/camera-cage-for-sony-burano-pro-kit-v-mount\/","title":{"rendered":"Jaula de C\u00e1mara para el Kit Sony BURANO Pro &#8211; Montura V"},"content":{"rendered":"<p><em>Presentamos el Kit de Jaula Profesional para C\u00e1mara Sony BURANO<\/em><\/p>\n<p>La base de este kit es la Jaula de C\u00e1mara Completa, que proporciona un blindaje protector para el cuerpo de la c\u00e1mara y permite montar diversos accesorios para mejorar la funcionalidad de la c\u00e1mara.<\/p>\n<p>Esta jaula para c\u00e1mara cuenta con diversos puntos de montaje, como rosetas Arri, soportes de varilla de 15 mm, roscas de 1\/4\u2033-20 y roscas de 3\/8\u2033-16, ambos con puntos de fijaci\u00f3n.<\/p>\n<p>Las rosetas Arri Standard tienen una posici\u00f3n id\u00e9ntica a las del cuerpo original de la c\u00e1mara y son compatibles con la empu\u00f1adura de control original.<\/p>\n<p>El soporte de varilla de 15 mm puede montarse en la placa superior o en los brazos laterales, lo que proporciona opciones flexibles para los motores de control del objetivo, as\u00ed como para los soportes del objetivo y las configuraciones verticales de la c\u00e1mara.<\/p>\n<p>La placa base LWS de 15 mm y las varillas dobles de 15 mm incluidas permiten a los usuarios montar accesorios basados en varillas, como cajas de mate y sistemas de enfoque de seguimiento, mientras que la parte inferior de esta placa base se conecta a nuestras colas de milano Tilta y cuenta con roscas de 1\/4\u2033-20 y 3\/8\u2033-16.<\/p>\n<p>Esta jaula tambi\u00e9n incluye una placa de montaje lateral que admite ajustes de altura y \u00e1ngulo, que puede fijarse a varios puntos de montaje de la placa superior para ayudar a ampliar la funcionalidad de esta placa.<\/p>\n<p>La placa superior tambi\u00e9n cuenta con una ranura espec\u00edfica para el asa superior incluida, que tambi\u00e9n es compatible con el asa superior original de la c\u00e1mara. El asa superior incluida ofrece varios puntos de montaje y mejora las opciones de manejo del sistema.<\/p>\n<p>La Montura de varilla de 15 mm ofrece una forma c\u00f3moda de montar el Soporte giratorio para EVF incluido, que permite una mayor flexibilidad para inclinar y girar el Visor Electr\u00f3nico de la c\u00e1mara.<\/p>\n<p>La jaula de la c\u00e1mara est\u00e1 fabricada con una aleaci\u00f3n de aluminio de alto rendimiento de la serie 7000, que es ligera y duradera.<\/p>\n<p>Tambi\u00e9n se incluye el Minijuego de herramientas multifunci\u00f3n, un juego de herramientas compacto, duradero y vers\u00e1til dise\u00f1ado para jaulas de c\u00e1maras y sistemas de soporte, que incluye seis herramientas universales.<\/p>\n<p>La Placa de bater\u00eda incluida adapta la Placa de bater\u00eda de montaje en V de la Burano a una Placa de bater\u00eda de montaje en oro o de montaje en V con salidas de alimentaci\u00f3n adicionales.<\/p>\n<p>Esta Placa de bater\u00eda incluye las siguientes salidas de potencia:<\/p>\n<p>(1) Entrada de CC LEMO de 6 patillas (12V-28V)<br \/>\n(1) Puerto P-Tap (14,8V 3,8A)<br \/>\n(1) Puerto USB-C ( PD3.1 65W )<br \/>\n(1) Lemo Fischer de 3 patillas (24 V 3 A)<br \/>\n(1) Lemo Fischer de 3 patillas (14,8 V 3,8 A)<br \/>\n(1) Lemo de 2 patillas (14,8 V 3 A)<\/p>\n<p>Tambi\u00e9n se incluye el Minijuego de herramientas multifunci\u00f3n, un juego de herramientas compacto, duradero y vers\u00e1til dise\u00f1ado para jaulas de c\u00e1maras y sistemas de soporte, que incluye seis herramientas universales.<\/p>\n","protected":false},"excerpt":{"rendered":"<p>Presentamos el Kit de Jaula Profesional para C\u00e1mara Sony BURANO La base de este kit es la Jaula de C\u00e1mara Completa, que proporciona un blindaje protector para el cuerpo de la c\u00e1mara y permite montar diversos accesorios para mejorar la [&hellip;]<\/p>\n","protected":false},"featured_media":2000795,"comment_status":"closed","ping_status":"closed","template":"","meta":[],"product_cat":[2750],"product_tag":[],"acf":[],"gallery_images":[2000783,2000777,2000801,2000807,2000813],"_links":{"self":[{"href":"https:\/\/eu.tilta.com\/es\/wp-json\/wp\/v2\/product\/2000868"}],"collection":[{"href":"https:\/\/eu.tilta.com\/es\/wp-json\/wp\/v2\/product"}],"about":[{"href":"https:\/\/eu.tilta.com\/es\/wp-json\/wp\/v2\/types\/product"}],"replies":[{"embeddable":true,"href":"https:\/\/eu.tilta.com\/es\/wp-json\/wp\/v2\/comments?post=2000868"}],"wp:featuredmedia":[{"embeddable":true,"href":"https:\/\/eu.tilta.com\/es\/wp-json\/wp\/v2\/media\/2000795"}],"wp:attachment":[{"href":"https:\/\/eu.tilta.com\/es\/wp-json\/wp\/v2\/media?parent=2000868"}],"wp:term":[{"taxonomy":"product_cat","embeddable":true,"href":"https:\/\/eu.tilta.com\/es\/wp-json\/wp\/v2\/product_cat?post=2000868"},{"taxonomy":"product_tag","embeddable":true,"href":"https:\/\/eu.tilta.com\/es\/wp-json\/wp\/v2\/product_tag?post=2000868"}],"curies":[{"name":"wp","href":"https:\/\/api.w.org\/{rel}","templated":true}]}}