{"id":2001188,"date":"2020-12-22T16:54:16","date_gmt":"2020-12-22T15:54:16","guid":{"rendered":"https:\/\/de.tilta.com\/shop\/sistema-de-soporte-de-cardan-manual-tilta-float\/"},"modified":"2025-12-06T04:38:10","modified_gmt":"2025-12-06T03:38:10","slug":"tilta-float-handheld-gimbal-support-system","status":"publish","type":"product","link":"https:\/\/eu.tilta.com\/es\/shop\/tilta-float-handheld-gimbal-support-system\/","title":{"rendered":"Sistema de soporte de card\u00e1n manual Tilta Float"},"content":{"rendered":"<p><strong><span class=\"label label-default\">*El env\u00edo gratuito no se aplica a este art\u00edculo*.<\/span><\/strong> El Sistema Flotador Tilta funciona junto con el DJI RS 2 y RS3 Pro para proporcionar un sistema estabilizador de c\u00e1mara peque\u00f1o y compacto que te permita lograr movimientos de c\u00e1mara cinematogr\u00e1ficos suaves con configuraciones de c\u00e1mara m\u00e1s peque\u00f1as.<\/p>\n<p>El poste con contrapeso proporciona una mayor estabilizaci\u00f3n a tu configuraci\u00f3n, m\u00e1s all\u00e1 de lo que ya hace el card\u00e1n, para permitir un movimiento de la c\u00e1mara lo m\u00e1s fluido posible.<\/p>\n<p>El dise\u00f1o del brazo con resorte y del chaleco de apoyo hace que el peso del aparejo recaiga sobre el torso, lo que permite tiempos de funcionamiento m\u00e1s largos antes de que el usuario se fatigue.<\/p>\n<p>El mando inal\u00e1mbrico para el pulgar incluido te permite controlar de forma inal\u00e1mbrica el Ronin, as\u00ed como un motor de enfoque de seguimiento <a href=\"https:\/\/de.tilta.com\/shop\/nucleus-m-wireless-follow-focus\/\">Nucleus M<\/a> o <a href=\"https:\/\/de.tilta.com\/product-category\/lens-control-systems\/nucleus-nano-wireless-lens-control-system\/\">Nucleus Nano<\/a>.<\/p>\n<p>Esta unidad est\u00e1 dise\u00f1ada para montarse en el yugo de tu Tilta Float mediante el soporte para monitor del sistema.<\/p>\n<p>El controlador funciona con <a href=\"https:\/\/www.bhphotovideo.com\/c\/product\/1498986-REG\/gopro_ajbat_001_rechargeable_li_ion_battery_for.html\/?ap=y&amp;ap=y&amp;smp=y&amp;smp=y&amp;lsft=BI%3A514&amp;gclid=Cj0KCQjwidSWBhDdARIsAIoTVb2qTaI2ceUdPUqS9Z6NSyfc3K5TrendVjlE4hcFNSmLOrQZTvZi0bMaAlyoEALw_wcB\">las pilas Go Pro 5-8<\/a> y dispone de un puerto USB-C que puede utilizarse para futuras actualizaciones de firmware. Ten en cuenta que no recomendamos alimentar la unidad a trav\u00e9s de este puerto.<\/p>\n<p>El soporte lumbar incluido y la correa para un solo hombro proporcionan una distribuci\u00f3n adicional del peso, garantizando un manejo c\u00f3modo durante cualquier duraci\u00f3n. Las m\u00faltiples opciones de alimentaci\u00f3n proporcionan m\u00e1s flexibilidad a la hora de alimentar el Ronin. El sistema puede alimentar el card\u00e1n mediante Gold Mount, V-Mount, TB50 o la propia empu\u00f1adura de la bater\u00eda a trav\u00e9s de accesorios opcionales.<\/p>\n<p><strong>*El Flotador es compatible con cualquier card\u00e1n por debajo del l\u00edmite de peso que pueda montarse mediante roscas de 1\/4&#8243;-20 y pueda alimentarse mediante Lemo de 2 patillas o una bater\u00eda interna, sin embargo, s\u00f3lo puede controlar de forma inal\u00e1mbrica el RS2 y el RS3 Pro<\/strong><\/p>\n<p><strong>*<\/strong> **El Flotador no tiene salidas de alimentaci\u00f3n distintas de la Lemo de 2 patillas dise\u00f1ada para alimentar el RS2**<\/p>\n<p>***El Cable de Poste Interno puede manejar 14,8V y 3A con capacidad m\u00e1xima para manejar 6A***<\/p>\n<p><strong>RS3\/RS3 Pro: La Tecla M NO es capaz de imitar la funci\u00f3n del card\u00e1n. La Tecla M de esta unidad S\u00d3LO puede cambiar la configuraci\u00f3n del Modo.  <\/strong> <b><span style=\"text-decoration: underline;\">NO<\/span> se recomienda utilizar cardanes m\u00e1s grandes de lo que podr\u00eda clasificarse como &#8220;de mano&#8221;, como el Movi Pro. <\/b> <b>Aunque el peso total sea inferior a 10 kg, el sistema tendr\u00e1 problemas para soportar cardanes f\u00edsicamente mayores que los cardanes de la serie DJI Ronin RS. <\/b> <\/p>\n","protected":false},"excerpt":{"rendered":"<p>*El env\u00edo gratuito no se aplica a este art\u00edculo*. El Sistema Flotador Tilta funciona junto con el DJI RS 2 y RS3 Pro para proporcionar un sistema estabilizador de c\u00e1mara peque\u00f1o y compacto que te permita lograr movimientos de c\u00e1mara [&hellip;]<\/p>\n","protected":false},"featured_media":0,"comment_status":"closed","ping_status":"closed","template":"","meta":[],"product_cat":[2763,2764],"product_tag":[],"acf":[],"gallery_images":[1943042,1937067,1937068,1937069,1937085,1937084],"_links":{"self":[{"href":"https:\/\/eu.tilta.com\/es\/wp-json\/wp\/v2\/product\/2001188"}],"collection":[{"href":"https:\/\/eu.tilta.com\/es\/wp-json\/wp\/v2\/product"}],"about":[{"href":"https:\/\/eu.tilta.com\/es\/wp-json\/wp\/v2\/types\/product"}],"replies":[{"embeddable":true,"href":"https:\/\/eu.tilta.com\/es\/wp-json\/wp\/v2\/comments?post=2001188"}],"wp:attachment":[{"href":"https:\/\/eu.tilta.com\/es\/wp-json\/wp\/v2\/media?parent=2001188"}],"wp:term":[{"taxonomy":"product_cat","embeddable":true,"href":"https:\/\/eu.tilta.com\/es\/wp-json\/wp\/v2\/product_cat?post=2001188"},{"taxonomy":"product_tag","embeddable":true,"href":"https:\/\/eu.tilta.com\/es\/wp-json\/wp\/v2\/product_tag?post=2001188"}],"curies":[{"name":"wp","href":"https:\/\/api.w.org\/{rel}","templated":true}]}}