{"id":2001191,"date":"2024-04-11T20:59:10","date_gmt":"2024-04-11T18:59:10","guid":{"rendered":"https:\/\/de.tilta.com\/shop\/cabeza-de-fluido-cine-tilta-de-75-mm-con-patas-de-tripode-de-fibra-de-carbono-one-touch-de-2-etapas-8kg\/"},"modified":"2025-12-05T13:28:48","modified_gmt":"2025-12-05T12:28:48","slug":"75mm-cine-fluid-head-w-one-touch-carbon-fiber-tripod-legs","status":"publish","type":"product","link":"https:\/\/eu.tilta.com\/es\/shop\/75mm-cine-fluid-head-w-one-touch-carbon-fiber-tripod-legs\/","title":{"rendered":"Cabeza de Fluido Cine Tilta de 75 mm con Patas de Tr\u00edpode de Fibra de Carbono One Touch de 2 Etapas (8KG)"},"content":{"rendered":"<p>Presentamos nuestra primera serie de tr\u00edpodes que integra a la perfecci\u00f3n alto rendimiento, alta calidad y alta precisi\u00f3n en uno, creando una soluci\u00f3n de imagen profesional para usuarios de alto nivel.<\/p>\n<p>El cabezal de calidad profesional proporciona un rendimiento excepcional. Fabricado con aleaci\u00f3n de aluminio de calidad aeroespacial procesada mediante mecanizado de precisi\u00f3n CNC, consigue una gran precisi\u00f3n y una excelente estabilidad.<\/p>\n<p>El cabezal del tr\u00edpode soporta entre 2,2- 17,5 lbs y el contrapeso tiene 8 niveles de ajuste de contrapeso, lo que permite un equilibrio perfecto para los sistemas que cumplan los requisitos de peso.<\/p>\n<p>El cabezal dispone de 4 niveles de arrastre ajustables, lo que garantiza un funcionamiento c\u00f3modo para distintos sistemas. La amortiguaci\u00f3n suave garantiza un movimiento horizontal y de cabeceo fluido, creando f\u00e1cilmente una sensaci\u00f3n cinematogr\u00e1fica.<\/p>\n<p>El cabezal incluye de forma nativa una placa de liberaci\u00f3n r\u00e1pida Manfrotto, aunque tambi\u00e9n es compatible con las placas de liberaci\u00f3n r\u00e1pida Arca-Swiss est\u00e1ndar de DJI, lo que elimina la necesidad de sustituir las placas de liberaci\u00f3n r\u00e1pida al pasar a cardanes, mejorando enormemente la eficacia.<\/p>\n<p>Construido con materiales de alta calidad que proporcionan un tacto y una fiabilidad excelentes, garantizando un contrapeso din\u00e1mico uniforme para el eje de inclinaci\u00f3n.<\/p>\n<p>Este kit utiliza patas telesc\u00f3picas de 2 etapas que pueden ajustarse a diferentes alturas con un solo bloqueo en cada pata. De este modo, los usuarios ya no tendr\u00e1n que bloquear y desbloquear cada etapa individualmente y podr\u00e1n ajustar r\u00e1pidamente la altura entre 5,1&#8243; y 70,8\u2033.<\/p>\n<p>Las patas de fibra de carbono est\u00e1n construidas con una envoltura \u00fanica reforzada con fibra de carbono y tienen un di\u00e1metro de 36 mm. Esto puede soportar hasta 110 libras, que es m\u00e1s fuerte que los procesos tradicionales de fibra de carbono.<\/p>\n<p>El sistema es resistente a altas y bajas temperaturas, funcionando en un rango entre 140\u00b0F y -40\u00b0F, lo que garantiza que tus herramientas no te ralentizar\u00e1n en entornos dif\u00edciles.<\/p>\n<p>Roscas reservadas de \u00bc-20 y \u215c-16 en el lateral del tr\u00edpode, se pueden utilizar para soportar equipos pesados como cardanes o para montar accesorios m\u00e1s peque\u00f1os como luces, pinzas para tabletas, pinzas para tel\u00e9fonos, etc.<\/p>\n<p>Este tr\u00edpode dispone de una cazoleta de 75 mm de tama\u00f1o est\u00e1ndar, compatible con otros tr\u00edpodes de 75 mm, cabezas, deslizadores, etc. El tr\u00edpode adopta un sistema de bloqueo de hebilla de 2 etapas, que es m\u00e1s r\u00e1pido y resistente que los sistemas tradicionales de bloqueo de anilla.<\/p>\n","protected":false},"excerpt":{"rendered":"<p>Presentamos nuestra primera serie de tr\u00edpodes que integra a la perfecci\u00f3n alto rendimiento, alta calidad y alta precisi\u00f3n en uno, creando una soluci\u00f3n de imagen profesional para usuarios de alto nivel. El cabezal de calidad profesional proporciona un rendimiento excepcional. [&hellip;]<\/p>\n","protected":false},"featured_media":2001192,"comment_status":"closed","ping_status":"closed","template":"","meta":[],"product_cat":[3256],"product_tag":[],"acf":[],"gallery_images":[1975378,1975379,1975380,1975264,1975246,1975248],"_links":{"self":[{"href":"https:\/\/eu.tilta.com\/es\/wp-json\/wp\/v2\/product\/2001191"}],"collection":[{"href":"https:\/\/eu.tilta.com\/es\/wp-json\/wp\/v2\/product"}],"about":[{"href":"https:\/\/eu.tilta.com\/es\/wp-json\/wp\/v2\/types\/product"}],"replies":[{"embeddable":true,"href":"https:\/\/eu.tilta.com\/es\/wp-json\/wp\/v2\/comments?post=2001191"}],"wp:featuredmedia":[{"embeddable":true,"href":"https:\/\/eu.tilta.com\/es\/wp-json\/wp\/v2\/media\/2001192"}],"wp:attachment":[{"href":"https:\/\/eu.tilta.com\/es\/wp-json\/wp\/v2\/media?parent=2001191"}],"wp:term":[{"taxonomy":"product_cat","embeddable":true,"href":"https:\/\/eu.tilta.com\/es\/wp-json\/wp\/v2\/product_cat?post=2001191"},{"taxonomy":"product_tag","embeddable":true,"href":"https:\/\/eu.tilta.com\/es\/wp-json\/wp\/v2\/product_tag?post=2001191"}],"curies":[{"name":"wp","href":"https:\/\/api.w.org\/{rel}","templated":true}]}}