{"id":2001237,"date":"2024-04-10T21:04:05","date_gmt":"2024-04-10T19:04:05","guid":{"rendered":"https:\/\/de.tilta.com\/shop\/kit-khronos-iphone-15-pro-pro-max-ultimate\/"},"modified":"2026-04-15T03:51:44","modified_gmt":"2026-04-15T01:51:44","slug":"khronos-iphone-15-pro-pro-max-ultimate-kit_","status":"publish","type":"product","link":"https:\/\/eu.tilta.com\/es\/shop\/khronos-iphone-15-pro-pro-max-ultimate-kit_\/","title":{"rendered":"Kit Khronos iPhone 15 Pro \/ Pro Max Ultimate"},"content":{"rendered":"<p>Presentamos el Kit Khronos Ultimate para iPhone 15 Pro \/ Pro Max, la nueva generaci\u00f3n de filmaci\u00f3n m\u00f3vil.<\/p>\n<p>Dise\u00f1ada meticulosamente para ambos modelos de iPhone 15, esta funda para smartphone inspirada en la jaula de la c\u00e1mara ofrece una mezcla inigualable de funcionalidad y elegancia. Fabricada para proteger tu tel\u00e9fono del desgaste diario, la funda Khronos ofrece una protecci\u00f3n fiable sin comprometer el estilo ni la funcionalidad. La instalaci\u00f3n requiere cuatro tornillos que garantizan que la carcasa y cualquier accesorio conectado permanezcan firmemente sujetos.<\/p>\n<p>Equipado con m\u00faltiples puntos de montaje, el innovador mecanismo de abrazadera de bloqueo garantiza unas conexiones seguras para accesorios adicionales. La carcasa Khronos cuenta con puntos de contacto electr\u00f3nicos integrados por todas partes, lo que te permite pasar energ\u00eda a trav\u00e9s de la jaula para alimentar tus accesorios.<\/p>\n<p>El Kit Definitivo incluye el Mango Khronos Focus PD, que proporciona potencia adicional a tu sistema y ofrece un mayor control sobre las funciones de Enfoque y Zoom del iPhone. Esta empu\u00f1adura utiliza el mismo mecanismo innovador de abrazadera de bloqueo que otros accesorios Khronos e incorpora una bater\u00eda interna que se puede cargar mediante USB-C.<\/p>\n<p>La empu\u00f1adura se conecta a un iPhone 15 mediante un cable USB-C integrado y utiliza bluetooth para controlar el enfoque o el zoom mediante el dial de la parte frontal de la empu\u00f1adura. Esto tambi\u00e9n proporciona m\u00e1s estabilidad al manejar el sistema y el bot\u00f3n de grabaci\u00f3n garantiza que los usuarios no tengan que soltar la empu\u00f1adura para empezar a grabar.<\/p>\n<p>La empu\u00f1adura circular de madera sirve como opci\u00f3n alternativa para manejarla y lleva integrado un ra\u00edl NATO para montar accesorios de c\u00e1mara m\u00e1s tradicionales. El propio mango de madera tiene una peque\u00f1a r\u00f3tula que permite girarlo para colocarlo en la configuraci\u00f3n m\u00e1s c\u00f3moda para un golpe o una configuraci\u00f3n espec\u00edficos.<\/p>\n<p>Tambi\u00e9n se incluye con el kit el Sistema de Refrigeraci\u00f3n para Khronos, que cuenta con un disipador de calor de frecuencia variable capaz de 22 W. S\u00f3lo tienes que conectarlo a una fuente de alimentaci\u00f3n externa mediante USB-C o utilizar la alimentaci\u00f3n del asa incluida para cargar simult\u00e1neamente tu iPhone y mantener su temperatura mientras utilizas la conexi\u00f3n magn\u00e9tica inal\u00e1mbrica MagSafe.<\/p>\n<p>Tambi\u00e9n se incluye en este kit un Hub USB-C que se conecta al iPhone mediante USB-C y ampl\u00eda las opciones para conectar unidades externas, as\u00ed como monitores externos mediante un puerto HDMI. La parte inferior de este concentrador USB-C cuenta con una placa de liberaci\u00f3n r\u00e1pida ARCA integrada, que lo hace ideal para montarlo en tr\u00edpodes o cardanes.<\/p>\n<p>Este kit tambi\u00e9n incluye una miniluz LED diurna que puede montarse en varias posiciones en la carcasa. La luz presenta un CRI \u226595RA y tiene 3 niveles de luminosidad establecidos, as\u00ed como un soporte ajustable.<\/p>\n<p>La placa de liberaci\u00f3n r\u00e1pida ARCA garantiza que el sistema se monte r\u00e1pidamente en tr\u00edpodes ARCA compatibles, as\u00ed como en cardanes DJI cuando no se utiliza el concentrador USB-C. El soporte para unidades SSD ofrece una c\u00f3moda opci\u00f3n para montar unidades de estado s\u00f3lido con el fin de grabar externamente.<\/p>\n<p>La bandeja para filtros se monta f\u00e1cilmente en la funda Khronos mediante una conexi\u00f3n magn\u00e9tica segura y cuenta con un soporte giratorio que permite que la bandeja caiga en su sitio sobre los tres objetivos del iPhone 15 Pro\/Pro Max.<\/p>\n<p>Los filtros ND incluidos proporcionan un mayor control sobre la exposici\u00f3n, ya que permiten a los usuarios reducir la luz visible para el sensor, lo que tambi\u00e9n ayuda a mantener constante la velocidad de obturaci\u00f3n al disparar en entornos de iluminaci\u00f3n m\u00e1s brillante, como la luz del d\u00eda. Los filtros Niebla tambi\u00e9n se pueden utilizar para ayudar a crear una imagen m\u00e1s difusa y suave.<\/p>\n<p>Derivado de la palabra griega que significa &#8220;tiempo&#8221;, el nombre &#8220;Khronos&#8221; encarna un concepto profundo. M\u00e1s que una funda de tel\u00e9fono, sirve como recipiente para conservar los recuerdos m\u00e1s preciados compartidos entre familiares, amigos y seres queridos.<\/p>\n","protected":false},"excerpt":{"rendered":"<p>Presentamos el Kit Khronos Ultimate para iPhone 15 Pro \/ Pro Max, la nueva generaci\u00f3n de filmaci\u00f3n m\u00f3vil. Dise\u00f1ada meticulosamente para ambos modelos de iPhone 15, esta funda para smartphone inspirada en la jaula de la c\u00e1mara ofrece una mezcla [&hellip;]<\/p>\n","protected":false},"featured_media":2001238,"comment_status":"closed","ping_status":"closed","template":"","meta":[],"product_cat":[3500,4496,2943],"product_tag":[],"acf":[],"gallery_images":[2001239,2001240,2001241,2001242,2001243,2001244,2001245],"_links":{"self":[{"href":"https:\/\/eu.tilta.com\/es\/wp-json\/wp\/v2\/product\/2001237"}],"collection":[{"href":"https:\/\/eu.tilta.com\/es\/wp-json\/wp\/v2\/product"}],"about":[{"href":"https:\/\/eu.tilta.com\/es\/wp-json\/wp\/v2\/types\/product"}],"replies":[{"embeddable":true,"href":"https:\/\/eu.tilta.com\/es\/wp-json\/wp\/v2\/comments?post=2001237"}],"wp:featuredmedia":[{"embeddable":true,"href":"https:\/\/eu.tilta.com\/es\/wp-json\/wp\/v2\/media\/2001238"}],"wp:attachment":[{"href":"https:\/\/eu.tilta.com\/es\/wp-json\/wp\/v2\/media?parent=2001237"}],"wp:term":[{"taxonomy":"product_cat","embeddable":true,"href":"https:\/\/eu.tilta.com\/es\/wp-json\/wp\/v2\/product_cat?post=2001237"},{"taxonomy":"product_tag","embeddable":true,"href":"https:\/\/eu.tilta.com\/es\/wp-json\/wp\/v2\/product_tag?post=2001237"}],"curies":[{"name":"wp","href":"https:\/\/api.w.org\/{rel}","templated":true}]}}