{"id":2001254,"date":"2023-11-14T20:55:20","date_gmt":"2023-11-14T19:55:20","guid":{"rendered":"https:\/\/de.tilta.com\/shop\/sistema-inalambrico-de-control-del-objetivo-nucleus-nano-ii\/"},"modified":"2026-05-07T15:25:17","modified_gmt":"2026-05-07T13:25:17","slug":"nucleus-nano-ii-wireless-lens-control-system","status":"publish","type":"product","link":"https:\/\/eu.tilta.com\/es\/shop\/nucleus-nano-ii-wireless-lens-control-system\/","title":{"rendered":"Sistema inal\u00e1mbrico de control del objetivo Nucleus Nano II"},"content":{"rendered":"<p><b>NOTA: NO ALIMENTES EL VOLANTE MEDIANTE P-TAP<\/b><\/p>\n<p><i>Presentamos el Nucleus Nano II &#8211; Sistema inal\u00e1mbrico de control de objetivos, la herramienta definitiva para todos los cineastas que buscan un control preciso sobre sus objetivos.  <\/i><\/p>\n<p>La nueva y mejorada Rueda Manual permite a los usuarios utilizar el Dial Principal para ajustar el Enfoque, mientras que el nuevo Balanc\u00edn de Control maneja sin esfuerzo las funciones de Zoom o Iris mediante un balanc\u00edn amortiguado, perfecto para facilitar la entrada o salida de los zooms.<\/p>\n<p>Navegar por el sistema nunca ha sido tan f\u00e1cil gracias a la nueva pantalla t\u00e1ctil circular de 1,6&#8243; y a su interfaz de f\u00e1cil manejo, que proporciona un acceso r\u00e1pido a una serie de funciones avanzadas, incluidas p\u00e1ginas dedicadas a la asignaci\u00f3n de objetivos y a las funciones de control de la c\u00e1mara.<\/p>\n<p>El Nano II permite a los usuarios ajustar de forma inal\u00e1mbrica la configuraci\u00f3n de la c\u00e1mara a trav\u00e9s de WiFi, Bluetooth y el puerto USB-C del motor para sistemas de c\u00e1maras compatibles como Canon, Sony, Black Magic Design y puede manejar hasta 4 motores para Enfoque, Iris, Zoom y Mirage VND cuando se utiliza con el Asa de Control incluida.<\/p>\n<p>Esta empu\u00f1adura funciona con una bater\u00eda Sony de la serie L (F550\/570) y puede enviar energ\u00eda al volante Nucleus Nano II para prolongar la duraci\u00f3n de la bater\u00eda. Tambi\u00e9n cuenta con un dial de enfoque en la parte frontal que se puede utilizar para controlar tanto los Motores de la serie Nucleus como el Motor de Enfoque DJI mediante el <a href=\"\/shop\/wireless-control-receiver-module-for-rs-2\/\">M\u00f3dulo Receptor Inal\u00e1mbrico <\/a> opcional<b>(no incluido) <\/b>, que tambi\u00e9n se puede utilizar para manejar de forma inal\u00e1mbrica el DJI RS2 o RS3 Pro.<\/p>\n<p>La empu\u00f1adura incorpora una rosca de 1\/4&#8243;-20 con puntos de fijaci\u00f3n, perfecta para montar nuestro Adaptador de Roseta en \u00c1ngulo Recto, as\u00ed como un receptor de <a href=\"\/shop\/tiltaing-adjustable-cold-shoe-accessory-mounting-bracket\/\">zapata fr\u00eda<\/a>, que puede utilizarse con nuestra <a href=\"\/shop\/tiltaing-adjustable-cold-shoe-accessory-mounting-bracket\/\">Montura de Zapata Fr\u00eda<\/a> opcional para crear la estaci\u00f3n de tiro de enfoque perfecta cuando se utiliza con el Volante.<\/p>\n<p>Ten en cuenta que el firmware actual es totalmente compatible con todos los controles de la BMPCC 4K, 6K, 6K Pro, y es parcialmente compatible con Sony FX3, A7S3, A7R5, ZV-E1, ZV-E10 y Canon R7 para ajustes como Ejecutar\/Parar, Velocidad de obturaci\u00f3n, ISO e Iris, mientras que <a href=\"\/shop\/advanced-side-handle-run-stop-cable\/\">Ejecutar\/Parar<\/a> es compatible actualmente con sistemas de c\u00e1mara que incluyen todos los mencionados anteriormente, as\u00ed como Sony A7C, A7M4, A7R3, Canon R6M1, Panasonic S1H, GH6 y S5M2 mediante un <a href=\"\/shop\/advanced-side-handle-run-stop-cable\/\">cable USB-C Ejecutar\/Parar<\/a> opcional. En futuras actualizaciones del firmware se har\u00e1n compatibles otros sistemas de c\u00e1maras.<\/p>\n<p>La pantalla de control de mapeo del objetivo ofrece informaci\u00f3n sobre la distancia de enfoque en tiempo real, lo que te permite estar informado y en control de cada encuadre sin depender de marcar f\u00edsicamente un disco de enfoque, mientras que una bater\u00eda interna alimentada por USB-C, ofrece hasta 20 horas de energ\u00eda continua, dependiendo del uso.<strong>(a\u00fan no disponible en el firmware actual<\/strong>)<\/p>\n<p>Equipado con un motor de alto rendimiento, el Nano II ofrece un par cinco veces superior al de su predecesor, con c\u00f3modos puertos de entrada y salida de alimentaci\u00f3n USB-C, perfectos para encadenar varios motores desde una \u00fanica fuente de alimentaci\u00f3n.<\/p>\n<p>El Nano II es nuestro sistema m\u00e1s compatible hasta la fecha, ya que es compatible con DJI RS2, RS3 Pro, DJI Focus Motors, Nucleus M<strong>(excluidas las empu\u00f1aduras<\/strong>) y la generaci\u00f3n anterior de Nucleus Nano, lo que garantiza un flujo de trabajo sin problemas para los usuarios que ya utilizan iteraciones anteriores del ecosistema Nucleus.<\/p>\n<p>Ten en cuenta que la integraci\u00f3n con las empu\u00f1aduras Nucleus M, las empu\u00f1aduras de enfoque lateral avanzadas y los motores de enfoque DJI Ronin y Ronin requerir\u00e1 hardware adicional no incluido en el kit.<\/p>\n<p><i>Eleva tu experiencia cinematogr\u00e1fica con el Nucleus Nano II &#8211; Sistema inal\u00e1mbrico de control del objetivo. Consigue un control preciso sobre tus objetivos, disfruta de una interfaz de usuario intuitiva y experimenta una compatibilidad inigualable con los mejores equipos del sector.<\/i><\/p>\n<p><b>TEN EN CUENTA: Algunas funciones de la lista anterior NO son totalmente funcionales en el firmware actual.<\/b><\/p>\n<p><strong>El mapeo de objetivos y otras funciones no est\u00e1n disponibles actualmente y se implementar\u00e1n con futuras actualizaciones del firmware. La funcionalidad de Control de C\u00e1mara s\u00f3lo es compatible con determinadas c\u00e1maras en este momento.<span class=\"Apple-converted-space\"> <\/span><\/strong><\/p>\n<p><strong>Las empu\u00f1aduras para las manos izquierda y derecha del Nucleus M, as\u00ed como las empu\u00f1aduras de enfoque lateral avanzado, NO son compatibles actualmente con el motor Nano II y requerir\u00e1n la adquisici\u00f3n de hardware adicional por separado.<\/strong><\/p>\n<p><strong>Funciones como la compatibilidad con el motor DJI Ronin\/ DJI Focus a\u00fan no est\u00e1n disponibles y tambi\u00e9n requerir\u00e1n hardware adicional que se compra por separado.<\/strong><\/p>\n<p><b>**Las c\u00e1maras Canon y Sony actualmente s\u00f3lo son compatibles mediante cables USB-C PD y las c\u00e1maras Black Magic Design s\u00f3lo son compatibles mediante Bluetooth**<\/b><\/p>\n<p><b>Al utilizar <\/b><b>Adaptadores de montura de objetivo<\/b><b>: La funcionalidad Bluetooth de Nano II s\u00f3lo ser\u00e1 posible cuando se utilicen objetivos oficialmente compatibles con el adaptador espec\u00edfico. <\/b> <\/p>\n<p><b>La montura NATO del mando de control s\u00f3lo est\u00e1 pensada para el volante Nano II. No conectes otros accesorios a trav\u00e9s de este soporte OTAN o correr\u00e1s el riesgo de da\u00f1ar las patillas de contacto.<\/b><\/p>\n<p><strong>Recomendamos utilizar s\u00f3lo <span style=\"text-decoration: underline;\">la Serie L F550 de Sony<\/span> para la empu\u00f1adura de control. No se garantiza la compatibilidad con otras marcas.  <\/strong><\/p>\n","protected":false},"excerpt":{"rendered":"<p>NOTA: NO ALIMENTES EL VOLANTE MEDIANTE P-TAP Presentamos el Nucleus Nano II &#8211; Sistema inal\u00e1mbrico de control de objetivos, la herramienta definitiva para todos los cineastas que buscan un control preciso sobre sus objetivos. La nueva y mejorada Rueda Manual [&hellip;]<\/p>\n","protected":false},"featured_media":2001255,"comment_status":"closed","ping_status":"closed","template":"","meta":[],"product_cat":[3230,3899,3248,3386,2750,2716,2749,2737,2719,2812,2843,2844,2834,2842,2833,2831,2740,2735,2813,2814,2815,2816,2747,2839,2742,2817,2789,2829,2741,2837,2739,2818,2790,2744,2830,2819,2820,2821,2822,2721,2746,3153,2738,2723,2823,2824,2836,2840,2835,2745,2841,2832,2743,2786,2736,2828,2734,2733,2725,2775,2825,2727,2728,2826,2827,2731,2729,2730,2838],"product_tag":[],"acf":[],"gallery_images":[2001256,2001257,2001258,2001259,2001260,2001261,2001262,2001263,2001264],"_links":{"self":[{"href":"https:\/\/eu.tilta.com\/es\/wp-json\/wp\/v2\/product\/2001254"}],"collection":[{"href":"https:\/\/eu.tilta.com\/es\/wp-json\/wp\/v2\/product"}],"about":[{"href":"https:\/\/eu.tilta.com\/es\/wp-json\/wp\/v2\/types\/product"}],"replies":[{"embeddable":true,"href":"https:\/\/eu.tilta.com\/es\/wp-json\/wp\/v2\/comments?post=2001254"}],"wp:featuredmedia":[{"embeddable":true,"href":"https:\/\/eu.tilta.com\/es\/wp-json\/wp\/v2\/media\/2001255"}],"wp:attachment":[{"href":"https:\/\/eu.tilta.com\/es\/wp-json\/wp\/v2\/media?parent=2001254"}],"wp:term":[{"taxonomy":"product_cat","embeddable":true,"href":"https:\/\/eu.tilta.com\/es\/wp-json\/wp\/v2\/product_cat?post=2001254"},{"taxonomy":"product_tag","embeddable":true,"href":"https:\/\/eu.tilta.com\/es\/wp-json\/wp\/v2\/product_tag?post=2001254"}],"curies":[{"name":"wp","href":"https:\/\/api.w.org\/{rel}","templated":true}]}}