{"id":2001381,"date":"2015-09-21T06:24:23","date_gmt":"2015-09-21T04:24:23","guid":{"rendered":"https:\/\/de.tilta.com\/shop\/caja-mate-de-fibra-de-carbono-4x565-con-pinza\/"},"modified":"2026-04-27T15:24:20","modified_gmt":"2026-04-27T13:24:20","slug":"4x5-65-carbon-fiber-matte-box-clamp-on-mb-t12","status":"publish","type":"product","link":"https:\/\/eu.tilta.com\/es\/shop\/4x5-65-carbon-fiber-matte-box-clamp-on-mb-t12\/","title":{"rendered":"Caja mate de fibra de carbono 4&#215;5,65 (con pinza)"},"content":{"rendered":"<p>Esta caja mate de fibra de carbono 4\u00d75,65 est\u00e1 dise\u00f1ada para sujetarse directamente a objetivos de cine de tama\u00f1o est\u00e1ndar, con el fin de ser lo m\u00e1s ligera y discreta posible.<\/p>\n<p>Incluye varios anillos adaptadores de objetivos para ajustarse a la mayor\u00eda de tama\u00f1os de di\u00e1metros frontales est\u00e1ndar.<\/p>\n<p>Los <a href=\"https:\/\/de.tilta.com\/shop\/backing-for-mb-t12-clamp-on-matte-box\/\">respaldos<\/a> de tama\u00f1o adicional se pueden comprar por separado.<\/p>\n<p>Estos anillos adaptadores no s\u00f3lo permiten acoplar directamente la caja de mate al objetivo, sino que prescinden de los donuts para objetivos.<\/p>\n<p>El paquete incluye una bandera francesa superior para proteger la bengala.<\/p>\n<p>Tambi\u00e9n incluye un accesorio de varilla de 15 mm si deseas montar la caja mate mediante varillas LWS.<\/p>\n","protected":false},"excerpt":{"rendered":"<p>Esta caja mate de fibra de carbono 4\u00d75,65 est\u00e1 dise\u00f1ada para sujetarse directamente a objetivos de cine de tama\u00f1o est\u00e1ndar, con el fin de ser lo m\u00e1s ligera y discreta posible. Incluye varios anillos adaptadores de objetivos para ajustarse a [&hellip;]<\/p>\n","protected":false},"featured_media":0,"comment_status":"closed","ping_status":"closed","template":"","meta":[],"product_cat":[3230,2750,2716,2812,2815,2816,2721,2823,2733,2727,2728,2826,2827,2854],"product_tag":[],"acf":[],"gallery_images":[1294761,1294760,1294506],"_links":{"self":[{"href":"https:\/\/eu.tilta.com\/es\/wp-json\/wp\/v2\/product\/2001381"}],"collection":[{"href":"https:\/\/eu.tilta.com\/es\/wp-json\/wp\/v2\/product"}],"about":[{"href":"https:\/\/eu.tilta.com\/es\/wp-json\/wp\/v2\/types\/product"}],"replies":[{"embeddable":true,"href":"https:\/\/eu.tilta.com\/es\/wp-json\/wp\/v2\/comments?post=2001381"}],"wp:attachment":[{"href":"https:\/\/eu.tilta.com\/es\/wp-json\/wp\/v2\/media?parent=2001381"}],"wp:term":[{"taxonomy":"product_cat","embeddable":true,"href":"https:\/\/eu.tilta.com\/es\/wp-json\/wp\/v2\/product_cat?post=2001381"},{"taxonomy":"product_tag","embeddable":true,"href":"https:\/\/eu.tilta.com\/es\/wp-json\/wp\/v2\/product_tag?post=2001381"}],"curies":[{"name":"wp","href":"https:\/\/api.w.org\/{rel}","templated":true}]}}