{"id":2001383,"date":"2015-09-19T02:56:24","date_gmt":"2015-09-19T00:56:24","guid":{"rendered":"https:\/\/de.tilta.com\/shop\/follow-focus-dslr-de-una-cara\/"},"modified":"2025-12-05T13:28:57","modified_gmt":"2025-12-05T12:28:57","slug":"follow-focus-with-hard-stops-15mm-ff-t03","status":"publish","type":"product","link":"https:\/\/eu.tilta.com\/es\/shop\/follow-focus-with-hard-stops-15mm-ff-t03\/","title":{"rendered":"Follow Focus DSLR de una cara"},"content":{"rendered":"<p>Este enfoque de seguimiento unilateral est\u00e1 dise\u00f1ado para utilizarse con c\u00e1maras DSLR y otros equipos de c\u00e1mara peque\u00f1os.<\/p>\n<p>Se puede utilizar con configuraciones de varillas LWS de 15 mm. Dos topes duros ajustables en la rueda de enfoque para permitir tirones de enfoque precisos.<\/p>\n<p>Tambi\u00e9n hay un mando de amortiguaci\u00f3n regulable para que puedas ajustar la tensi\u00f3n del volante a tu gusto.<\/p>\n","protected":false},"excerpt":{"rendered":"<p>Este enfoque de seguimiento unilateral est\u00e1 dise\u00f1ado para utilizarse con c\u00e1maras DSLR y otros equipos de c\u00e1mara peque\u00f1os. Se puede utilizar con configuraciones de varillas LWS de 15 mm. Dos topes duros ajustables en la rueda de enfoque para permitir [&hellip;]<\/p>\n","protected":false},"featured_media":2001385,"comment_status":"closed","ping_status":"closed","template":"","meta":[],"product_cat":[2856],"product_tag":[],"acf":[],"gallery_images":[2001387,2001389],"_links":{"self":[{"href":"https:\/\/eu.tilta.com\/es\/wp-json\/wp\/v2\/product\/2001383"}],"collection":[{"href":"https:\/\/eu.tilta.com\/es\/wp-json\/wp\/v2\/product"}],"about":[{"href":"https:\/\/eu.tilta.com\/es\/wp-json\/wp\/v2\/types\/product"}],"replies":[{"embeddable":true,"href":"https:\/\/eu.tilta.com\/es\/wp-json\/wp\/v2\/comments?post=2001383"}],"wp:featuredmedia":[{"embeddable":true,"href":"https:\/\/eu.tilta.com\/es\/wp-json\/wp\/v2\/media\/2001385"}],"wp:attachment":[{"href":"https:\/\/eu.tilta.com\/es\/wp-json\/wp\/v2\/media?parent=2001383"}],"wp:term":[{"taxonomy":"product_cat","embeddable":true,"href":"https:\/\/eu.tilta.com\/es\/wp-json\/wp\/v2\/product_cat?post=2001383"},{"taxonomy":"product_tag","embeddable":true,"href":"https:\/\/eu.tilta.com\/es\/wp-json\/wp\/v2\/product_tag?post=2001383"}],"curies":[{"name":"wp","href":"https:\/\/api.w.org\/{rel}","templated":true}]}}