{"id":2001398,"date":"2015-10-10T01:58:12","date_gmt":"2015-10-09T23:58:12","guid":{"rendered":"https:\/\/de.tilta.com\/shop\/caja-mate-de-fibra-de-carbono-6x6\/"},"modified":"2025-12-05T13:28:58","modified_gmt":"2025-12-05T12:28:58","slug":"6x6-carbon-fiber-matte-box-mb-t06","status":"publish","type":"product","link":"https:\/\/eu.tilta.com\/es\/shop\/6x6-carbon-fiber-matte-box-mb-t06\/","title":{"rendered":"Caja mate de fibra de carbono 6&#215;6"},"content":{"rendered":"<p>Esta caja mate de fibra de carbono de 6,6 x 6,6 tiene un dise\u00f1o abatible que facilita el cambio de objetivos. Est\u00e1 dise\u00f1ado para su uso en sistemas de varillas de estudio de 19 mm. Las tres etapas de filtrado de 6,6 x 6,6 permiten utilizar varios filtros a la vez, dos de los cuales son giratorios 360 grados. En el paquete se incluyen varias matrices duras que proporcionan cobertura antirreflejos para todas las distancias focales entre 16 mm y 180 mm. Si se combinan con las tres banderas francesas que tambi\u00e9n se incluyen, la cobertura de bengalas es casi infinita.<\/p>\n","protected":false},"excerpt":{"rendered":"<p>Esta caja mate de fibra de carbono de 6,6 x 6,6 tiene un dise\u00f1o abatible que facilita el cambio de objetivos. Est\u00e1 dise\u00f1ado para su uso en sistemas de varillas de estudio de 19 mm. Las tres etapas de filtrado [&hellip;]<\/p>\n","protected":false},"featured_media":0,"comment_status":"closed","ping_status":"closed","template":"","meta":[],"product_cat":[2861],"product_tag":[],"acf":[],"gallery_images":[394,392,393],"_links":{"self":[{"href":"https:\/\/eu.tilta.com\/es\/wp-json\/wp\/v2\/product\/2001398"}],"collection":[{"href":"https:\/\/eu.tilta.com\/es\/wp-json\/wp\/v2\/product"}],"about":[{"href":"https:\/\/eu.tilta.com\/es\/wp-json\/wp\/v2\/types\/product"}],"replies":[{"embeddable":true,"href":"https:\/\/eu.tilta.com\/es\/wp-json\/wp\/v2\/comments?post=2001398"}],"wp:attachment":[{"href":"https:\/\/eu.tilta.com\/es\/wp-json\/wp\/v2\/media?parent=2001398"}],"wp:term":[{"taxonomy":"product_cat","embeddable":true,"href":"https:\/\/eu.tilta.com\/es\/wp-json\/wp\/v2\/product_cat?post=2001398"},{"taxonomy":"product_tag","embeddable":true,"href":"https:\/\/eu.tilta.com\/es\/wp-json\/wp\/v2\/product_tag?post=2001398"}],"curies":[{"name":"wp","href":"https:\/\/api.w.org\/{rel}","templated":true}]}}