{"id":2001401,"date":"2015-10-12T02:31:11","date_gmt":"2015-10-12T00:31:11","guid":{"rendered":"https:\/\/de.tilta.com\/shop\/placa-de-cola-de-milano-estandar-arri-de-18\/"},"modified":"2025-12-05T13:28:58","modified_gmt":"2025-12-05T12:28:58","slug":"18-dovetail-plate-tt-c07-18","status":"publish","type":"product","link":"https:\/\/eu.tilta.com\/es\/shop\/18-dovetail-plate-tt-c07-18\/","title":{"rendered":"Placa de cola de milano est\u00e1ndar Arri de 18"},"content":{"rendered":"<p>Esta elegante y resistente cola de milano est\u00e1ndar Arri te permite montar tu equipo de c\u00e1mara de forma f\u00e1cil y c\u00f3moda utilizando cualquier placa base est\u00e1ndar Arri compatible. Los topes de la placa base est\u00e1n en ambos extremos para que puedas deslizar tu c\u00e1mara sobre la placa como quieras.<\/p>\n","protected":false},"excerpt":{"rendered":"<p>Esta elegante y resistente cola de milano est\u00e1ndar Arri te permite montar tu equipo de c\u00e1mara de forma f\u00e1cil y c\u00f3moda utilizando cualquier placa base est\u00e1ndar Arri compatible. Los topes de la placa base est\u00e1n en ambos extremos para que [&hellip;]<\/p>\n","protected":false},"featured_media":2001402,"comment_status":"closed","ping_status":"closed","template":"","meta":[],"product_cat":[2860],"product_tag":[],"acf":[],"gallery_images":[],"_links":{"self":[{"href":"https:\/\/eu.tilta.com\/es\/wp-json\/wp\/v2\/product\/2001401"}],"collection":[{"href":"https:\/\/eu.tilta.com\/es\/wp-json\/wp\/v2\/product"}],"about":[{"href":"https:\/\/eu.tilta.com\/es\/wp-json\/wp\/v2\/types\/product"}],"replies":[{"embeddable":true,"href":"https:\/\/eu.tilta.com\/es\/wp-json\/wp\/v2\/comments?post=2001401"}],"wp:featuredmedia":[{"embeddable":true,"href":"https:\/\/eu.tilta.com\/es\/wp-json\/wp\/v2\/media\/2001402"}],"wp:attachment":[{"href":"https:\/\/eu.tilta.com\/es\/wp-json\/wp\/v2\/media?parent=2001401"}],"wp:term":[{"taxonomy":"product_cat","embeddable":true,"href":"https:\/\/eu.tilta.com\/es\/wp-json\/wp\/v2\/product_cat?post=2001401"},{"taxonomy":"product_tag","embeddable":true,"href":"https:\/\/eu.tilta.com\/es\/wp-json\/wp\/v2\/product_tag?post=2001401"}],"curies":[{"name":"wp","href":"https:\/\/api.w.org\/{rel}","templated":true}]}}