{"id":2001407,"date":"2015-10-12T02:20:56","date_gmt":"2015-10-12T00:20:56","guid":{"rendered":"https:\/\/de.tilta.com\/shop\/placa-de-cola-de-milano-estandar-arri-de-12\/"},"modified":"2025-12-05T13:28:59","modified_gmt":"2025-12-05T12:28:59","slug":"12-dovetail-plate-tt-c07","status":"publish","type":"product","link":"https:\/\/eu.tilta.com\/es\/shop\/12-dovetail-plate-tt-c07\/","title":{"rendered":"Placa de cola de milano est\u00e1ndar Arri de 12"},"content":{"rendered":"<p>Esta elegante y resistente cola de milano est\u00e1ndar Arri te permite montar tu equipo de c\u00e1mara de forma f\u00e1cil y c\u00f3moda utilizando cualquier placa base est\u00e1ndar Arri compatible. Los topes de la placa base est\u00e1n en ambos extremos para que puedas deslizar tu c\u00e1mara sobre la placa como quieras.<\/p>\n","protected":false},"excerpt":{"rendered":"<p>Esta elegante y resistente cola de milano est\u00e1ndar Arri te permite montar tu equipo de c\u00e1mara de forma f\u00e1cil y c\u00f3moda utilizando cualquier placa base est\u00e1ndar Arri compatible. Los topes de la placa base est\u00e1n en ambos extremos para que [&hellip;]<\/p>\n","protected":false},"featured_media":2001408,"comment_status":"closed","ping_status":"closed","template":"","meta":[],"product_cat":[2750,2716,2812,2815,2816,2739,2721,2823,2733,2727,2728,2826,2827,2860],"product_tag":[2863,2862],"acf":[],"gallery_images":[],"_links":{"self":[{"href":"https:\/\/eu.tilta.com\/es\/wp-json\/wp\/v2\/product\/2001407"}],"collection":[{"href":"https:\/\/eu.tilta.com\/es\/wp-json\/wp\/v2\/product"}],"about":[{"href":"https:\/\/eu.tilta.com\/es\/wp-json\/wp\/v2\/types\/product"}],"replies":[{"embeddable":true,"href":"https:\/\/eu.tilta.com\/es\/wp-json\/wp\/v2\/comments?post=2001407"}],"wp:featuredmedia":[{"embeddable":true,"href":"https:\/\/eu.tilta.com\/es\/wp-json\/wp\/v2\/media\/2001408"}],"wp:attachment":[{"href":"https:\/\/eu.tilta.com\/es\/wp-json\/wp\/v2\/media?parent=2001407"}],"wp:term":[{"taxonomy":"product_cat","embeddable":true,"href":"https:\/\/eu.tilta.com\/es\/wp-json\/wp\/v2\/product_cat?post=2001407"},{"taxonomy":"product_tag","embeddable":true,"href":"https:\/\/eu.tilta.com\/es\/wp-json\/wp\/v2\/product_tag?post=2001407"}],"curies":[{"name":"wp","href":"https:\/\/api.w.org\/{rel}","templated":true}]}}