{"id":2001410,"date":"2015-10-12T00:31:56","date_gmt":"2015-10-11T22:31:56","guid":{"rendered":"https:\/\/de.tilta.com\/shop\/placa-de-cola-de-milano-ligera-estandar-tilta-de-10\/"},"modified":"2025-12-05T13:29:05","modified_gmt":"2025-12-05T12:29:05","slug":"10-lightweight-dovetail-plate-tt-c16","status":"publish","type":"product","link":"https:\/\/eu.tilta.com\/es\/shop\/10-lightweight-dovetail-plate-tt-c16\/","title":{"rendered":"Placa de cola de milano ligera est\u00e1ndar Tilta de 10"},"content":{"rendered":"<p>Esta cola de milano est\u00e1ndar Tilta ofrece mayor flexibilidad y seguridad al montar tu c\u00e1mara en diversos sistemas de soporte.<\/p>\n<p>Al igual que otras colas de milano, se puede montar en la mayor\u00eda de los sistemas de soporte, como cabezales de tr\u00edpode o gr\u00faas de c\u00e1mara, mediante tornillos de 1\/4&#8243;-20 y 3\/8&#8243;-16.<\/p>\n<p>La cola de milano Tilta presenta un riel \u00fanico en el que los sistemas de c\u00e1mara que utilizan placas base Tilta pueden deslizarse y bloquearse en varias posiciones.<\/p>\n<p>Esto te permite una mayor flexibilidad a la hora de equilibrar tu sistema de c\u00e1mara en un cabezal de tr\u00edpode para un manejo preciso y sencillo.<\/p>\n<p>El pasador de seguridad incorporado proporciona una seguridad adicional que es especialmente importante cuando se necesita una garant\u00eda extra, como al aparejar por encima de la cabeza.<\/p>\n<p>Cuando se combina con nuestro <a href=\"https:\/\/de.tilta.com\/shop\/15mm-dovetail-shoulder-mount-system-tt0506-a15\/\">Aparejo de hombro de cola de milano<\/a>, esta placa te permite cambiar r\u00e1pidamente entre disparos a pulso bloqueados o montados en el hombro.<\/p>\n<p>La cola de milano Tilta Standard es una opci\u00f3n ligera y de perfil bajo que complementa a la perfecci\u00f3n nuestras placas base Tiltaing y Tilta Standard.<\/p>\n<p>Disponible en negro o gris.<\/p>\n","protected":false},"excerpt":{"rendered":"<p>Esta cola de milano est\u00e1ndar Tilta ofrece mayor flexibilidad y seguridad al montar tu c\u00e1mara en diversos sistemas de soporte. Al igual que otras colas de milano, se puede montar en la mayor\u00eda de los sistemas de soporte, como cabezales [&hellip;]<\/p>\n","protected":false},"featured_media":2001411,"comment_status":"closed","ping_status":"closed","template":"","meta":[],"product_cat":[3899,3248,3386,2750,2749,2737,2719,2843,2844,2834,2842,2833,2831,2740,2735,2813,2814,2747,2839,2742,2817,2789,2829,2837,2739,2818,2790,2744,2830,2819,2820,2821,2822,2746,3153,2738,2723,2824,2836,2840,2745,2832,2786,2736,2828,2734,2733,2725,2775,2825,2731,2729,2730,2860,2864],"product_tag":[2863,2862],"acf":[],"gallery_images":[2001412,2001413],"_links":{"self":[{"href":"https:\/\/eu.tilta.com\/es\/wp-json\/wp\/v2\/product\/2001410"}],"collection":[{"href":"https:\/\/eu.tilta.com\/es\/wp-json\/wp\/v2\/product"}],"about":[{"href":"https:\/\/eu.tilta.com\/es\/wp-json\/wp\/v2\/types\/product"}],"replies":[{"embeddable":true,"href":"https:\/\/eu.tilta.com\/es\/wp-json\/wp\/v2\/comments?post=2001410"}],"wp:featuredmedia":[{"embeddable":true,"href":"https:\/\/eu.tilta.com\/es\/wp-json\/wp\/v2\/media\/2001411"}],"wp:attachment":[{"href":"https:\/\/eu.tilta.com\/es\/wp-json\/wp\/v2\/media?parent=2001410"}],"wp:term":[{"taxonomy":"product_cat","embeddable":true,"href":"https:\/\/eu.tilta.com\/es\/wp-json\/wp\/v2\/product_cat?post=2001410"},{"taxonomy":"product_tag","embeddable":true,"href":"https:\/\/eu.tilta.com\/es\/wp-json\/wp\/v2\/product_tag?post=2001410"}],"curies":[{"name":"wp","href":"https:\/\/api.w.org\/{rel}","templated":true}]}}