{"id":2001423,"date":"2015-10-12T04:01:55","date_gmt":"2015-10-12T02:01:55","guid":{"rendered":"https:\/\/de.tilta.com\/shop\/sistema-de-alimentacion-para-camaras-dslr-y-sin-espejo\/"},"modified":"2025-12-05T13:29:26","modified_gmt":"2025-12-05T12:29:26","slug":"dslr-power-supply-system-15mm-rod-adaptor-bt-003","status":"publish","type":"product","link":"https:\/\/eu.tilta.com\/es\/shop\/dslr-power-supply-system-15mm-rod-adaptor-bt-003\/","title":{"rendered":"Sistema de alimentaci\u00f3n para c\u00e1maras DSLR y sin espejo"},"content":{"rendered":"<p>Este sistema de alimentaci\u00f3n est\u00e1 dise\u00f1ado para permitir la alimentaci\u00f3n externa en c\u00e1maras DSLR y sin espejo. La placa de la bater\u00eda viene con una DC Hembra para Canon LP-E6 que se conecta a un cable de 8V DC que se enchufa en la placa para proporcionar energ\u00eda a tu c\u00e1mara. Se suministra montado en un adaptador de varilla LWS de 15 mm para su uso en sistemas de varilla LWS de 15 mm y viene en versiones de montura en V y montura dorada.<\/p>\n","protected":false},"excerpt":{"rendered":"<p>Este sistema de alimentaci\u00f3n est\u00e1 dise\u00f1ado para permitir la alimentaci\u00f3n externa en c\u00e1maras DSLR y sin espejo. La placa de la bater\u00eda viene con una DC Hembra para Canon LP-E6 que se conecta a un cable de 8V DC que [&hellip;]<\/p>\n","protected":false},"featured_media":2001424,"comment_status":"closed","ping_status":"closed","template":"","meta":[],"product_cat":[2868],"product_tag":[],"acf":[],"gallery_images":[2001425,2001426],"_links":{"self":[{"href":"https:\/\/eu.tilta.com\/es\/wp-json\/wp\/v2\/product\/2001423"}],"collection":[{"href":"https:\/\/eu.tilta.com\/es\/wp-json\/wp\/v2\/product"}],"about":[{"href":"https:\/\/eu.tilta.com\/es\/wp-json\/wp\/v2\/types\/product"}],"replies":[{"embeddable":true,"href":"https:\/\/eu.tilta.com\/es\/wp-json\/wp\/v2\/comments?post=2001423"}],"wp:featuredmedia":[{"embeddable":true,"href":"https:\/\/eu.tilta.com\/es\/wp-json\/wp\/v2\/media\/2001424"}],"wp:attachment":[{"href":"https:\/\/eu.tilta.com\/es\/wp-json\/wp\/v2\/media?parent=2001423"}],"wp:term":[{"taxonomy":"product_cat","embeddable":true,"href":"https:\/\/eu.tilta.com\/es\/wp-json\/wp\/v2\/product_cat?post=2001423"},{"taxonomy":"product_tag","embeddable":true,"href":"https:\/\/eu.tilta.com\/es\/wp-json\/wp\/v2\/product_tag?post=2001423"}],"curies":[{"name":"wp","href":"https:\/\/api.w.org\/{rel}","templated":true}]}}