{"id":2001434,"date":"2015-10-12T03:56:50","date_gmt":"2015-10-12T01:56:50","guid":{"rendered":"https:\/\/de.tilta.com\/shop\/sistema-de-alimentacion-bmcc%ef%bc%88v-cerradura\/"},"modified":"2025-12-05T13:29:11","modified_gmt":"2025-12-05T12:29:11","slug":"bmcc-power-supply-system-15mm-rod-adaptor","status":"publish","type":"product","link":"https:\/\/eu.tilta.com\/es\/shop\/bmcc-power-supply-system-15mm-rod-adaptor\/","title":{"rendered":"Sistema de alimentaci\u00f3n BMCC\uff08V cerradura)"},"content":{"rendered":"<p><!--Main Content --><\/p>\n<div class=\"slider-container\">\n<div id=\"gallery-1\" class=\"gallery galleryid-0 gallery-columns-3 gallery-size-thumbnail\">\n<figure class=\"gallery-item\">\n<div class=\"gallery-icon landscape\"><a href=\"https:\/\/tilta.com\/15-power-supply-system-copy01\/\"><img loading=\"lazy\" decoding=\"async\" class=\"attachment-thumbnail size-thumbnail\" src=\"https:\/\/tilta.com\/wp-content\/uploads\/2015\/10\/15-power-supply-system-copy01-260x260.png\" alt=\"\" width=\"260\" height=\"260\"><\/a><\/div>\n<\/figure>\n<figure class=\"gallery-item\">\n<div class=\"gallery-icon landscape\"><a href=\"https:\/\/tilta.com\/15-power-supply-system-02\/\"><img loading=\"lazy\" decoding=\"async\" class=\"attachment-thumbnail size-thumbnail\" src=\"https:\/\/tilta.com\/wp-content\/uploads\/2015\/10\/15-power-supply-system-02-260x260.png\" alt=\"\" width=\"260\" height=\"260\"><\/a><\/div>\n<\/figure>\n<\/div>\n<\/div>\n<section id=\"productfeatures\" class=\"group\">\n<hr>\n<p>El <b>sistema de alimentaci\u00f3n Tilta<\/b> con montura en V <b>para Blackmagic Cinema Camera<\/b> se monta r\u00e1pidamente en un sistema de varillas LWS de 15 mm y est\u00e1 dise\u00f1ado para proporcionar alimentaci\u00f3n a tus c\u00e1maras y otros dispositivos mientras te desplazas. El sistema incorpora una placa de bater\u00eda de montaje en V y salidas para coaxial de 12 V, 8 V y 5 V, as\u00ed como un puerto D-Tap de 14,8 V para alimentar tu C\u00e1mara Cinematogr\u00e1fica Blackmagic u otro equipo de 14,8 V CC.<\/p>\n<p>La placa utiliza un soporte de varilla LWS ajustable de 15 mm para fijarla f\u00e1cilmente a tu equipo y para ajustarla de plana a casi vertical. El sistema incluye un cable de alimentaci\u00f3n de 12 V, dos cables de alimentaci\u00f3n de 5 V, un cable de alimentaci\u00f3n de 7,2 V y una bater\u00eda ficticia de D-Tap a Blackmagic Cinema Camera.<\/p>\n<div class=\"page\" title=\"P\u00e1gina 1\">\n<div class=\"section\">\n<div class=\"layoutArea\">\n<div class=\"column\">\n<p>&nbsp;<\/p>\n<\/div>\n<\/div>\n<\/div>\n<\/div>\n<\/section>\n","protected":false},"excerpt":{"rendered":"<p>El sistema de alimentaci\u00f3n Tilta con montura en V para Blackmagic Cinema Camera se monta r\u00e1pidamente en un sistema de varillas LWS de 15 mm y est\u00e1 dise\u00f1ado para proporcionar alimentaci\u00f3n a tus c\u00e1maras y otros dispositivos mientras te desplazas. [&hellip;]<\/p>\n","protected":false},"featured_media":2001435,"comment_status":"closed","ping_status":"closed","template":"","meta":[],"product_cat":[2868,2852],"product_tag":[2871,2870,2869],"acf":[],"gallery_images":[],"_links":{"self":[{"href":"https:\/\/eu.tilta.com\/es\/wp-json\/wp\/v2\/product\/2001434"}],"collection":[{"href":"https:\/\/eu.tilta.com\/es\/wp-json\/wp\/v2\/product"}],"about":[{"href":"https:\/\/eu.tilta.com\/es\/wp-json\/wp\/v2\/types\/product"}],"replies":[{"embeddable":true,"href":"https:\/\/eu.tilta.com\/es\/wp-json\/wp\/v2\/comments?post=2001434"}],"wp:featuredmedia":[{"embeddable":true,"href":"https:\/\/eu.tilta.com\/es\/wp-json\/wp\/v2\/media\/2001435"}],"wp:attachment":[{"href":"https:\/\/eu.tilta.com\/es\/wp-json\/wp\/v2\/media?parent=2001434"}],"wp:term":[{"taxonomy":"product_cat","embeddable":true,"href":"https:\/\/eu.tilta.com\/es\/wp-json\/wp\/v2\/product_cat?post=2001434"},{"taxonomy":"product_tag","embeddable":true,"href":"https:\/\/eu.tilta.com\/es\/wp-json\/wp\/v2\/product_tag?post=2001434"}],"curies":[{"name":"wp","href":"https:\/\/api.w.org\/{rel}","templated":true}]}}