{"id":2001436,"date":"2017-04-05T12:52:01","date_gmt":"2017-04-05T10:52:01","guid":{"rendered":"https:\/\/de.tilta.com\/shop\/soporte-de-lente-lws-de-15-mm\/"},"modified":"2026-04-24T17:17:06","modified_gmt":"2026-04-24T15:17:06","slug":"15mm-lens-support-15mm-rod-adapter-ls-t03","status":"publish","type":"product","link":"https:\/\/eu.tilta.com\/es\/shop\/15mm-lens-support-15mm-rod-adapter-ls-t03\/","title":{"rendered":"Soporte de lente LWS de 15 mm"},"content":{"rendered":"<p>Este soporte para objetivos te proporciona estabilidad para tu objetivo, a la vez que es compatible con las varillas LWS de 15 mm.<\/p>\n<p>El pomo central ajustable te permite subir y bajar el soporte para asegurar firmemente tu objetivo.<\/p>\n<p>Tambi\u00e9n presenta un dise\u00f1o abierto en la forma de sujetarse a las barras, para que puedas colocarlo y retirarlo f\u00e1cilmente sin necesidad de quitar otros accesorios.<\/p>\n","protected":false},"excerpt":{"rendered":"<p>Este soporte para objetivos te proporciona estabilidad para tu objetivo, a la vez que es compatible con las varillas LWS de 15 mm. El pomo central ajustable te permite subir y bajar el soporte para asegurar firmemente tu objetivo. Tambi\u00e9n [&hellip;]<\/p>\n","protected":false},"featured_media":0,"comment_status":"closed","ping_status":"closed","template":"","meta":[],"product_cat":[2866,2865],"product_tag":[2862,2867],"acf":[],"gallery_images":[5241,5239],"_links":{"self":[{"href":"https:\/\/eu.tilta.com\/es\/wp-json\/wp\/v2\/product\/2001436"}],"collection":[{"href":"https:\/\/eu.tilta.com\/es\/wp-json\/wp\/v2\/product"}],"about":[{"href":"https:\/\/eu.tilta.com\/es\/wp-json\/wp\/v2\/types\/product"}],"replies":[{"embeddable":true,"href":"https:\/\/eu.tilta.com\/es\/wp-json\/wp\/v2\/comments?post=2001436"}],"wp:attachment":[{"href":"https:\/\/eu.tilta.com\/es\/wp-json\/wp\/v2\/media?parent=2001436"}],"wp:term":[{"taxonomy":"product_cat","embeddable":true,"href":"https:\/\/eu.tilta.com\/es\/wp-json\/wp\/v2\/product_cat?post=2001436"},{"taxonomy":"product_tag","embeddable":true,"href":"https:\/\/eu.tilta.com\/es\/wp-json\/wp\/v2\/product_tag?post=2001436"}],"curies":[{"name":"wp","href":"https:\/\/api.w.org\/{rel}","templated":true}]}}