{"id":2001440,"date":"2017-04-05T12:17:41","date_gmt":"2017-04-05T10:17:41","guid":{"rendered":"https:\/\/de.tilta.com\/shop\/adaptador-de-seguimiento-del-objetivo-fotografico\/"},"modified":"2025-12-05T13:29:13","modified_gmt":"2025-12-05T12:29:13","slug":"photographic-lens-follow-focus-adapter-fr-t03","status":"publish","type":"product","link":"https:\/\/eu.tilta.com\/es\/shop\/photographic-lens-follow-focus-adapter-fr-t03\/","title":{"rendered":"Adaptador de seguimiento del objetivo fotogr\u00e1fico"},"content":{"rendered":"<section id=\"productdescription\" class=\"group\">\n<h4><\/h4>\n<section id=\"productfeatures\" class=\"group\">\n<div class=\"page\" title=\"P\u00e1gina 1\">\n<div class=\"section\">\n<div class=\"layoutArea\">\n<div class=\"column\">\n<p>Este adaptador de seguimiento de enfoque te permite utilizar tu objetivo fotogr\u00e1fico DSLR con cualquiera de los sistemas de seguimiento de enfoque TILTA. S\u00f3lo tienes que atar el adaptador alrededor de la rueda de enfoque del objetivo fotogr\u00e1fico de la DSLR y ya puedes utilizar el objetivo fotogr\u00e1fico como un objetivo de cine compatible con el sistema de enfoque por seguimiento que desees.<\/p>\n<\/div>\n<\/div>\n<\/div>\n<\/div>\n<\/section>\n<\/section>\n<section id=\"technicaldetails\" class=\"group\"> <\/section>\n<p>&nbsp;<\/p>\n","protected":false},"excerpt":{"rendered":"<p>Este adaptador de seguimiento de enfoque te permite utilizar tu objetivo fotogr\u00e1fico DSLR con cualquiera de los sistemas de seguimiento de enfoque TILTA. S\u00f3lo tienes que atar el adaptador alrededor de la rueda de enfoque del objetivo fotogr\u00e1fico de la [&hellip;]<\/p>\n","protected":false},"featured_media":0,"comment_status":"closed","ping_status":"closed","template":"","meta":[],"product_cat":[2852],"product_tag":[],"acf":[],"gallery_images":[],"_links":{"self":[{"href":"https:\/\/eu.tilta.com\/es\/wp-json\/wp\/v2\/product\/2001440"}],"collection":[{"href":"https:\/\/eu.tilta.com\/es\/wp-json\/wp\/v2\/product"}],"about":[{"href":"https:\/\/eu.tilta.com\/es\/wp-json\/wp\/v2\/types\/product"}],"replies":[{"embeddable":true,"href":"https:\/\/eu.tilta.com\/es\/wp-json\/wp\/v2\/comments?post=2001440"}],"wp:attachment":[{"href":"https:\/\/eu.tilta.com\/es\/wp-json\/wp\/v2\/media?parent=2001440"}],"wp:term":[{"taxonomy":"product_cat","embeddable":true,"href":"https:\/\/eu.tilta.com\/es\/wp-json\/wp\/v2\/product_cat?post=2001440"},{"taxonomy":"product_tag","embeddable":true,"href":"https:\/\/eu.tilta.com\/es\/wp-json\/wp\/v2\/product_tag?post=2001440"}],"curies":[{"name":"wp","href":"https:\/\/api.w.org\/{rel}","templated":true}]}}