{"id":2001441,"date":"2017-04-05T12:03:45","date_gmt":"2017-04-05T10:03:45","guid":{"rendered":"https:\/\/de.tilta.com\/shop\/sistema-de-montura-de-hombro-de-cola-de-milano-de-19-mm\/"},"modified":"2025-12-05T13:29:14","modified_gmt":"2025-12-05T12:29:14","slug":"19mm-dovetail-shoulder-mount-system-tt-0506-a19","status":"publish","type":"product","link":"https:\/\/eu.tilta.com\/es\/shop\/19mm-dovetail-shoulder-mount-system-tt-0506-a19\/","title":{"rendered":"Sistema de montura de hombro de cola de milano de 19 mm"},"content":{"rendered":"<p><strong>LA VERSI\u00d3N DE 19 MM ES COMPATIBLE CON LAS PLACAS BASE EST\u00c1NDAR DE ARRI<\/strong><\/p>\n<p>Este Soporte de Hombro con Base de Cola de Milano es la soluci\u00f3n perfecta para el trabajo de c\u00e1mara en mano montado en el hombro con sistemas de c\u00e1mara que utilizan Placas Base Est\u00e1ndar ARRI.<\/p>\n<p>S\u00f3lo tienes que deslizar la c\u00e1mara sobre la placa de cola de milano ARRI Standard y ajustarla a la posici\u00f3n deseada antes de fijarla.<\/p>\n<p>La hombrera tambi\u00e9n se puede ajustar de forma independiente, lo que permite un equilibrio perfecto del sistema de c\u00e1mara sobre tu hombro.<\/p>\n<p>Los brazos ajustables y extensibles te permiten ajustar el \u00e1ngulo y la longitud de las empu\u00f1aduras para lograr la m\u00e1xima comodidad de manejo.<\/p>\n<p>Si se utiliza en combinaci\u00f3n con una <a href=\"https:\/\/de.tilta.com\/shop\/12-dovetail-plate-tt-c07\/\">cola de milano est\u00e1ndar ARRI,<\/a> podr\u00e1s pasar r\u00e1pidamente de un tr\u00edpode u otro sistema de soporte a una c\u00e1mara en mano montada en el hombro.<\/p>\n<p>Las placas base <a href=\"https:\/\/de.tilta.com\/shop\/19mm-tilta-studio-multi-functional-baseplate-tt-c06-d\/\">Tilta<\/a> se pueden adaptar para que funcionen con este soporte de hombro mediante nuestra <a href=\"https:\/\/de.tilta.com\/shop\/19mm-tilta-studio-multi-functional-baseplate-tt-c06-d\/\">placa base est\u00e1ndar Tilta a est\u00e1ndar ARRI<\/a>.<\/p>\n","protected":false},"excerpt":{"rendered":"<p>LA VERSI\u00d3N DE 19 MM ES COMPATIBLE CON LAS PLACAS BASE EST\u00c1NDAR DE ARRI Este Soporte de Hombro con Base de Cola de Milano es la soluci\u00f3n perfecta para el trabajo de c\u00e1mara en mano montado en el hombro con [&hellip;]<\/p>\n","protected":false},"featured_media":2001442,"comment_status":"closed","ping_status":"closed","template":"","meta":[],"product_cat":[2874],"product_tag":[],"acf":[],"gallery_images":[],"_links":{"self":[{"href":"https:\/\/eu.tilta.com\/es\/wp-json\/wp\/v2\/product\/2001441"}],"collection":[{"href":"https:\/\/eu.tilta.com\/es\/wp-json\/wp\/v2\/product"}],"about":[{"href":"https:\/\/eu.tilta.com\/es\/wp-json\/wp\/v2\/types\/product"}],"replies":[{"embeddable":true,"href":"https:\/\/eu.tilta.com\/es\/wp-json\/wp\/v2\/comments?post=2001441"}],"wp:featuredmedia":[{"embeddable":true,"href":"https:\/\/eu.tilta.com\/es\/wp-json\/wp\/v2\/media\/2001442"}],"wp:attachment":[{"href":"https:\/\/eu.tilta.com\/es\/wp-json\/wp\/v2\/media?parent=2001441"}],"wp:term":[{"taxonomy":"product_cat","embeddable":true,"href":"https:\/\/eu.tilta.com\/es\/wp-json\/wp\/v2\/product_cat?post=2001441"},{"taxonomy":"product_tag","embeddable":true,"href":"https:\/\/eu.tilta.com\/es\/wp-json\/wp\/v2\/product_tag?post=2001441"}],"curies":[{"name":"wp","href":"https:\/\/api.w.org\/{rel}","templated":true}]}}