{"id":2001449,"date":"2017-04-05T10:09:25","date_gmt":"2017-04-05T08:09:25","guid":{"rendered":"https:\/\/de.tilta.com\/shop\/sistema-de-empunadura-universal-pro\/"},"modified":"2025-12-05T13:29:26","modified_gmt":"2025-12-05T12:29:26","slug":"universal-pro-hand-grip-uh-t04uh-t04-15suh-t03","status":"publish","type":"product","link":"https:\/\/eu.tilta.com\/es\/shop\/universal-pro-hand-grip-uh-t04uh-t04-15suh-t03\/","title":{"rendered":"Sistema de empu\u00f1adura universal Pro"},"content":{"rendered":"<p>Este sistema de empu\u00f1adura universal de alta resistencia se sujeta directamente a las varillas de tu c\u00e1mara, lo que permite transiciones superr\u00e1pidas de la operaci\u00f3n montada en el hombro a otras monturas de c\u00e1mara y viceversa. Basta con encajar el puente en las varillas y bloquearlo mediante un tornillo de apriete. Este sistema se presenta en dos dise\u00f1os diferentes: uno que ofrece puntos de montaje para sistemas de varillas de estudio y LWS de 15 mm y otro que ofrece puntos de montaje para sistemas de varillas de estudio y LWS de 15 mm. Este dise\u00f1o a presi\u00f3n garantiza que no tendr\u00e1s que quitar los accesorios que ya est\u00e1n fijados a las varillas.<\/p>\n<p>El aparejo es extremadamente estable, s\u00f3lido y duradero. Las empu\u00f1aduras tienen espuma de alta densidad para mayor comodidad, apoyo y estabilidad, y tambi\u00e9n se pueden girar 360 grados mediante rosetas Arri Standard de acero inoxidable. Adem\u00e1s, el dise\u00f1o de tres articulaciones permite flexibilidad y comodidad al operador. Las asas extensibles de roseta se pueden ampliar para adaptarlas a tus necesidades.<\/p>\n","protected":false},"excerpt":{"rendered":"<p>Para utilizar con sistemas de varillas de 15 mm\/19 mm de soporte de objetivos y c\u00e1maras, para un montaje r\u00e1pido y sencillo de montajes al hombro con brazos de roseta extensibles.<\/p>\n","protected":false},"featured_media":2001450,"comment_status":"closed","ping_status":"closed","template":"","meta":[],"product_cat":[2876],"product_tag":[],"acf":[],"gallery_images":[],"_links":{"self":[{"href":"https:\/\/eu.tilta.com\/es\/wp-json\/wp\/v2\/product\/2001449"}],"collection":[{"href":"https:\/\/eu.tilta.com\/es\/wp-json\/wp\/v2\/product"}],"about":[{"href":"https:\/\/eu.tilta.com\/es\/wp-json\/wp\/v2\/types\/product"}],"replies":[{"embeddable":true,"href":"https:\/\/eu.tilta.com\/es\/wp-json\/wp\/v2\/comments?post=2001449"}],"wp:featuredmedia":[{"embeddable":true,"href":"https:\/\/eu.tilta.com\/es\/wp-json\/wp\/v2\/media\/2001450"}],"wp:attachment":[{"href":"https:\/\/eu.tilta.com\/es\/wp-json\/wp\/v2\/media?parent=2001449"}],"wp:term":[{"taxonomy":"product_cat","embeddable":true,"href":"https:\/\/eu.tilta.com\/es\/wp-json\/wp\/v2\/product_cat?post=2001449"},{"taxonomy":"product_tag","embeddable":true,"href":"https:\/\/eu.tilta.com\/es\/wp-json\/wp\/v2\/product_tag?post=2001449"}],"curies":[{"name":"wp","href":"https:\/\/api.w.org\/{rel}","templated":true}]}}