{"id":2001453,"date":"2017-04-04T14:36:32","date_gmt":"2017-04-04T12:36:32","guid":{"rendered":"https:\/\/de.tilta.com\/shop\/cine-follow-focus-unilateral\/"},"modified":"2025-12-05T13:29:16","modified_gmt":"2025-12-05T12:29:16","slug":"single-sided-cine-follow-focus-case-ff-t05","status":"publish","type":"product","link":"https:\/\/eu.tilta.com\/es\/shop\/single-sided-cine-follow-focus-case-ff-t05\/","title":{"rendered":"Cine Follow Focus unilateral"},"content":{"rendered":"<p>Este enfoque de seguimiento unilateral tiene una relaci\u00f3n de 1:1 entre el volante y el engranaje para conseguir tirones de enfoque extremadamente precisos.<\/p>\n<p>Se fija tanto a los soportes de varilla de 15 mm LWS como a los de 19 mm encajando en las varillas.<\/p>\n<p>Esto te permite ajustarla, montarla y desmontarla sin necesidad de retirar otros accesorios que tambi\u00e9n est\u00e1n montados en las varillas, como las cajas de mate y los soportes de objetivos.<\/p>\n<p>El engranaje est\u00e1 sujeto a una r\u00f3tula que te permite girarlo contra el objetivo para que quede bien ajustado.<\/p>\n<p>Tambi\u00e9n puedes deslizar toda la unidad de lado a lado, lo que te permite ajustarla f\u00e1cilmente para adaptarla a cualquier tama\u00f1o de objetivo.<\/p>\n","protected":false},"excerpt":{"rendered":"<p>Este enfoque de seguimiento unilateral tiene una relaci\u00f3n de 1:1 entre el volante y el engranaje para conseguir tirones de enfoque extremadamente precisos. Se fija tanto a los soportes de varilla de 15 mm LWS como a los de 19 [&hellip;]<\/p>\n","protected":false},"featured_media":0,"comment_status":"closed","ping_status":"closed","template":"","meta":[],"product_cat":[2872],"product_tag":[],"acf":[],"gallery_images":[],"_links":{"self":[{"href":"https:\/\/eu.tilta.com\/es\/wp-json\/wp\/v2\/product\/2001453"}],"collection":[{"href":"https:\/\/eu.tilta.com\/es\/wp-json\/wp\/v2\/product"}],"about":[{"href":"https:\/\/eu.tilta.com\/es\/wp-json\/wp\/v2\/types\/product"}],"replies":[{"embeddable":true,"href":"https:\/\/eu.tilta.com\/es\/wp-json\/wp\/v2\/comments?post=2001453"}],"wp:attachment":[{"href":"https:\/\/eu.tilta.com\/es\/wp-json\/wp\/v2\/media?parent=2001453"}],"wp:term":[{"taxonomy":"product_cat","embeddable":true,"href":"https:\/\/eu.tilta.com\/es\/wp-json\/wp\/v2\/product_cat?post=2001453"},{"taxonomy":"product_tag","embeddable":true,"href":"https:\/\/eu.tilta.com\/es\/wp-json\/wp\/v2\/product_tag?post=2001453"}],"curies":[{"name":"wp","href":"https:\/\/api.w.org\/{rel}","templated":true}]}}