{"id":2001454,"date":"2017-04-04T14:19:08","date_gmt":"2017-04-04T12:19:08","guid":{"rendered":"https:\/\/de.tilta.com\/shop\/placa-base-multifuncion-de-19-mm-de-studio-tilta-standard-a-arri-standard\/"},"modified":"2025-12-05T13:29:27","modified_gmt":"2025-12-05T12:29:27","slug":"19mm-tilta-studio-multi-functional-baseplate-tt-c06-d","status":"publish","type":"product","link":"https:\/\/eu.tilta.com\/es\/shop\/19mm-tilta-studio-multi-functional-baseplate-tt-c06-d\/","title":{"rendered":"Placa base multifunci\u00f3n de 19 mm de Studio Tilta Standard a Arri Standard"},"content":{"rendered":"<p>Esta placa base de estudio de 19 mm est\u00e1 dise\u00f1ada para adaptar una placa base est\u00e1ndar Tilta a una placa base est\u00e1ndar Arri, para que puedas utilizar tu equipo de c\u00e1mara en una cola de milano de tama\u00f1o est\u00e1ndar Arri.<\/p>\n<p>La secci\u00f3n superior de la placa base que permite esta funci\u00f3n tambi\u00e9n puede retirarse y sustituirse por una parte superior plana, lo que le permite funcionar como una placa base Arri normal de tama\u00f1o est\u00e1ndar.<\/p>\n<p>Utiliza un dise\u00f1o de superficie anodizado duro y est\u00e1 fresado mediante CNC a partir de una aleaci\u00f3n de aluminio 7075 de alto impacto, ligera y duradera.<\/p>\n","protected":false},"excerpt":{"rendered":"<p>Esta placa base de estudio de 19 mm est\u00e1 dise\u00f1ada para adaptar una placa base est\u00e1ndar Tilta a una placa base est\u00e1ndar Arri, para que puedas utilizar tu equipo de c\u00e1mara en una cola de milano de tama\u00f1o est\u00e1ndar Arri. [&hellip;]<\/p>\n","protected":false},"featured_media":2001455,"comment_status":"closed","ping_status":"closed","template":"","meta":[],"product_cat":[2750,2716,2812,2815,2816,2721,2823,2733,2727,2728,2826,2827,2877,2864],"product_tag":[2878,2862],"acf":[],"gallery_images":[2001456,2001457,2001458],"_links":{"self":[{"href":"https:\/\/eu.tilta.com\/es\/wp-json\/wp\/v2\/product\/2001454"}],"collection":[{"href":"https:\/\/eu.tilta.com\/es\/wp-json\/wp\/v2\/product"}],"about":[{"href":"https:\/\/eu.tilta.com\/es\/wp-json\/wp\/v2\/types\/product"}],"replies":[{"embeddable":true,"href":"https:\/\/eu.tilta.com\/es\/wp-json\/wp\/v2\/comments?post=2001454"}],"wp:featuredmedia":[{"embeddable":true,"href":"https:\/\/eu.tilta.com\/es\/wp-json\/wp\/v2\/media\/2001455"}],"wp:attachment":[{"href":"https:\/\/eu.tilta.com\/es\/wp-json\/wp\/v2\/media?parent=2001454"}],"wp:term":[{"taxonomy":"product_cat","embeddable":true,"href":"https:\/\/eu.tilta.com\/es\/wp-json\/wp\/v2\/product_cat?post=2001454"},{"taxonomy":"product_tag","embeddable":true,"href":"https:\/\/eu.tilta.com\/es\/wp-json\/wp\/v2\/product_tag?post=2001454"}],"curies":[{"name":"wp","href":"https:\/\/api.w.org\/{rel}","templated":true}]}}