{"id":2001477,"date":"2015-10-12T06:38:53","date_gmt":"2015-10-12T04:38:53","guid":{"rendered":"https:\/\/de.tilta.com\/shop\/soporte-de-objetivo-lws-pro-de-15-mm\/"},"modified":"2026-01-16T02:45:46","modified_gmt":"2026-01-16T01:45:46","slug":"15mm-lens-supporter-pro-ls-t05","status":"publish","type":"product","link":"https:\/\/eu.tilta.com\/es\/shop\/15mm-lens-supporter-pro-ls-t05\/","title":{"rendered":"Soporte de objetivo LWS Pro de 15 mm"},"content":{"rendered":"<p>Este soporte para objetivos te proporciona estabilidad para tu objetivo, a la vez que es compatible con las varillas LWS de 15 mm.<\/p>\n<p>El tornillo de soporte central se puede apretar con los dedos al soporte en &#8220;Y&#8221; y luego subirlo y bajarlo para que puedas fijar bien el objetivo.<\/p>\n<p>El tornillo central de 3\/8&#8243;-16 tambi\u00e9n se puede conectar directamente a tu objetivo y se puede adaptar a 1\/4&#8243;-20 mediante el Adaptador de 3\/8&#8243;-16 a 1\/4&#8243;-20.<\/p>\n<p>Tambi\u00e9n presenta un dise\u00f1o abierto en la forma de sujetarse a las barras, para que puedas colocarlo y retirarlo f\u00e1cilmente sin necesidad de quitar otros accesorios.<\/p>\n","protected":false},"excerpt":{"rendered":"<p>Este soporte para objetivos te proporciona estabilidad para tu objetivo, a la vez que es compatible con las varillas LWS de 15 mm. El tornillo de soporte central se puede apretar con los dedos al soporte en &#8220;Y&#8221; y luego [&hellip;]<\/p>\n","protected":false},"featured_media":2001478,"comment_status":"closed","ping_status":"closed","template":"","meta":[],"product_cat":[2750,2866,2865],"product_tag":[],"acf":[],"gallery_images":[2001479,2001480,2001481,2001482],"_links":{"self":[{"href":"https:\/\/eu.tilta.com\/es\/wp-json\/wp\/v2\/product\/2001477"}],"collection":[{"href":"https:\/\/eu.tilta.com\/es\/wp-json\/wp\/v2\/product"}],"about":[{"href":"https:\/\/eu.tilta.com\/es\/wp-json\/wp\/v2\/types\/product"}],"replies":[{"embeddable":true,"href":"https:\/\/eu.tilta.com\/es\/wp-json\/wp\/v2\/comments?post=2001477"}],"wp:featuredmedia":[{"embeddable":true,"href":"https:\/\/eu.tilta.com\/es\/wp-json\/wp\/v2\/media\/2001478"}],"wp:attachment":[{"href":"https:\/\/eu.tilta.com\/es\/wp-json\/wp\/v2\/media?parent=2001477"}],"wp:term":[{"taxonomy":"product_cat","embeddable":true,"href":"https:\/\/eu.tilta.com\/es\/wp-json\/wp\/v2\/product_cat?post=2001477"},{"taxonomy":"product_tag","embeddable":true,"href":"https:\/\/eu.tilta.com\/es\/wp-json\/wp\/v2\/product_tag?post=2001477"}],"curies":[{"name":"wp","href":"https:\/\/api.w.org\/{rel}","templated":true}]}}