{"id":2001488,"date":"2017-08-08T08:58:02","date_gmt":"2017-08-08T06:58:02","guid":{"rendered":"https:\/\/de.tilta.com\/shop\/empunadura-nucleus-m-izquierda\/"},"modified":"2025-12-05T13:29:21","modified_gmt":"2025-12-05T12:29:21","slug":"nucleus-m-handle-grip-left","status":"publish","type":"product","link":"https:\/\/eu.tilta.com\/es\/shop\/nucleus-m-handle-grip-left\/","title":{"rendered":"Empu\u00f1adura Nucleus-M (izquierda)"},"content":{"rendered":"<p>Esta empu\u00f1adura izquierda Nucleus M te permite controlar tus motores de enfoque inal\u00e1mbricos Nucleus M y Nucleus Nano.<\/p>\n<p>La empu\u00f1adura de la mano izquierda puede controlar un solo motor asignado por el Pomo Dedo CA. El par motor individual se puede cambiar desde el men\u00fa del mango.<\/p>\n<p>El arranque\/parada a distancia es posible enchufando un cable Nucleus-M R\/S compatible en el puerto abierto de 7 patillas de un motor. Esto te proporciona capacidades R\/S a trav\u00e9s del bot\u00f3n REC de la empu\u00f1adura.<\/p>\n<p>Se pueden crear topes A-B para el Pomo de los Dedos y se puede ajustar el lanzamiento para lanzamientos m\u00e1s cortos o m\u00e1s largos.<\/p>\n<p>Funciona con (2) pilas 18650 <strong>NO incluidas<\/strong>. El mango se puede alimentar mediante el puerto de 7 patillas de la c\u00e1mara.<\/p>\n<hr>\n","protected":false},"excerpt":{"rendered":"<p>Esta empu\u00f1adura izquierda Nucleus M te permite controlar tus motores de enfoque inal\u00e1mbricos Nucleus M y Nucleus Nano. La empu\u00f1adura de la mano izquierda puede controlar un solo motor asignado por el Pomo Dedo CA. El par motor individual se [&hellip;]<\/p>\n","protected":false},"featured_media":2001489,"comment_status":"closed","ping_status":"closed","template":"","meta":[],"product_cat":[2788],"product_tag":[],"acf":[],"gallery_images":[],"_links":{"self":[{"href":"https:\/\/eu.tilta.com\/es\/wp-json\/wp\/v2\/product\/2001488"}],"collection":[{"href":"https:\/\/eu.tilta.com\/es\/wp-json\/wp\/v2\/product"}],"about":[{"href":"https:\/\/eu.tilta.com\/es\/wp-json\/wp\/v2\/types\/product"}],"replies":[{"embeddable":true,"href":"https:\/\/eu.tilta.com\/es\/wp-json\/wp\/v2\/comments?post=2001488"}],"wp:featuredmedia":[{"embeddable":true,"href":"https:\/\/eu.tilta.com\/es\/wp-json\/wp\/v2\/media\/2001489"}],"wp:attachment":[{"href":"https:\/\/eu.tilta.com\/es\/wp-json\/wp\/v2\/media?parent=2001488"}],"wp:term":[{"taxonomy":"product_cat","embeddable":true,"href":"https:\/\/eu.tilta.com\/es\/wp-json\/wp\/v2\/product_cat?post=2001488"},{"taxonomy":"product_tag","embeddable":true,"href":"https:\/\/eu.tilta.com\/es\/wp-json\/wp\/v2\/product_tag?post=2001488"}],"curies":[{"name":"wp","href":"https:\/\/api.w.org\/{rel}","templated":true}]}}