{"id":2001513,"date":"2017-08-03T14:19:21","date_gmt":"2017-08-03T12:19:21","guid":{"rendered":"https:\/\/de.tilta.com\/shop\/maletin-de-seguridad-estanco-nucleus-m\/"},"modified":"2025-12-05T13:29:23","modified_gmt":"2025-12-05T12:29:23","slug":"nucleus-m-hard-shell-waterproof-safety-case","status":"publish","type":"product","link":"https:\/\/eu.tilta.com\/es\/shop\/nucleus-m-hard-shell-waterproof-safety-case\/","title":{"rendered":"Malet\u00edn de seguridad estanco Nucleus-M"},"content":{"rendered":"<p>Protege y guarda tu Nucleus-M: Sistema inal\u00e1mbrico de control del objetivo con este estuche de seguridad impermeable de tama\u00f1o de viaje. Los recortes de espuma a medida empaquetan herm\u00e9ticamente tu unidad Nucleus-M en la funda para ofrecer la m\u00e1xima protecci\u00f3n y portabilidad.<\/p>\n","protected":false},"excerpt":{"rendered":"<p>Protege y guarda tu Nucleus-M: Sistema inal\u00e1mbrico de control del objetivo con este estuche de seguridad impermeable de tama\u00f1o de viaje. Los recortes de espuma a medida empaquetan herm\u00e9ticamente tu unidad Nucleus-M en la funda para ofrecer la m\u00e1xima protecci\u00f3n [&hellip;]<\/p>\n","protected":false},"featured_media":2001516,"comment_status":"closed","ping_status":"closed","template":"","meta":[],"product_cat":[2788],"product_tag":[],"acf":[],"gallery_images":[2596],"_links":{"self":[{"href":"https:\/\/eu.tilta.com\/es\/wp-json\/wp\/v2\/product\/2001513"}],"collection":[{"href":"https:\/\/eu.tilta.com\/es\/wp-json\/wp\/v2\/product"}],"about":[{"href":"https:\/\/eu.tilta.com\/es\/wp-json\/wp\/v2\/types\/product"}],"replies":[{"embeddable":true,"href":"https:\/\/eu.tilta.com\/es\/wp-json\/wp\/v2\/comments?post=2001513"}],"wp:featuredmedia":[{"embeddable":true,"href":"https:\/\/eu.tilta.com\/es\/wp-json\/wp\/v2\/media\/2001516"}],"wp:attachment":[{"href":"https:\/\/eu.tilta.com\/es\/wp-json\/wp\/v2\/media?parent=2001513"}],"wp:term":[{"taxonomy":"product_cat","embeddable":true,"href":"https:\/\/eu.tilta.com\/es\/wp-json\/wp\/v2\/product_cat?post=2001513"},{"taxonomy":"product_tag","embeddable":true,"href":"https:\/\/eu.tilta.com\/es\/wp-json\/wp\/v2\/product_tag?post=2001513"}],"curies":[{"name":"wp","href":"https:\/\/api.w.org\/{rel}","templated":true}]}}