{"id":2001522,"date":"2017-07-24T19:20:04","date_gmt":"2017-07-24T17:20:04","guid":{"rendered":"https:\/\/de.tilta.com\/shop\/asa-derecha-de-madera-2-0-con-boton-r-s\/"},"modified":"2025-12-05T13:29:54","modified_gmt":"2025-12-05T12:29:54","slug":"right-side-handle-2-0-rs-button","status":"publish","type":"product","link":"https:\/\/eu.tilta.com\/es\/shop\/right-side-handle-2-0-rs-button\/","title":{"rendered":"Asa derecha de madera 2.0 con bot\u00f3n R\/S"},"content":{"rendered":"<p>Esta empu\u00f1adura tiene un dise\u00f1o ergon\u00f3mico para proporcionar la m\u00e1xima comodidad al manejar la c\u00e1mara en un rig de c\u00e1mara Tilta, en los cardanes Gravity G2 y G2X, o en una configuraci\u00f3n montada en el hombro mediante la conexi\u00f3n de roseta est\u00e1ndar Arri acoplada. Est\u00e1 tallada a mano en madera maciza de nogal negro y ensamblada con aleaci\u00f3n de aluminio de alta calidad fresada mediante CNC que integra un bot\u00f3n de Marcha\/Paro para que controles las funciones de grabaci\u00f3n de tu c\u00e1mara desde la palma de la mano mediante un cable R\/S opcional.<\/p>\n<p>Se necesita una bater\u00eda 14250 para usar con c\u00e1maras RED (no incluida)<\/p>\n","protected":false},"excerpt":{"rendered":"<p>Indica en la secci\u00f3n Notas qu\u00e9 cable R\/S deseas: Serie SONY A7, Serie PANASONIC GH, ARRI Alexa Mini, RED DSMC2<\/p>\n","protected":false},"featured_media":2001524,"comment_status":"closed","ping_status":"closed","template":"","meta":[],"product_cat":[2826,2886],"product_tag":[2889,2890,2888,2887,2862],"acf":[],"gallery_images":[],"_links":{"self":[{"href":"https:\/\/eu.tilta.com\/es\/wp-json\/wp\/v2\/product\/2001522"}],"collection":[{"href":"https:\/\/eu.tilta.com\/es\/wp-json\/wp\/v2\/product"}],"about":[{"href":"https:\/\/eu.tilta.com\/es\/wp-json\/wp\/v2\/types\/product"}],"replies":[{"embeddable":true,"href":"https:\/\/eu.tilta.com\/es\/wp-json\/wp\/v2\/comments?post=2001522"}],"wp:featuredmedia":[{"embeddable":true,"href":"https:\/\/eu.tilta.com\/es\/wp-json\/wp\/v2\/media\/2001524"}],"wp:attachment":[{"href":"https:\/\/eu.tilta.com\/es\/wp-json\/wp\/v2\/media?parent=2001522"}],"wp:term":[{"taxonomy":"product_cat","embeddable":true,"href":"https:\/\/eu.tilta.com\/es\/wp-json\/wp\/v2\/product_cat?post=2001522"},{"taxonomy":"product_tag","embeddable":true,"href":"https:\/\/eu.tilta.com\/es\/wp-json\/wp\/v2\/product_tag?post=2001522"}],"curies":[{"name":"wp","href":"https:\/\/api.w.org\/{rel}","templated":true}]}}