{"id":2001525,"date":"2017-07-31T12:50:33","date_gmt":"2017-07-31T10:50:33","guid":{"rendered":"https:\/\/de.tilta.com\/shop\/adaptadores-de-empunadura-a-cardan-nucleus-m\/"},"modified":"2026-04-30T10:00:18","modified_gmt":"2026-04-30T08:00:18","slug":"nucleus-m-handle-grip-mount-gimbal-adapter-lr","status":"publish","type":"product","link":"https:\/\/eu.tilta.com\/es\/shop\/nucleus-m-handle-grip-mount-gimbal-adapter-lr\/","title":{"rendered":"Adaptadores de empu\u00f1adura a card\u00e1n Nucleus-M"},"content":{"rendered":"<div class=\"overview-text\">\n<p>El Nucleus-M: Sistema inal\u00e1mbrico de control del objetivo se dise\u00f1\u00f3 con versatilidad. Con estos adaptadores, puedes conectar f\u00e1cilmente tus empu\u00f1aduras Nucleus-M a cardanes basados en empu\u00f1aduras superiores de 30 mm y 25 mm de di\u00e1metro.<\/p>\n<p>El paquete incluye dos adaptadores, uno para la empu\u00f1adura izquierda y otro para la derecha.<\/p>\n<\/div>\n","protected":false},"excerpt":{"rendered":"<p>El Nucleus-M: Sistema inal\u00e1mbrico de control del objetivo se dise\u00f1\u00f3 con versatilidad. Con estos adaptadores, puedes conectar f\u00e1cilmente tus empu\u00f1aduras Nucleus-M a cardanes basados en empu\u00f1aduras superiores de 30 mm y 25 mm de di\u00e1metro. El paquete incluye dos adaptadores, [&hellip;]<\/p>\n","protected":false},"featured_media":2001529,"comment_status":"closed","ping_status":"closed","template":"","meta":[],"product_cat":[2788],"product_tag":[],"acf":[],"gallery_images":[],"_links":{"self":[{"href":"https:\/\/eu.tilta.com\/es\/wp-json\/wp\/v2\/product\/2001525"}],"collection":[{"href":"https:\/\/eu.tilta.com\/es\/wp-json\/wp\/v2\/product"}],"about":[{"href":"https:\/\/eu.tilta.com\/es\/wp-json\/wp\/v2\/types\/product"}],"replies":[{"embeddable":true,"href":"https:\/\/eu.tilta.com\/es\/wp-json\/wp\/v2\/comments?post=2001525"}],"wp:featuredmedia":[{"embeddable":true,"href":"https:\/\/eu.tilta.com\/es\/wp-json\/wp\/v2\/media\/2001529"}],"wp:attachment":[{"href":"https:\/\/eu.tilta.com\/es\/wp-json\/wp\/v2\/media?parent=2001525"}],"wp:term":[{"taxonomy":"product_cat","embeddable":true,"href":"https:\/\/eu.tilta.com\/es\/wp-json\/wp\/v2\/product_cat?post=2001525"},{"taxonomy":"product_tag","embeddable":true,"href":"https:\/\/eu.tilta.com\/es\/wp-json\/wp\/v2\/product_tag?post=2001525"}],"curies":[{"name":"wp","href":"https:\/\/api.w.org\/{rel}","templated":true}]}}