{"id":2001542,"date":"2017-07-06T17:33:35","date_gmt":"2017-07-06T15:33:35","guid":{"rendered":"https:\/\/de.tilta.com\/shop\/bateria-ficticia-lp-e6-a-55-25-mm-cc-macho\/"},"modified":"2026-02-16T09:00:50","modified_gmt":"2026-02-16T08:00:50","slug":"g1-canon-dummy-battery-dc","status":"publish","type":"product","link":"https:\/\/eu.tilta.com\/es\/shop\/g1-canon-dummy-battery-dc\/","title":{"rendered":"Bater\u00eda ficticia LP-E6 a 5,5\/2,5 mm CC macho"},"content":{"rendered":"<p>Este cable de bater\u00eda ficticia Canon LP-E6 a CC macho de 5,5\/2,5 mm te permite alimentar c\u00e1maras que utilicen bater\u00edas Canon LP-E6, as\u00ed como accesorios basados en alimentaci\u00f3n Canon LP-E6, a trav\u00e9s de un puerto de alimentaci\u00f3n de CC de 5,5\/2,5 mm.<\/p>\n","protected":false},"excerpt":{"rendered":"<p>Este cable de bater\u00eda ficticia Canon LP-E6 a CC macho de 5,5\/2,5 mm te permite alimentar c\u00e1maras que utilicen bater\u00edas Canon LP-E6, as\u00ed como accesorios basados en alimentaci\u00f3n Canon LP-E6, a trav\u00e9s de un puerto de alimentaci\u00f3n de CC de [&hellip;]<\/p>\n","protected":false},"featured_media":2001543,"comment_status":"closed","ping_status":"closed","template":"","meta":[],"product_cat":[4448,2892,2943],"product_tag":[2890,2885,2887,2869],"acf":[],"gallery_images":[],"_links":{"self":[{"href":"https:\/\/eu.tilta.com\/es\/wp-json\/wp\/v2\/product\/2001542"}],"collection":[{"href":"https:\/\/eu.tilta.com\/es\/wp-json\/wp\/v2\/product"}],"about":[{"href":"https:\/\/eu.tilta.com\/es\/wp-json\/wp\/v2\/types\/product"}],"replies":[{"embeddable":true,"href":"https:\/\/eu.tilta.com\/es\/wp-json\/wp\/v2\/comments?post=2001542"}],"wp:featuredmedia":[{"embeddable":true,"href":"https:\/\/eu.tilta.com\/es\/wp-json\/wp\/v2\/media\/2001543"}],"wp:attachment":[{"href":"https:\/\/eu.tilta.com\/es\/wp-json\/wp\/v2\/media?parent=2001542"}],"wp:term":[{"taxonomy":"product_cat","embeddable":true,"href":"https:\/\/eu.tilta.com\/es\/wp-json\/wp\/v2\/product_cat?post=2001542"},{"taxonomy":"product_tag","embeddable":true,"href":"https:\/\/eu.tilta.com\/es\/wp-json\/wp\/v2\/product_tag?post=2001542"}],"curies":[{"name":"wp","href":"https:\/\/api.w.org\/{rel}","templated":true}]}}