{"id":2001549,"date":"2017-07-20T11:48:42","date_gmt":"2017-07-20T09:48:42","guid":{"rendered":"https:\/\/de.tilta.com\/shop\/nucleus-m-sistema-inalambrico-de-control-del-objetivo\/"},"modified":"2026-02-11T06:58:26","modified_gmt":"2026-02-11T05:58:26","slug":"nucleus-m-wireless-follow-focus","status":"publish","type":"product","link":"https:\/\/eu.tilta.com\/es\/shop\/nucleus-m-wireless-follow-focus\/","title":{"rendered":"Nucleus-M: Sistema inal\u00e1mbrico de control del objetivo"},"content":{"rendered":"<p>El Nucleus-M es un revolucionario sistema de control de objetivos inal\u00e1mbrico de 3 canales altamente personalizable.<\/p>\n<p>Te permite tener un control total del enfoque, el iris y el zoom en la unidad de mano FIZ o entre las dos empu\u00f1aduras inal\u00e1mbricas. Incluso puedes dividir el control de los canales entre la unidad manual y las empu\u00f1aduras inal\u00e1mbricas seg\u00fan te convenga con s\u00f3lo pulsar un bot\u00f3n.<\/p>\n<p>El alcance inal\u00e1mbrico tanto de la unidad manual como de las empu\u00f1aduras es de 300 metros.<\/p>\n<p>Las empu\u00f1aduras pueden fijarse a los soportes de roseta incluidos para el funcionamiento manual y tambi\u00e9n pueden fijarse a cardanes basados en barra superior con los <a href=\"https:\/\/de.tilta.com\/shop\/nucleus-m-handle-grip-mount-gimbal-adapter-lr\/\">adaptadores de empu\u00f1adura a card\u00e1n Nucleus-M<\/a> incluidos o a cardanes basados en anillo con los <a href=\"https:\/\/de.tilta.com\/shop\/nucleus-m-hand-grips-universal-gimbal-adapter-rosettes-lr\/\">adaptadores op<\/a>cionales <a href=\"https:\/\/de.tilta.com\/shop\/nucleus-m-hand-grips-universal-gimbal-adapter-rosettes-lr\/\">de empu\u00f1adura a card\u00e1n universal Nucleus-M<\/a>.<\/p>\n<p>Cada motor tiene su propio accionamiento integrado que se comunica directamente con la unidad manual y las empu\u00f1aduras. Esto evita la necesidad de montar un MDR independiente en tu equipo, lo que permite una configuraci\u00f3n m\u00e1s compacta de la c\u00e1mara y un tiempo de configuraci\u00f3n m\u00e1s r\u00e1pido.<\/p>\n<p>S\u00f3lo tienes que ajustar los motores y la unidad manual\/empu\u00f1aduras al mismo canal y tendr\u00e1s un control total.<\/p>\n<p>Los motores permiten la calibraci\u00f3n autom\u00e1tica del objetivo, as\u00ed como la calibraci\u00f3n manual si utilizas objetivos que no tienen topes finales duros en enfoque cercano e infinito.<\/p>\n<p>Los motores est\u00e1n dise\u00f1ados para sujetarse a <a href=\"https:\/\/de.tilta.com\/shop\/15mm-aluminum-rod\/\">varillas de<\/a> <a href=\"https:\/\/de.tilta.com\/shop\/19mm-rod\/\">19 mm<\/a> o <a href=\"https:\/\/de.tilta.com\/shop\/15mm-aluminum-rod\/\">15 mm<\/a> (con los casquillos de varilla incluidos). Este dise\u00f1o de abrazadera te permite acoplar y desacoplar f\u00e1cilmente los motores sin necesidad de retirar ning\u00fan otro accesorio de tu montaje.<\/p>\n<p>Cada motor lleva acoplado un engranaje de 0,8 mod., 35 dientes y 32 pasos, que es el tama\u00f1o de engranaje est\u00e1ndar para los objetivos de cine.  <strong>El par del Motor Nucleus-M a 14,8 V es de 2,5 N-m<\/strong><\/p>\n<p>Para alimentar los motores, s\u00f3lo es necesario utilizar un puerto de alimentaci\u00f3n de tu equipo de c\u00e1mara. S\u00f3lo tienes que enchufar el cable de alimentaci\u00f3n P-tap a uno de los motores y luego conectar en cadena el resto de los motores con los cables cortos de 7 patillas a 7 patillas.<\/p>\n<p><strong>Los motores pueden alimentarse a trav\u00e9s de una fuente de alimentaci\u00f3n que tenga una salida de tensi\u00f3n que oscile entre 7,2 V y 24 V.<\/strong><\/p>\n<p>La unidad manual y las empu\u00f1aduras funcionan cada una con dos pilas recargables 18650<strong> (pilas NO incluidas)<\/strong>. Cuando est\u00e1n totalmente cargadas, las pilas de las empu\u00f1aduras duran hasta 2 d\u00edas, mientras que en la unidad de mano duran hasta 10 horas.<\/p>\n<p>El arranque\/parada a distancia es posible enchufando un cable Nucleus-M R\/S compatible en el puerto abierto de 7 patillas de un motor. Esto te proporciona capacidades R\/S a trav\u00e9s de la unidad manual y\/o las empu\u00f1aduras.<\/p>\n<p><strong>** TEN EN CUENTA: Los cables R\/S que ofrecemos para nuestros mangos de madera NO SON compatibles con el Nucleus-M, ya que la ingenier\u00eda y las configuraciones de las patillas son completamente diferentes. Utilizar los cables R\/S con mango de madera no es seguro con el Nucleus-M.  <\/strong><\/p>\n<p><strong>Utiliza s\u00f3lo cables que hayamos desarrollado exclusivamente para el sistema Nucleus-M.  <\/strong><\/p>\n","protected":false},"excerpt":{"rendered":"<p>El Nucleus-M es un revolucionario sistema de control de objetivos inal\u00e1mbrico de 3 canales altamente personalizable. Te permite tener un control total del enfoque, el iris y el zoom en la unidad de mano FIZ o entre las dos empu\u00f1aduras [&hellip;]<\/p>\n","protected":false},"featured_media":2001550,"comment_status":"closed","ping_status":"closed","template":"","meta":[],"product_cat":[3230,2750,2716,2812,2815,2816,2721,3153,2823,2733,3151,2728,2826,2827,2788],"product_tag":[],"acf":[],"gallery_images":[2001508,2001551,2001552,2001489,2001502,2001553,2001554,2001555,2001556,2001557,2001558],"_links":{"self":[{"href":"https:\/\/eu.tilta.com\/es\/wp-json\/wp\/v2\/product\/2001549"}],"collection":[{"href":"https:\/\/eu.tilta.com\/es\/wp-json\/wp\/v2\/product"}],"about":[{"href":"https:\/\/eu.tilta.com\/es\/wp-json\/wp\/v2\/types\/product"}],"replies":[{"embeddable":true,"href":"https:\/\/eu.tilta.com\/es\/wp-json\/wp\/v2\/comments?post=2001549"}],"wp:featuredmedia":[{"embeddable":true,"href":"https:\/\/eu.tilta.com\/es\/wp-json\/wp\/v2\/media\/2001550"}],"wp:attachment":[{"href":"https:\/\/eu.tilta.com\/es\/wp-json\/wp\/v2\/media?parent=2001549"}],"wp:term":[{"taxonomy":"product_cat","embeddable":true,"href":"https:\/\/eu.tilta.com\/es\/wp-json\/wp\/v2\/product_cat?post=2001549"},{"taxonomy":"product_tag","embeddable":true,"href":"https:\/\/eu.tilta.com\/es\/wp-json\/wp\/v2\/product_tag?post=2001549"}],"curies":[{"name":"wp","href":"https:\/\/api.w.org\/{rel}","templated":true}]}}