{"id":2001645,"date":"2018-10-01T11:44:07","date_gmt":"2018-10-01T09:44:07","guid":{"rendered":"https:\/\/de.tilta.com\/shop\/cable-de-alimentacion-p-tap-a-arri-alexa-mini\/"},"modified":"2026-02-16T09:00:50","modified_gmt":"2026-02-16T08:00:50","slug":"p-tap-to-8-pin-alexa-mini-power-cable","status":"publish","type":"product","link":"https:\/\/eu.tilta.com\/es\/shop\/p-tap-to-8-pin-alexa-mini-power-cable\/","title":{"rendered":"Cable de alimentaci\u00f3n P-TAP a ARRI Alexa Mini"},"content":{"rendered":"<p>Este cable de alimentaci\u00f3n de P-tap a ARRI Alexa Mini se dise\u00f1\u00f3 para ser utilizado con (aunque no exclusivamente) la Placa de bater\u00eda universal Tilta. Te permite alimentar una c\u00e1mara ARRI Alexa Mini a trav\u00e9s del puerto de entrada de alimentaci\u00f3n Lemo de 8 patillas conectando este cable a un puerto de salida de alimentaci\u00f3n P-tap.<\/p>\n","protected":false},"excerpt":{"rendered":"<p>Este cable de alimentaci\u00f3n de P-tap a ARRI Alexa Mini se dise\u00f1\u00f3 para ser utilizado con (aunque no exclusivamente) la Placa de bater\u00eda universal Tilta. Te permite alimentar una c\u00e1mara ARRI Alexa Mini a trav\u00e9s del puerto de entrada de [&hellip;]<\/p>\n","protected":false},"featured_media":0,"comment_status":"closed","ping_status":"closed","template":"","meta":[],"product_cat":[4448,2891],"product_tag":[2869],"acf":[],"gallery_images":[],"_links":{"self":[{"href":"https:\/\/eu.tilta.com\/es\/wp-json\/wp\/v2\/product\/2001645"}],"collection":[{"href":"https:\/\/eu.tilta.com\/es\/wp-json\/wp\/v2\/product"}],"about":[{"href":"https:\/\/eu.tilta.com\/es\/wp-json\/wp\/v2\/types\/product"}],"replies":[{"embeddable":true,"href":"https:\/\/eu.tilta.com\/es\/wp-json\/wp\/v2\/comments?post=2001645"}],"wp:attachment":[{"href":"https:\/\/eu.tilta.com\/es\/wp-json\/wp\/v2\/media?parent=2001645"}],"wp:term":[{"taxonomy":"product_cat","embeddable":true,"href":"https:\/\/eu.tilta.com\/es\/wp-json\/wp\/v2\/product_cat?post=2001645"},{"taxonomy":"product_tag","embeddable":true,"href":"https:\/\/eu.tilta.com\/es\/wp-json\/wp\/v2\/product_tag?post=2001645"}],"curies":[{"name":"wp","href":"https:\/\/api.w.org\/{rel}","templated":true}]}}