{"id":2001692,"date":"2018-07-12T13:49:18","date_gmt":"2018-07-12T11:49:18","guid":{"rendered":"https:\/\/de.tilta.com\/shop\/cable-de-conexion-de-motor-a-motor-nucleus-m-de-7-patillas-a-7-patillas\/"},"modified":"2026-03-25T11:47:17","modified_gmt":"2026-03-25T10:47:17","slug":"nucleus-m-7-pin-to-7-pin-motor-to-motor-connection-cable","status":"publish","type":"product","link":"https:\/\/eu.tilta.com\/es\/shop\/nucleus-m-7-pin-to-7-pin-motor-to-motor-connection-cable\/","title":{"rendered":"Cable de conexi\u00f3n de motor a motor Nucleus-M de 7 patillas a 7 patillas"},"content":{"rendered":"<p>Este cable de alimentaci\u00f3n de 7 patillas a 7 patillas se utiliza para proporcionar un enlace en cadena entre dos motores de enfoque de seguimiento Nucleus-M que permite tanto la comunicaci\u00f3n como la distribuci\u00f3n de energ\u00eda entre los motores.<\/p>\n<p>Ten en cuenta que se necesita un cable de P a 7 patillas o de 3 patillas a 7 patillas para alimentar primero uno de los motores antes de que este cable transfiera la alimentaci\u00f3n y la informaci\u00f3n a otro motor. Est\u00e1 disponible en longitudes de 18 cm o 55 cm.<\/p>\n","protected":false},"excerpt":{"rendered":"<p>Este cable de alimentaci\u00f3n de 7 patillas a 7 patillas se utiliza para proporcionar un enlace en cadena entre dos motores de enfoque de seguimiento Nucleus-M que permite tanto la comunicaci\u00f3n como la distribuci\u00f3n de energ\u00eda entre los motores. Ten [&hellip;]<\/p>\n","protected":false},"featured_media":2001693,"comment_status":"closed","ping_status":"closed","template":"","meta":[],"product_cat":[2788,2853],"product_tag":[2882,2885,2869],"acf":[],"gallery_images":[],"_links":{"self":[{"href":"https:\/\/eu.tilta.com\/es\/wp-json\/wp\/v2\/product\/2001692"}],"collection":[{"href":"https:\/\/eu.tilta.com\/es\/wp-json\/wp\/v2\/product"}],"about":[{"href":"https:\/\/eu.tilta.com\/es\/wp-json\/wp\/v2\/types\/product"}],"replies":[{"embeddable":true,"href":"https:\/\/eu.tilta.com\/es\/wp-json\/wp\/v2\/comments?post=2001692"}],"wp:featuredmedia":[{"embeddable":true,"href":"https:\/\/eu.tilta.com\/es\/wp-json\/wp\/v2\/media\/2001693"}],"wp:attachment":[{"href":"https:\/\/eu.tilta.com\/es\/wp-json\/wp\/v2\/media?parent=2001692"}],"wp:term":[{"taxonomy":"product_cat","embeddable":true,"href":"https:\/\/eu.tilta.com\/es\/wp-json\/wp\/v2\/product_cat?post=2001692"},{"taxonomy":"product_tag","embeddable":true,"href":"https:\/\/eu.tilta.com\/es\/wp-json\/wp\/v2\/product_tag?post=2001692"}],"curies":[{"name":"wp","href":"https:\/\/api.w.org\/{rel}","templated":true}]}}