{"id":2001706,"date":"2018-07-11T18:18:55","date_gmt":"2018-07-11T16:18:55","guid":{"rendered":"https:\/\/de.tilta.com\/shop\/cables-run-stop-nucleus-m\/"},"modified":"2026-02-11T06:58:26","modified_gmt":"2026-02-11T05:58:26","slug":"nucleus-m-run-stop-cables","status":"publish","type":"product","link":"https:\/\/eu.tilta.com\/es\/shop\/nucleus-m-run-stop-cables\/","title":{"rendered":"Cables Run\/Stop Nucleus-M"},"content":{"rendered":"<p>Estos cables para el Nucleus-M te proporcionan funciones de ejecuci\u00f3n\/parada en los sistemas de c\u00e1mara que lo admiten. S\u00f3lo tienes que conectar el extremo de 7 patillas del cable a uno de los motores y el otro extremo al puerto R\/S de la c\u00e1mara.<\/p>\n<p>Ten en cuenta que este cable se dise\u00f1\u00f3 espec\u00edficamente para el Nucleus-M, por lo que la funci\u00f3n R\/S s\u00f3lo funciona con la unidad manual y las empu\u00f1aduras propias del Nucleus-M.<\/p>\n<p>&nbsp;<\/p>\n","protected":false},"excerpt":{"rendered":"<p>Estos cables para el Nucleus-M te proporcionan funciones de ejecuci\u00f3n\/parada en los sistemas de c\u00e1mara que lo admiten. S\u00f3lo tienes que conectar el extremo de 7 patillas del cable a uno de los motores y el otro extremo al puerto [&hellip;]<\/p>\n","protected":false},"featured_media":0,"comment_status":"closed","ping_status":"closed","template":"","meta":[],"product_cat":[2716,2812,2815,2816,2721,2738,3153,2823,2733,2727,2728,2826,2827,2788,2776,2943],"product_tag":[2882,2885],"acf":[],"gallery_images":[],"_links":{"self":[{"href":"https:\/\/eu.tilta.com\/es\/wp-json\/wp\/v2\/product\/2001706"}],"collection":[{"href":"https:\/\/eu.tilta.com\/es\/wp-json\/wp\/v2\/product"}],"about":[{"href":"https:\/\/eu.tilta.com\/es\/wp-json\/wp\/v2\/types\/product"}],"replies":[{"embeddable":true,"href":"https:\/\/eu.tilta.com\/es\/wp-json\/wp\/v2\/comments?post=2001706"}],"wp:attachment":[{"href":"https:\/\/eu.tilta.com\/es\/wp-json\/wp\/v2\/media?parent=2001706"}],"wp:term":[{"taxonomy":"product_cat","embeddable":true,"href":"https:\/\/eu.tilta.com\/es\/wp-json\/wp\/v2\/product_cat?post=2001706"},{"taxonomy":"product_tag","embeddable":true,"href":"https:\/\/eu.tilta.com\/es\/wp-json\/wp\/v2\/product_tag?post=2001706"}],"curies":[{"name":"wp","href":"https:\/\/api.w.org\/{rel}","templated":true}]}}