{"id":2001739,"date":"2018-03-19T18:15:12","date_gmt":"2018-03-19T17:15:12","guid":{"rendered":"https:\/\/de.tilta.com\/shop\/asa-izquierda-de-madera-2-0\/"},"modified":"2025-12-05T13:30:35","modified_gmt":"2025-12-05T12:30:35","slug":"left-side-wooden-handle-2-0","status":"publish","type":"product","link":"https:\/\/eu.tilta.com\/es\/shop\/left-side-wooden-handle-2-0\/","title":{"rendered":"Asa izquierda de madera 2.0"},"content":{"rendered":"<p>Esta empu\u00f1adura tiene un dise\u00f1o ergon\u00f3mico para proporcionar la m\u00e1xima comodidad al manejar la c\u00e1mara en un rig de c\u00e1mara Tilta, en los cardanes Gravity G2 y G2X, o en una configuraci\u00f3n montada en el hombro mediante la roseta est\u00e1ndar Arri acoplada. Est\u00e1 tallada a mano en madera maciza y ensamblada con aleaci\u00f3n de aluminio de alta calidad fresada con CNC.<\/p>\n","protected":false},"excerpt":{"rendered":"<p>Esta empu\u00f1adura tiene un dise\u00f1o ergon\u00f3mico para proporcionar la m\u00e1xima comodidad al manejar la c\u00e1mara en un rig de c\u00e1mara Tilta, en los cardanes Gravity G2 y G2X, o en una configuraci\u00f3n montada en el hombro mediante la roseta est\u00e1ndar [&hellip;]<\/p>\n","protected":false},"featured_media":0,"comment_status":"closed","ping_status":"closed","template":"","meta":[],"product_cat":[2826,2886],"product_tag":[2889,2890,2888,2887,2862],"acf":[],"gallery_images":[3512],"_links":{"self":[{"href":"https:\/\/eu.tilta.com\/es\/wp-json\/wp\/v2\/product\/2001739"}],"collection":[{"href":"https:\/\/eu.tilta.com\/es\/wp-json\/wp\/v2\/product"}],"about":[{"href":"https:\/\/eu.tilta.com\/es\/wp-json\/wp\/v2\/types\/product"}],"replies":[{"embeddable":true,"href":"https:\/\/eu.tilta.com\/es\/wp-json\/wp\/v2\/comments?post=2001739"}],"wp:attachment":[{"href":"https:\/\/eu.tilta.com\/es\/wp-json\/wp\/v2\/media?parent=2001739"}],"wp:term":[{"taxonomy":"product_cat","embeddable":true,"href":"https:\/\/eu.tilta.com\/es\/wp-json\/wp\/v2\/product_cat?post=2001739"},{"taxonomy":"product_tag","embeddable":true,"href":"https:\/\/eu.tilta.com\/es\/wp-json\/wp\/v2\/product_tag?post=2001739"}],"curies":[{"name":"wp","href":"https:\/\/api.w.org\/{rel}","templated":true}]}}