{"id":2001743,"date":"2019-01-07T15:46:03","date_gmt":"2019-01-07T14:46:03","guid":{"rendered":"https:\/\/de.tilta.com\/shop\/cable-p-tap-a-55-25-mm-dc-macho\/"},"modified":"2025-12-05T13:30:36","modified_gmt":"2025-12-05T12:30:36","slug":"p-tap-to-5-5-2-5mm-dc-male-cable","status":"publish","type":"product","link":"https:\/\/eu.tilta.com\/es\/shop\/p-tap-to-5-5-2-5mm-dc-male-cable\/","title":{"rendered":"Cable P-TAP a 5,5\/2,5 mm DC Macho"},"content":{"rendered":"<p>Este cable de alimentaci\u00f3n de P-tap a 5,5\/2,5 mm CC macho se dise\u00f1\u00f3 para utilizarlo con (aunque no exclusivamente) la Placa de bater\u00eda universal Tilta. Te permite alimentar accesorios basados en corriente continua a trav\u00e9s de un puerto de alimentaci\u00f3n P-tap.<\/p>\n","protected":false},"excerpt":{"rendered":"<p>Este cable de alimentaci\u00f3n de P-tap a 5,5\/2,5 mm CC macho se dise\u00f1\u00f3 para utilizarlo con (aunque no exclusivamente) la Placa de bater\u00eda universal Tilta. Te permite alimentar accesorios basados en corriente continua a trav\u00e9s de un puerto de alimentaci\u00f3n [&hellip;]<\/p>\n","protected":false},"featured_media":2001744,"comment_status":"closed","ping_status":"closed","template":"","meta":[],"product_cat":[2891],"product_tag":[],"acf":[],"gallery_images":[2001745],"_links":{"self":[{"href":"https:\/\/eu.tilta.com\/es\/wp-json\/wp\/v2\/product\/2001743"}],"collection":[{"href":"https:\/\/eu.tilta.com\/es\/wp-json\/wp\/v2\/product"}],"about":[{"href":"https:\/\/eu.tilta.com\/es\/wp-json\/wp\/v2\/types\/product"}],"replies":[{"embeddable":true,"href":"https:\/\/eu.tilta.com\/es\/wp-json\/wp\/v2\/comments?post=2001743"}],"wp:featuredmedia":[{"embeddable":true,"href":"https:\/\/eu.tilta.com\/es\/wp-json\/wp\/v2\/media\/2001744"}],"wp:attachment":[{"href":"https:\/\/eu.tilta.com\/es\/wp-json\/wp\/v2\/media?parent=2001743"}],"wp:term":[{"taxonomy":"product_cat","embeddable":true,"href":"https:\/\/eu.tilta.com\/es\/wp-json\/wp\/v2\/product_cat?post=2001743"},{"taxonomy":"product_tag","embeddable":true,"href":"https:\/\/eu.tilta.com\/es\/wp-json\/wp\/v2\/product_tag?post=2001743"}],"curies":[{"name":"wp","href":"https:\/\/api.w.org\/{rel}","templated":true}]}}