{"id":2001758,"date":"2019-01-07T10:28:32","date_gmt":"2019-01-07T09:28:32","guid":{"rendered":"https:\/\/de.tilta.com\/shop\/cable-fischer-de-3-patillas-a-fischer-de-3-patillas\/"},"modified":"2025-12-05T13:30:37","modified_gmt":"2025-12-05T12:30:37","slug":"3-pin-fischer-to-3-pin-fischer-cable","status":"publish","type":"product","link":"https:\/\/eu.tilta.com\/es\/shop\/3-pin-fischer-to-3-pin-fischer-cable\/","title":{"rendered":"Cable Fischer de 3 patillas a Fischer de 3 patillas"},"content":{"rendered":"<p>Este cable de alimentaci\u00f3n de Fischer de 3 patillas a Fischer de 3 patillas te permite alimentar accesorios basados en Fischer de 3 patillas a trav\u00e9s de un puerto de alimentaci\u00f3n Fischer de 3 patillas de tu equipo fotogr\u00e1fico. Esto evita la necesidad de utilizar pilas adicionales para alimentar tus accesorios y, en su lugar, utiliza la fuente de alimentaci\u00f3n principal que tambi\u00e9n alimenta tu c\u00e1mara, manteniendo un factor de forma peque\u00f1o para la configuraci\u00f3n de tu c\u00e1mara.<\/p>\n","protected":false},"excerpt":{"rendered":"<p>Este cable de alimentaci\u00f3n de Fischer de 3 patillas a Fischer de 3 patillas te permite alimentar accesorios basados en Fischer de 3 patillas a trav\u00e9s de un puerto de alimentaci\u00f3n Fischer de 3 patillas de tu equipo fotogr\u00e1fico. Esto [&hellip;]<\/p>\n","protected":false},"featured_media":2001759,"comment_status":"closed","ping_status":"closed","template":"","meta":[],"product_cat":[2891],"product_tag":[],"acf":[],"gallery_images":[10885],"_links":{"self":[{"href":"https:\/\/eu.tilta.com\/es\/wp-json\/wp\/v2\/product\/2001758"}],"collection":[{"href":"https:\/\/eu.tilta.com\/es\/wp-json\/wp\/v2\/product"}],"about":[{"href":"https:\/\/eu.tilta.com\/es\/wp-json\/wp\/v2\/types\/product"}],"replies":[{"embeddable":true,"href":"https:\/\/eu.tilta.com\/es\/wp-json\/wp\/v2\/comments?post=2001758"}],"wp:featuredmedia":[{"embeddable":true,"href":"https:\/\/eu.tilta.com\/es\/wp-json\/wp\/v2\/media\/2001759"}],"wp:attachment":[{"href":"https:\/\/eu.tilta.com\/es\/wp-json\/wp\/v2\/media?parent=2001758"}],"wp:term":[{"taxonomy":"product_cat","embeddable":true,"href":"https:\/\/eu.tilta.com\/es\/wp-json\/wp\/v2\/product_cat?post=2001758"},{"taxonomy":"product_tag","embeddable":true,"href":"https:\/\/eu.tilta.com\/es\/wp-json\/wp\/v2\/product_tag?post=2001758"}],"curies":[{"name":"wp","href":"https:\/\/api.w.org\/{rel}","templated":true}]}}